{"id":756056,"date":"2025-08-28T06:57:02","date_gmt":"2025-08-28T03:57:02","guid":{"rendered":"https:\/\/roveyayinevi.com.tr\/index.php\/urun\/natinonal-geographic-kids-arkeolog-kimdir\/"},"modified":"2026-04-16T03:09:27","modified_gmt":"2026-04-16T00:09:27","slug":"natinonal-geographic-kids-arkeolog-kimdir","status":"publish","type":"product","link":"https:\/\/roveyayinevi.com.tr\/index.php\/urun\/natinonal-geographic-kids-arkeolog-kimdir\/","title":{"rendered":"NATINONAL GEOGRAPHIC KIDS &#8211; ARKEOLOG K\u0130MD\u0130R ?"},"content":{"rendered":"<p>National Geographic, bilim, ara\u015ft\u0131rma, e\u011fitim ve hik\u00e2ye anlatma g\u00fcc\u00fcn\u00fc d\u00fcnyam\u0131z\u0131n harikalar\u0131n\u0131 ayd\u0131nlatmak ve korumak i\u00e7in kullan\u0131r.\u00c7ocuklar, \u00e7evrelerindeki d\u00fcnya hakk\u0131nda do\u011fu\u015ftan merakl\u0131d\u0131r. Merak ise \u00e7ocuklar\u0131 okumalar\u0131 ve \u00f6\u011frenmeleri i\u00e7in motive eder. National Geographic Okuma Serisi\u2019ndeki ilgi \u00e7ekici ve bilgilendirici kitaplar, \u00e7ocuklar\u0131n okuduklar\u0131n\u0131 anlamas\u0131na yard\u0131mc\u0131 olurken, ya\u015fad\u0131\u011f\u0131m\u0131z d\u00fcnya hakk\u0131nda daha fazla \u015fey \u00f6\u011frenmelerini sa\u011flar. Ara\u015ft\u0131rmalar, okul hayat\u0131 boyunca bilgilendirici kitaplar okuman\u0131n ba\u015far\u0131 i\u00e7in \u00e7ok \u00f6nemli oldu\u011funu g\u00f6stermi\u015ftir.Seviye 3 kitaplar\u0131 kendi ba\u015flar\u0131na ak\u0131c\u0131 olarak okuyan ve yeni s\u00f6zc\u00fcklere uzun c\u00fcmlelere haz\u0131r olan \u00e7ocuklar i\u00e7indir.<\/p>\n","protected":false},"excerpt":{"rendered":"<p>National Geographic, bilim, ara\u015ft\u0131rma, e\u011fitim ve hik\u00e2ye anlatma g\u00fcc\u00fcn\u00fc d\u00fcnyam\u0131z\u0131n harikalar\u0131n\u0131 ayd\u0131nlatmak ve korumak i\u00e7in kullan\u0131r.\u00c7ocuklar, \u00e7evrelerindeki d\u00fcnya hakk\u0131nda do\u011fu\u015ftan merakl\u0131d\u0131r. Merak ise \u00e7ocuklar\u0131 okumalar\u0131 ve<span class=\"excerpt-hellip\"> [\u2026]<\/span><\/p>\n","protected":false},"featured_media":0,"template":"","meta":{"_monsterinsights_skip_tracking":false,"_monsterinsights_sitenote_active":false,"_monsterinsights_sitenote_note":"","_monsterinsights_sitenote_category":0},"product_brand":[],"product_cat":[13829,12274],"product_tag":[],"class_list":{"0":"post-756056","1":"product","2":"type-product","3":"status-publish","5":"product_cat-bilimsel-kitaplar","6":"product_cat-cocuk-ve-genclik-kitaplari","7":"pa_cilt-ciltsiz","8":"pa_tur-kitap","9":"pa_yayinevi-beta-kids","10":"pa_yazar-libby-romero","12":"first","13":"instock","14":"sale","15":"shipping-taxable","16":"purchasable","17":"product-type-simple"},"_links":{"self":[{"href":"https:\/\/roveyayinevi.com.tr\/index.php\/wp-json\/wp\/v2\/product\/756056","targetHints":{"allow":["GET"]}}],"collection":[{"href":"https:\/\/roveyayinevi.com.tr\/index.php\/wp-json\/wp\/v2\/product"}],"about":[{"href":"https:\/\/roveyayinevi.com.tr\/index.php\/wp-json\/wp\/v2\/types\/product"}],"wp:attachment":[{"href":"https:\/\/roveyayinevi.com.tr\/index.php\/wp-json\/wp\/v2\/media?parent=756056"}],"wp:term":[{"taxonomy":"product_brand","embeddable":true,"href":"https:\/\/roveyayinevi.com.tr\/index.php\/wp-json\/wp\/v2\/product_brand?post=756056"},{"taxonomy":"product_cat","embeddable":true,"href":"https:\/\/roveyayinevi.com.tr\/index.php\/wp-json\/wp\/v2\/product_cat?post=756056"},{"taxonomy":"product_tag","embeddable":true,"href":"https:\/\/roveyayinevi.com.tr\/index.php\/wp-json\/wp\/v2\/product_tag?post=756056"}],"curies":[{"name":"wp","href":"https:\/\/api.w.org\/{rel}","templated":true}]}}