{"id":756045,"date":"2025-08-28T06:56:45","date_gmt":"2025-08-28T03:56:45","guid":{"rendered":"https:\/\/roveyayinevi.com.tr\/index.php\/urun\/kediler-national-geographic-kids\/"},"modified":"2026-04-16T03:09:27","modified_gmt":"2026-04-16T00:09:27","slug":"kediler-national-geographic-kids","status":"publish","type":"product","link":"https:\/\/roveyayinevi.com.tr\/index.php\/urun\/kediler-national-geographic-kids\/","title":{"rendered":"Kediler &#8211; National Geographic Kids"},"content":{"rendered":"<p>Miyav! Kedilerin b\u00fcy\u00fcleyici d\u00fcnyas\u0131n\u0131 ke\u015ffetmeye haz\u0131r olun! National Geographic Okuma serisinden bu Seviye 1 kitab\u0131, \u00e7ocuklar\u0131 sevimli kediciklerle tan\u0131\u015ft\u0131r\u0131yor. Renkli foto\u011fraflar ve kolay anla\u015f\u0131l\u0131r metinlerle dolu bu kitapta onlar\u0131n \u00f6zelliklerini, al\u0131\u015fkanl\u0131klar\u0131n\u0131 ve davran\u0131\u015flar\u0131n\u0131 \u00f6\u011frenin. Kedilerin t\u0131rmanma, z\u0131plama ve m\u0131rlama gibi \u015fa\u015f\u0131rt\u0131c\u0131 yeteneklerini ke\u015ffedin. Bir yeti\u015fkin ile okumak i\u00e7in \u00f6zel olarak tasarlanm\u0131\u015f olan bu kitapla \u00e7ocuklar yeni kelimeler \u00f6\u011frenirken kedilerin d\u00fcnyas\u0131na ad\u0131m atacaklar. Bu kitap, gen\u00e7 okuyucular\u0131n kedilere olan sevgisini art\u0131rmak ve \u00f6\u011frenmeyi e\u011flenceli h\u00e2le getirmek i\u00e7in harika bir se\u00e7im! <\/p>\n","protected":false},"excerpt":{"rendered":"<p>Miyav! Kedilerin b\u00fcy\u00fcleyici d\u00fcnyas\u0131n\u0131 ke\u015ffetmeye haz\u0131r olun! National Geographic Okuma serisinden bu Seviye 1 kitab\u0131, \u00e7ocuklar\u0131 sevimli kediciklerle tan\u0131\u015ft\u0131r\u0131yor. Renkli foto\u011fraflar ve kolay anla\u015f\u0131l\u0131r metinlerle dolu<span class=\"excerpt-hellip\"> [\u2026]<\/span><\/p>\n","protected":false},"featured_media":0,"template":"","meta":{"_monsterinsights_skip_tracking":false,"_monsterinsights_sitenote_active":false,"_monsterinsights_sitenote_note":"","_monsterinsights_sitenote_category":0},"product_brand":[],"product_cat":[12274,24599],"product_tag":[],"class_list":{"0":"post-756045","1":"product","2":"type-product","3":"status-publish","5":"product_cat-cocuk-ve-genclik-kitaplari","6":"product_cat-zeka-gelisimi","7":"pa_cilt-ciltsiz","8":"pa_tur-kitap","9":"pa_yayinevi-beta-kids","10":"pa_yazar-joan-marie-galat","12":"first","13":"instock","14":"sale","15":"shipping-taxable","16":"purchasable","17":"product-type-simple"},"_links":{"self":[{"href":"https:\/\/roveyayinevi.com.tr\/index.php\/wp-json\/wp\/v2\/product\/756045","targetHints":{"allow":["GET"]}}],"collection":[{"href":"https:\/\/roveyayinevi.com.tr\/index.php\/wp-json\/wp\/v2\/product"}],"about":[{"href":"https:\/\/roveyayinevi.com.tr\/index.php\/wp-json\/wp\/v2\/types\/product"}],"wp:attachment":[{"href":"https:\/\/roveyayinevi.com.tr\/index.php\/wp-json\/wp\/v2\/media?parent=756045"}],"wp:term":[{"taxonomy":"product_brand","embeddable":true,"href":"https:\/\/roveyayinevi.com.tr\/index.php\/wp-json\/wp\/v2\/product_brand?post=756045"},{"taxonomy":"product_cat","embeddable":true,"href":"https:\/\/roveyayinevi.com.tr\/index.php\/wp-json\/wp\/v2\/product_cat?post=756045"},{"taxonomy":"product_tag","embeddable":true,"href":"https:\/\/roveyayinevi.com.tr\/index.php\/wp-json\/wp\/v2\/product_tag?post=756045"}],"curies":[{"name":"wp","href":"https:\/\/api.w.org\/{rel}","templated":true}]}}