{"id":756043,"date":"2025-08-28T06:56:42","date_gmt":"2025-08-28T03:56:42","guid":{"rendered":"https:\/\/roveyayinevi.com.tr\/index.php\/urun\/natinonal-geographic-kids-parlayan-hayvanlar\/"},"modified":"2026-04-16T03:09:27","modified_gmt":"2026-04-16T00:09:27","slug":"natinonal-geographic-kids-parlayan-hayvanlar","status":"publish","type":"product","link":"https:\/\/roveyayinevi.com.tr\/index.php\/urun\/natinonal-geographic-kids-parlayan-hayvanlar\/","title":{"rendered":"NATINONAL GEOGRAPHIC KIDS &#8211; PARLAYAN HAYVANLAR"},"content":{"rendered":"<p>1888 y\u0131l\u0131ndan beri ke\u015fif, ara\u015ft\u0131rma ve yard\u0131m \u00e7al\u0131\u015fmalar\u0131 konusunda alan\u0131n\u0131n en tan\u0131nan ismi olan ve bilim d\u00fcnyas\u0131na pek \u00e7ok ke\u015fif kazand\u0131ran National Geographic\u2019in, \u00e7ocuklar i\u00e7in \u00f6zel olarak yaratt\u0131\u011f\u0131 National Geographic Kids kitaplar\u0131 art\u0131k T\u00fcrkiye\u2019de. Bilimsel merak\u0131n k\u00fc\u00e7\u00fck ya\u015flarda geli\u015ftirilmesinin \u00f6neminin bilincinde olan National Geographic, hayvanlar, ula\u015f\u0131m ara\u00e7lar\u0131, co\u011frafya, iklim, uzay, d\u00fcnyam\u0131z ve genel k\u00fclt\u00fcr gibi pek \u00e7ok konuda, \u00e7ocuklar\u0131n ilgisini \u00e7eken ve onlar\u0131n bilimsel konulalara olan kat\u0131l\u0131m\u0131n\u0131 art\u0131ran yay\u0131nlar sunmaktad\u0131r.       1.Seviye Okuma kitaplar\u0131, g\u00f6rsel a\u011f\u0131rl\u0131\u011f\u0131 sayesinde \u00e7ocuklar\u0131n konudan kopmamalar\u0131n\u0131 sa\u011flar ve yeni kalimelerin anlamlar\u0131n\u0131 a\u00e7\u0131klayarak onlar\u0131 tek ba\u015flar\u0131na okumaya te\u015fvik eder. Bu seviyeler okul \u00f6ncesi d\u00f6nemdeki ve yeni okumaya ba\u015flam\u0131\u015f \u00e7ocuklar\u0131n aileleriyle birlikte okumalar\u0131 i\u00e7in idealdir.<\/p>\n","protected":false},"excerpt":{"rendered":"<p>1888 y\u0131l\u0131ndan beri ke\u015fif, ara\u015ft\u0131rma ve yard\u0131m \u00e7al\u0131\u015fmalar\u0131 konusunda alan\u0131n\u0131n en tan\u0131nan ismi olan ve bilim d\u00fcnyas\u0131na pek \u00e7ok ke\u015fif kazand\u0131ran National Geographic\u2019in, \u00e7ocuklar i\u00e7in \u00f6zel<span class=\"excerpt-hellip\"> [\u2026]<\/span><\/p>\n","protected":false},"featured_media":0,"template":"","meta":{"_monsterinsights_skip_tracking":false,"_monsterinsights_sitenote_active":false,"_monsterinsights_sitenote_note":"","_monsterinsights_sitenote_category":0},"product_brand":[],"product_cat":[12274,24599],"product_tag":[],"class_list":{"0":"post-756043","1":"product","2":"type-product","3":"status-publish","5":"product_cat-cocuk-ve-genclik-kitaplari","6":"product_cat-zeka-gelisimi","7":"pa_cilt-ciltsiz","8":"pa_tur-kitap","9":"pa_yayinevi-beta-kids","10":"pa_yazar-rose-davidson","12":"first","13":"instock","14":"sale","15":"shipping-taxable","16":"purchasable","17":"product-type-simple"},"_links":{"self":[{"href":"https:\/\/roveyayinevi.com.tr\/index.php\/wp-json\/wp\/v2\/product\/756043","targetHints":{"allow":["GET"]}}],"collection":[{"href":"https:\/\/roveyayinevi.com.tr\/index.php\/wp-json\/wp\/v2\/product"}],"about":[{"href":"https:\/\/roveyayinevi.com.tr\/index.php\/wp-json\/wp\/v2\/types\/product"}],"wp:attachment":[{"href":"https:\/\/roveyayinevi.com.tr\/index.php\/wp-json\/wp\/v2\/media?parent=756043"}],"wp:term":[{"taxonomy":"product_brand","embeddable":true,"href":"https:\/\/roveyayinevi.com.tr\/index.php\/wp-json\/wp\/v2\/product_brand?post=756043"},{"taxonomy":"product_cat","embeddable":true,"href":"https:\/\/roveyayinevi.com.tr\/index.php\/wp-json\/wp\/v2\/product_cat?post=756043"},{"taxonomy":"product_tag","embeddable":true,"href":"https:\/\/roveyayinevi.com.tr\/index.php\/wp-json\/wp\/v2\/product_tag?post=756043"}],"curies":[{"name":"wp","href":"https:\/\/api.w.org\/{rel}","templated":true}]}}