{"id":756042,"date":"2025-08-28T06:56:40","date_gmt":"2025-08-28T03:56:40","guid":{"rendered":"https:\/\/roveyayinevi.com.tr\/index.php\/urun\/natinonal-geographic-kids-garip-hayanlar\/"},"modified":"2026-04-16T03:09:26","modified_gmt":"2026-04-16T00:09:26","slug":"natinonal-geographic-kids-garip-hayanlar","status":"publish","type":"product","link":"https:\/\/roveyayinevi.com.tr\/index.php\/urun\/natinonal-geographic-kids-garip-hayanlar\/","title":{"rendered":"NATINONAL GEOGRAPHIC KIDS &#8211; GAR\u0130P HAYANLAR"},"content":{"rendered":"<p>National Geograph\u0131c Kids, Okuma Serisi; \u00e7ocuklar\u0131n bilimsel okuma ihtiyac\u0131n\u0131 desteklemek amac\u0131yla haz\u0131rlanm\u0131\u015ft\u0131r. Farkl\u0131 ya\u015flara uygun kategorileri ile bu seriyi  referans kitaplar\u0131 olarak kullanabilirler, hem de \u00e7ocuklar\u0131n\u0131za yeni d\u00fcnyan\u0131n kap\u0131lar\u0131n\u0131 a\u00e7arak sonu gelmez meraklar\u0131n\u0131 giderebilirsiniz.   Okul \u00d6ncesi Serisi katagorisindeki bu kitap, \u00e7ocuklar\u0131n aileleriyle birlikte okumalar\u0131 i\u00e7in tasarland\u0131. Az say\u0131da ve basit kelimeleri, ilgi \u00e7ekici, parlak resimleriyle \u00e7ocuklan\u0131n dikkatini kaybetmeden e\u011flenmesini sa\u011flar. Onlar\u0131n bilim d\u00fcnyas\u0131na att\u0131klar\u0131 ilk ad\u0131mlar olacakt\u0131r.<\/p>\n","protected":false},"excerpt":{"rendered":"<p>National Geograph\u0131c Kids, Okuma Serisi; \u00e7ocuklar\u0131n bilimsel okuma ihtiyac\u0131n\u0131 desteklemek amac\u0131yla haz\u0131rlanm\u0131\u015ft\u0131r. Farkl\u0131 ya\u015flara uygun kategorileri ile bu seriyi referans kitaplar\u0131 olarak kullanabilirler, hem de \u00e7ocuklar\u0131n\u0131za<span class=\"excerpt-hellip\"> [\u2026]<\/span><\/p>\n","protected":false},"featured_media":0,"template":"","meta":{"_monsterinsights_skip_tracking":false,"_monsterinsights_sitenote_active":false,"_monsterinsights_sitenote_note":"","_monsterinsights_sitenote_category":0},"product_brand":[],"product_cat":[12274,24599],"product_tag":[],"class_list":{"0":"post-756042","1":"product","2":"type-product","3":"status-publish","5":"product_cat-cocuk-ve-genclik-kitaplari","6":"product_cat-zeka-gelisimi","7":"pa_cilt-ciltsiz","8":"pa_tur-kitap","9":"pa_yayinevi-beta-kids","10":"pa_yazar-rose-davidson","12":"first","13":"instock","14":"sale","15":"shipping-taxable","16":"purchasable","17":"product-type-simple"},"_links":{"self":[{"href":"https:\/\/roveyayinevi.com.tr\/index.php\/wp-json\/wp\/v2\/product\/756042","targetHints":{"allow":["GET"]}}],"collection":[{"href":"https:\/\/roveyayinevi.com.tr\/index.php\/wp-json\/wp\/v2\/product"}],"about":[{"href":"https:\/\/roveyayinevi.com.tr\/index.php\/wp-json\/wp\/v2\/types\/product"}],"wp:attachment":[{"href":"https:\/\/roveyayinevi.com.tr\/index.php\/wp-json\/wp\/v2\/media?parent=756042"}],"wp:term":[{"taxonomy":"product_brand","embeddable":true,"href":"https:\/\/roveyayinevi.com.tr\/index.php\/wp-json\/wp\/v2\/product_brand?post=756042"},{"taxonomy":"product_cat","embeddable":true,"href":"https:\/\/roveyayinevi.com.tr\/index.php\/wp-json\/wp\/v2\/product_cat?post=756042"},{"taxonomy":"product_tag","embeddable":true,"href":"https:\/\/roveyayinevi.com.tr\/index.php\/wp-json\/wp\/v2\/product_tag?post=756042"}],"curies":[{"name":"wp","href":"https:\/\/api.w.org\/{rel}","templated":true}]}}