{"id":756040,"date":"2025-08-28T06:56:37","date_gmt":"2025-08-28T03:56:37","guid":{"rendered":"https:\/\/roveyayinevi.com.tr\/index.php\/urun\/natinonal-geographic-kids-steve-jobs-gibi-yap\/"},"modified":"2026-04-16T03:09:26","modified_gmt":"2026-04-16T00:09:26","slug":"natinonal-geographic-kids-steve-jobs-gibi-yap","status":"publish","type":"product","link":"https:\/\/roveyayinevi.com.tr\/index.php\/urun\/natinonal-geographic-kids-steve-jobs-gibi-yap\/","title":{"rendered":"NATINONAL GEOGRAPHIC KIDS &#8211; STEVE JOBS G\u0130B\u0130 YAP"},"content":{"rendered":"<p>D\u00fcnyay\u0131 de\u011fi\u015ftiren insanlar\u0131n ya\u015fam \u00f6yk\u00fclerini inceledi\u011fimizde ortak \u00f6zelliklerinin; farkl\u0131 d\u00fc\u015f\u00fcnmeler, bitmek bilmeyen meraklar\u0131, ara\u015ft\u0131rma ve sorgulamadan vazge\u00e7memeleri oldu\u011funu g\u00f6r\u00fcr\u00fcz. Zorluklar kar\u015f\u0131s\u0131nda y\u0131lmayan, g\u00f6zlemler, deneyler ve ara\u015ft\u0131rmalar yapan, yeni \u00fcr\u00fcnler ortaya koyan bu insanlar olmasayd\u0131 acaba d\u00fcnya nas\u0131l bir yer olurdu? Elinizdeki kitapta, evrende bir iz b\u0131rakma idealiyle \u00e7\u0131\u011f\u0131r a\u00e7an yeniliklere imza atm\u0131\u015f Steve Jobs\u2019\u0131n evinin garaj\u0131nda kurdu\u011fu ve b\u00fct\u00fcn d\u00fcnyan\u0131n en b\u00fcy\u00fck teknoloji firmalar\u0131ndan biri olan Apple\u2019\u0131 ekibiyle birlikte ad\u0131m ad\u0131m nas\u0131l geli\u015ftirdi\u011fini \u00f6\u011freneceksiniz.<\/p>\n","protected":false},"excerpt":{"rendered":"<p>D\u00fcnyay\u0131 de\u011fi\u015ftiren insanlar\u0131n ya\u015fam \u00f6yk\u00fclerini inceledi\u011fimizde ortak \u00f6zelliklerinin; farkl\u0131 d\u00fc\u015f\u00fcnmeler, bitmek bilmeyen meraklar\u0131, ara\u015ft\u0131rma ve sorgulamadan vazge\u00e7memeleri oldu\u011funu g\u00f6r\u00fcr\u00fcz. Zorluklar kar\u015f\u0131s\u0131nda y\u0131lmayan, g\u00f6zlemler, deneyler ve ara\u015ft\u0131rmalar<span class=\"excerpt-hellip\"> [\u2026]<\/span><\/p>\n","protected":false},"featured_media":0,"template":"","meta":{"_monsterinsights_skip_tracking":false,"_monsterinsights_sitenote_active":false,"_monsterinsights_sitenote_note":"","_monsterinsights_sitenote_category":0},"product_brand":[],"product_cat":[12274,14573],"product_tag":[],"class_list":{"0":"post-756040","1":"product","2":"type-product","3":"status-publish","5":"product_cat-cocuk-ve-genclik-kitaplari","6":"product_cat-referans-kitaplar-cocuk-ve-genclik-kitaplari","7":"pa_cilt-ciltsiz","8":"pa_tur-kitap","9":"pa_yayinevi-beta-kids","10":"pa_yazar-havva-kinay-pinar-kadioglu","12":"first","13":"instock","14":"sale","15":"shipping-taxable","16":"purchasable","17":"product-type-simple"},"_links":{"self":[{"href":"https:\/\/roveyayinevi.com.tr\/index.php\/wp-json\/wp\/v2\/product\/756040","targetHints":{"allow":["GET"]}}],"collection":[{"href":"https:\/\/roveyayinevi.com.tr\/index.php\/wp-json\/wp\/v2\/product"}],"about":[{"href":"https:\/\/roveyayinevi.com.tr\/index.php\/wp-json\/wp\/v2\/types\/product"}],"wp:attachment":[{"href":"https:\/\/roveyayinevi.com.tr\/index.php\/wp-json\/wp\/v2\/media?parent=756040"}],"wp:term":[{"taxonomy":"product_brand","embeddable":true,"href":"https:\/\/roveyayinevi.com.tr\/index.php\/wp-json\/wp\/v2\/product_brand?post=756040"},{"taxonomy":"product_cat","embeddable":true,"href":"https:\/\/roveyayinevi.com.tr\/index.php\/wp-json\/wp\/v2\/product_cat?post=756040"},{"taxonomy":"product_tag","embeddable":true,"href":"https:\/\/roveyayinevi.com.tr\/index.php\/wp-json\/wp\/v2\/product_tag?post=756040"}],"curies":[{"name":"wp","href":"https:\/\/api.w.org\/{rel}","templated":true}]}}