{"id":756038,"date":"2025-08-28T06:56:34","date_gmt":"2025-08-28T03:56:34","guid":{"rendered":"https:\/\/roveyayinevi.com.tr\/index.php\/urun\/natinonal-geographic-kids-medyayi-sorgulayan-cocuklar\/"},"modified":"2026-04-16T03:09:26","modified_gmt":"2026-04-16T00:09:26","slug":"natinonal-geographic-kids-medyayi-sorgulayan-cocuklar","status":"publish","type":"product","link":"https:\/\/roveyayinevi.com.tr\/index.php\/urun\/natinonal-geographic-kids-medyayi-sorgulayan-cocuklar\/","title":{"rendered":"NATINONAL GEOGRAPHIC KIDS &#8211; MEDYAYI SORGULAYAN \u00c7OCUKLAR"},"content":{"rendered":"<p>\u201cSosyal medyada okudu\u011fumuz her haber do\u011fru mu?\u0130zledi\u011fimiz her video ger\u00e7ek mi?G\u00f6rdu\u0308\u011fu\u0308mu\u0308z her reklam samimi mi?Haberler, yaz\u0131lar, filmler, diziler, sokak reklamlar\u0131\u2026Etraf\u0131m\u0131z \u015feffaf bir medya a\u011f\u0131yla sarmalanm\u0131\u015f durumda!Peki ama bu medyay\u0131 nas\u0131l yorumlamal\u0131y\u0131z?\u0130yi bir medya okuryazar\u0131 nas\u0131l olur?Bu kitab\u0131 okurken \u00f6\u011frenecek, \u00f6\u011frenirken e\u011fleneceksin.Ve art\u0131k medyaya farkl\u0131 bir g\u00f6zle bakmaya ba\u015flayacaks\u0131n.\u201d\u00d6mu\u0308r KurtHu\u0308rriyet Gazetesi aile-\u00e7ocuk yazar\u0131<\/p>\n","protected":false},"excerpt":{"rendered":"<p>\u201cSosyal medyada okudu\u011fumuz her haber do\u011fru mu?\u0130zledi\u011fimiz her video ger\u00e7ek mi?G\u00f6rdu\u0308\u011fu\u0308mu\u0308z her reklam samimi mi?Haberler, yaz\u0131lar, filmler, diziler, sokak reklamlar\u0131\u2026Etraf\u0131m\u0131z \u015feffaf bir medya a\u011f\u0131yla sarmalanm\u0131\u015f durumda!Peki<span class=\"excerpt-hellip\"> [\u2026]<\/span><\/p>\n","protected":false},"featured_media":0,"template":"","meta":{"_monsterinsights_skip_tracking":false,"_monsterinsights_sitenote_active":false,"_monsterinsights_sitenote_note":"","_monsterinsights_sitenote_category":0},"product_brand":[],"product_cat":[12274,14573],"product_tag":[],"class_list":{"0":"post-756038","1":"product","2":"type-product","3":"status-publish","5":"product_cat-cocuk-ve-genclik-kitaplari","6":"product_cat-referans-kitaplar-cocuk-ve-genclik-kitaplari","7":"pa_cilt-ciltsiz","8":"pa_tur-kitap","9":"pa_yayinevi-beta-kids","10":"pa_yazar-alp-gokalp","12":"first","13":"instock","14":"sale","15":"shipping-taxable","16":"purchasable","17":"product-type-simple"},"_links":{"self":[{"href":"https:\/\/roveyayinevi.com.tr\/index.php\/wp-json\/wp\/v2\/product\/756038","targetHints":{"allow":["GET"]}}],"collection":[{"href":"https:\/\/roveyayinevi.com.tr\/index.php\/wp-json\/wp\/v2\/product"}],"about":[{"href":"https:\/\/roveyayinevi.com.tr\/index.php\/wp-json\/wp\/v2\/types\/product"}],"wp:attachment":[{"href":"https:\/\/roveyayinevi.com.tr\/index.php\/wp-json\/wp\/v2\/media?parent=756038"}],"wp:term":[{"taxonomy":"product_brand","embeddable":true,"href":"https:\/\/roveyayinevi.com.tr\/index.php\/wp-json\/wp\/v2\/product_brand?post=756038"},{"taxonomy":"product_cat","embeddable":true,"href":"https:\/\/roveyayinevi.com.tr\/index.php\/wp-json\/wp\/v2\/product_cat?post=756038"},{"taxonomy":"product_tag","embeddable":true,"href":"https:\/\/roveyayinevi.com.tr\/index.php\/wp-json\/wp\/v2\/product_tag?post=756038"}],"curies":[{"name":"wp","href":"https:\/\/api.w.org\/{rel}","templated":true}]}}