{"id":756036,"date":"2025-08-28T06:56:30","date_gmt":"2025-08-28T03:56:30","guid":{"rendered":"https:\/\/roveyayinevi.com.tr\/index.php\/urun\/natinonal-geographic-kids-mimar-sinan\/"},"modified":"2026-04-16T03:09:26","modified_gmt":"2026-04-16T00:09:26","slug":"natinonal-geographic-kids-mimar-sinan","status":"publish","type":"product","link":"https:\/\/roveyayinevi.com.tr\/index.php\/urun\/natinonal-geographic-kids-mimar-sinan\/","title":{"rendered":"NATINONAL GEOGRAPHIC KIDS &#8211; M\u0130MAR S\u0130NAN"},"content":{"rendered":"<p>D\u00fcnyan\u0131n ilk \u201cy\u0131ld\u0131z mimar\u0131\u201dyla tan\u0131\u015fmaya haz\u0131r m\u0131s\u0131n\u0131z? \u00d6yleyse, onlarca ill\u00fcstrasyon ve foto\u011fraf e\u015fli\u011finde Mimar Sinan\u2019\u0131 tan\u0131maya haz\u0131r olun!Mimar Sinan, ola\u011fan\u00fcst\u00fc dehas\u0131yla t\u00fcm d\u00fcnyan\u0131n tan\u0131d\u0131\u011f\u0131 b\u00fcy\u00fck bir mimard\u0131r. 16. y\u00fczy\u0131lda Osmanl\u0131 \u0130mparatorlu\u011fu\u2019nda ya\u015fam\u0131\u015f, yakla\u015f\u0131k 100 y\u0131ll\u0131k ya\u015fam\u0131n\u0131n 50 y\u0131l\u0131nda \u00fc\u00e7 padi\u015fah\u0131n ba\u015f mimarl\u0131\u011f\u0131n\u0131 yapm\u0131\u015f ve onlarca b\u00fcy\u00fck mimar yeti\u015ftirmi\u015ftir. G\u00fcvenilir ki\u015fili\u011fi ve i\u015f disipliniyle \u00f6rnek bir insan olmu\u015ftur.Onun 500 y\u0131l \u00f6nce tasarlayarak in\u015fa etti\u011fi eserlerin b\u00fcy\u00fck bir k\u0131sm\u0131 bug\u00fcn h\u00e2l\u00e2 ayakta! Mimari \u00fcslubu, mimar ve m\u00fchendislere ilham vermeye devam ediyor. Bu kitapla Mimar Sinan\u2019\u0131n:\u2022 Ailesini ve \u00e7ocuklu\u011funu,\u2022 Dev\u015firme olarak se\u00e7ilip \u0130stanbul\u2019a getirili\u015fini,\u2022 Askerlik y\u0131llar\u0131n\u0131 ve Kanuni Sultan S\u00fcleyman\u2019la \u00e7\u0131kt\u0131\u011f\u0131 seferleri,\u2022 Ba\u015f mimar se\u00e7ilmesini ve \u00e7\u0131rakl\u0131k, kalfal\u0131k, ustal\u0131k d\u00f6nemlerini,\u2022 Yeti\u015ftirdi\u011fi b\u00fcy\u00fck mimarlar\u0131,\u2022 D\u00fcnyada nas\u0131l tan\u0131nd\u0131\u011f\u0131n\u0131 ve ad\u0131n\u0131n nas\u0131l ya\u015fat\u0131ld\u0131\u011f\u0131n\u0131,\u2022 Neden d\u00fcnyan\u0131n ilk \u201cy\u0131ld\u0131z mimar\u0131\u201d olarak an\u0131ld\u0131\u011f\u0131n\u0131 \u00f6\u011freneceksiniz.<\/p>\n","protected":false},"excerpt":{"rendered":"<p>D\u00fcnyan\u0131n ilk \u201cy\u0131ld\u0131z mimar\u0131\u201dyla tan\u0131\u015fmaya haz\u0131r m\u0131s\u0131n\u0131z? \u00d6yleyse, onlarca ill\u00fcstrasyon ve foto\u011fraf e\u015fli\u011finde Mimar Sinan\u2019\u0131 tan\u0131maya haz\u0131r olun!Mimar Sinan, ola\u011fan\u00fcst\u00fc dehas\u0131yla t\u00fcm d\u00fcnyan\u0131n tan\u0131d\u0131\u011f\u0131 b\u00fcy\u00fck bir<span class=\"excerpt-hellip\"> [\u2026]<\/span><\/p>\n","protected":false},"featured_media":0,"template":"","meta":{"_monsterinsights_skip_tracking":false,"_monsterinsights_sitenote_active":false,"_monsterinsights_sitenote_note":"","_monsterinsights_sitenote_category":0},"product_brand":[],"product_cat":[14009,12291],"product_tag":[],"class_list":{"0":"post-756036","1":"product","2":"type-product","3":"status-publish","5":"product_cat-biyografi-otobiyografi-edebiyat","6":"product_cat-edebiyat","7":"pa_cilt-ciltsiz","8":"pa_tur-kitap","9":"pa_yayinevi-beta-kids","10":"pa_yazar-muruvet-esra-yildirim","12":"first","13":"instock","14":"sale","15":"shipping-taxable","16":"purchasable","17":"product-type-simple"},"_links":{"self":[{"href":"https:\/\/roveyayinevi.com.tr\/index.php\/wp-json\/wp\/v2\/product\/756036","targetHints":{"allow":["GET"]}}],"collection":[{"href":"https:\/\/roveyayinevi.com.tr\/index.php\/wp-json\/wp\/v2\/product"}],"about":[{"href":"https:\/\/roveyayinevi.com.tr\/index.php\/wp-json\/wp\/v2\/types\/product"}],"wp:attachment":[{"href":"https:\/\/roveyayinevi.com.tr\/index.php\/wp-json\/wp\/v2\/media?parent=756036"}],"wp:term":[{"taxonomy":"product_brand","embeddable":true,"href":"https:\/\/roveyayinevi.com.tr\/index.php\/wp-json\/wp\/v2\/product_brand?post=756036"},{"taxonomy":"product_cat","embeddable":true,"href":"https:\/\/roveyayinevi.com.tr\/index.php\/wp-json\/wp\/v2\/product_cat?post=756036"},{"taxonomy":"product_tag","embeddable":true,"href":"https:\/\/roveyayinevi.com.tr\/index.php\/wp-json\/wp\/v2\/product_tag?post=756036"}],"curies":[{"name":"wp","href":"https:\/\/api.w.org\/{rel}","templated":true}]}}