{"id":756020,"date":"2025-08-28T06:55:33","date_gmt":"2025-08-28T03:55:33","guid":{"rendered":"https:\/\/roveyayinevi.com.tr\/index.php\/urun\/national-geographic-kids-uzayi-kesfediyorum-jupiter\/"},"modified":"2026-04-16T03:08:57","modified_gmt":"2026-04-16T00:08:57","slug":"national-geographic-kids-uzayi-kesfediyorum-jupiter","status":"publish","type":"product","link":"https:\/\/roveyayinevi.com.tr\/index.php\/urun\/national-geographic-kids-uzayi-kesfediyorum-jupiter\/","title":{"rendered":"National Geographic Kids- Uzay\u0131 Ke\u015ffediyorum- J\u00dcP\u0130TER"},"content":{"rendered":"<p>Neden J\u00fcpiter\u2019in Europa adl\u0131 uydusunda ya\u015fam olabilece\u011fi d\u00fc\u015f\u00fcn\u00fcl\u00fcyor?J\u00fcpiter\u2019deki b\u00fcy\u00fck f\u0131rt\u0131nalar nas\u0131l olu\u015fur?J\u00fcpiter\u2019e g\u00f6nderilen uzay ara\u00e7lar\u0131n\u0131n amac\u0131 nedir?National Geographic Kids\u2019in \u00e7ok sevilen ba\u015fucu kitaplar\u0131ndan derlenen bu e\u015fsiz kitapla J\u00fcpiter\u2019i ke\u015ffetmeye haz\u0131r olun.<\/p>\n","protected":false},"excerpt":{"rendered":"<p>Neden J\u00fcpiter\u2019in Europa adl\u0131 uydusunda ya\u015fam olabilece\u011fi d\u00fc\u015f\u00fcn\u00fcl\u00fcyor?J\u00fcpiter\u2019deki b\u00fcy\u00fck f\u0131rt\u0131nalar nas\u0131l olu\u015fur?J\u00fcpiter\u2019e g\u00f6nderilen uzay ara\u00e7lar\u0131n\u0131n amac\u0131 nedir?National Geographic Kids\u2019in \u00e7ok sevilen ba\u015fucu kitaplar\u0131ndan derlenen bu e\u015fsiz<span class=\"excerpt-hellip\"> [\u2026]<\/span><\/p>\n","protected":false},"featured_media":0,"template":"","meta":{"_monsterinsights_skip_tracking":false,"_monsterinsights_sitenote_active":false,"_monsterinsights_sitenote_note":"","_monsterinsights_sitenote_category":0},"product_brand":[],"product_cat":[13829,12274],"product_tag":[],"class_list":{"0":"post-756020","1":"product","2":"type-product","3":"status-publish","5":"product_cat-bilimsel-kitaplar","6":"product_cat-cocuk-ve-genclik-kitaplari","7":"pa_cilt-ciltli","8":"pa_tur-kitap","9":"pa_yayinevi-beta-kids","10":"pa_yazar-kollektif","12":"first","13":"instock","14":"sale","15":"shipping-taxable","16":"purchasable","17":"product-type-simple"},"_links":{"self":[{"href":"https:\/\/roveyayinevi.com.tr\/index.php\/wp-json\/wp\/v2\/product\/756020","targetHints":{"allow":["GET"]}}],"collection":[{"href":"https:\/\/roveyayinevi.com.tr\/index.php\/wp-json\/wp\/v2\/product"}],"about":[{"href":"https:\/\/roveyayinevi.com.tr\/index.php\/wp-json\/wp\/v2\/types\/product"}],"wp:attachment":[{"href":"https:\/\/roveyayinevi.com.tr\/index.php\/wp-json\/wp\/v2\/media?parent=756020"}],"wp:term":[{"taxonomy":"product_brand","embeddable":true,"href":"https:\/\/roveyayinevi.com.tr\/index.php\/wp-json\/wp\/v2\/product_brand?post=756020"},{"taxonomy":"product_cat","embeddable":true,"href":"https:\/\/roveyayinevi.com.tr\/index.php\/wp-json\/wp\/v2\/product_cat?post=756020"},{"taxonomy":"product_tag","embeddable":true,"href":"https:\/\/roveyayinevi.com.tr\/index.php\/wp-json\/wp\/v2\/product_tag?post=756020"}],"curies":[{"name":"wp","href":"https:\/\/api.w.org\/{rel}","templated":true}]}}