{"id":756012,"date":"2025-08-28T06:55:21","date_gmt":"2025-08-28T03:55:21","guid":{"rendered":"https:\/\/roveyayinevi.com.tr\/index.php\/urun\/mese-palamutu-ormanindan-masallar-saklambac-oynayan-domuz-kapakcikli-kitap\/"},"modified":"2026-04-16T03:08:57","modified_gmt":"2026-04-16T00:08:57","slug":"mese-palamutu-ormanindan-masallar-saklambac-oynayan-domuz-kapakcikli-kitap","status":"publish","type":"product","link":"https:\/\/roveyayinevi.com.tr\/index.php\/urun\/mese-palamutu-ormanindan-masallar-saklambac-oynayan-domuz-kapakcikli-kitap\/","title":{"rendered":"Me\u015fe Palamutu Orman&#8217;\u0131ndan Masallar Saklamba\u00e7 Oynayan Domuz (Kapak\u00e7\u0131kl\u0131 Kitap)"},"content":{"rendered":"<p>\u00d6d\u00fcll\u00fc yazar Julia Donaldson\u2019\u0131n t\u00fcm d\u00fcnyada \u00e7ok sevilen Me\u015fe Palamudu Orman\u0131\u2019ndan Masallar : Saklamba\u00e7 Oynayan Domuz ya\u015fayan bu sevimli dostlar\u0131n hik\u00e2yelerinin bir par\u00e7as\u0131 ol.<\/p>\n","protected":false},"excerpt":{"rendered":"<p>\u00d6d\u00fcll\u00fc yazar Julia Donaldson\u2019\u0131n t\u00fcm d\u00fcnyada \u00e7ok sevilen Me\u015fe Palamudu Orman\u0131\u2019ndan Masallar : Saklamba\u00e7 Oynayan Domuz ya\u015fayan bu sevimli dostlar\u0131n hik\u00e2yelerinin bir par\u00e7as\u0131 ol.<\/p>\n","protected":false},"featured_media":0,"template":"","meta":{"_monsterinsights_skip_tracking":false,"_monsterinsights_sitenote_active":false,"_monsterinsights_sitenote_note":"","_monsterinsights_sitenote_category":0},"product_brand":[],"product_cat":[12274,12518],"product_tag":[],"class_list":{"0":"post-756012","1":"product","2":"type-product","3":"status-publish","5":"product_cat-cocuk-ve-genclik-kitaplari","6":"product_cat-okul-oncesi-kitaplar","7":"pa_cilt-ciltli","8":"pa_tur-kitap","9":"pa_yayinevi-beta-kids","10":"pa_yazar-julia-donaldson","12":"first","13":"instock","14":"sale","15":"shipping-taxable","16":"purchasable","17":"product-type-simple"},"_links":{"self":[{"href":"https:\/\/roveyayinevi.com.tr\/index.php\/wp-json\/wp\/v2\/product\/756012","targetHints":{"allow":["GET"]}}],"collection":[{"href":"https:\/\/roveyayinevi.com.tr\/index.php\/wp-json\/wp\/v2\/product"}],"about":[{"href":"https:\/\/roveyayinevi.com.tr\/index.php\/wp-json\/wp\/v2\/types\/product"}],"wp:attachment":[{"href":"https:\/\/roveyayinevi.com.tr\/index.php\/wp-json\/wp\/v2\/media?parent=756012"}],"wp:term":[{"taxonomy":"product_brand","embeddable":true,"href":"https:\/\/roveyayinevi.com.tr\/index.php\/wp-json\/wp\/v2\/product_brand?post=756012"},{"taxonomy":"product_cat","embeddable":true,"href":"https:\/\/roveyayinevi.com.tr\/index.php\/wp-json\/wp\/v2\/product_cat?post=756012"},{"taxonomy":"product_tag","embeddable":true,"href":"https:\/\/roveyayinevi.com.tr\/index.php\/wp-json\/wp\/v2\/product_tag?post=756012"}],"curies":[{"name":"wp","href":"https:\/\/api.w.org\/{rel}","templated":true}]}}