{"id":756007,"date":"2025-08-28T06:55:12","date_gmt":"2025-08-28T03:55:12","guid":{"rendered":"https:\/\/roveyayinevi.com.tr\/index.php\/urun\/akilli-bebek-kontrast-renkler-mama-saati\/"},"modified":"2026-04-16T03:08:57","modified_gmt":"2026-04-16T00:08:57","slug":"akilli-bebek-kontrast-renkler-mama-saati","status":"publish","type":"product","link":"https:\/\/roveyayinevi.com.tr\/index.php\/urun\/akilli-bebek-kontrast-renkler-mama-saati\/","title":{"rendered":"Ak\u0131ll\u0131 Bebek  \u2013 Kontrast Renkler &#8211; MAMA SAAT\u0130"},"content":{"rendered":"<p>Kontrast renkler bebe\u011finizin ilgisini daha \u00e7ok \u00e7eker ve derinlik alg\u0131s\u0131n\u0131n geli\u015fimine destek sa\u011flar.Kontrast renklerle tasarlanan 4 sevimli kitaptan olu\u015fan Ak\u0131ll\u0131 Bebek Kontrast Renkler dizisi mini\u011finizin yeni g\u00f6zdesi olacak.<\/p>\n","protected":false},"excerpt":{"rendered":"<p>Kontrast renkler bebe\u011finizin ilgisini daha \u00e7ok \u00e7eker ve derinlik alg\u0131s\u0131n\u0131n geli\u015fimine destek sa\u011flar.Kontrast renklerle tasarlanan 4 sevimli kitaptan olu\u015fan Ak\u0131ll\u0131 Bebek Kontrast Renkler dizisi mini\u011finizin yeni<span class=\"excerpt-hellip\"> [\u2026]<\/span><\/p>\n","protected":false},"featured_media":0,"template":"","meta":{"_monsterinsights_skip_tracking":false,"_monsterinsights_sitenote_active":false,"_monsterinsights_sitenote_note":"","_monsterinsights_sitenote_category":0},"product_brand":[],"product_cat":[12274,24599],"product_tag":[],"class_list":{"0":"post-756007","1":"product","2":"type-product","3":"status-publish","5":"product_cat-cocuk-ve-genclik-kitaplari","6":"product_cat-zeka-gelisimi","7":"pa_cilt-ciltli","8":"pa_tur-kitap","9":"pa_yayinevi-beta-kids","10":"pa_yazar-e-bahar-duzen","12":"first","13":"instock","14":"sale","15":"shipping-taxable","16":"purchasable","17":"product-type-simple"},"_links":{"self":[{"href":"https:\/\/roveyayinevi.com.tr\/index.php\/wp-json\/wp\/v2\/product\/756007","targetHints":{"allow":["GET"]}}],"collection":[{"href":"https:\/\/roveyayinevi.com.tr\/index.php\/wp-json\/wp\/v2\/product"}],"about":[{"href":"https:\/\/roveyayinevi.com.tr\/index.php\/wp-json\/wp\/v2\/types\/product"}],"wp:attachment":[{"href":"https:\/\/roveyayinevi.com.tr\/index.php\/wp-json\/wp\/v2\/media?parent=756007"}],"wp:term":[{"taxonomy":"product_brand","embeddable":true,"href":"https:\/\/roveyayinevi.com.tr\/index.php\/wp-json\/wp\/v2\/product_brand?post=756007"},{"taxonomy":"product_cat","embeddable":true,"href":"https:\/\/roveyayinevi.com.tr\/index.php\/wp-json\/wp\/v2\/product_cat?post=756007"},{"taxonomy":"product_tag","embeddable":true,"href":"https:\/\/roveyayinevi.com.tr\/index.php\/wp-json\/wp\/v2\/product_tag?post=756007"}],"curies":[{"name":"wp","href":"https:\/\/api.w.org\/{rel}","templated":true}]}}