{"id":756001,"date":"2025-08-28T06:55:02","date_gmt":"2025-08-28T03:55:02","guid":{"rendered":"https:\/\/roveyayinevi.com.tr\/index.php\/urun\/firildak-gozler-merhaba-dinocuk\/"},"modified":"2025-11-12T09:48:42","modified_gmt":"2025-11-12T06:48:42","slug":"firildak-gozler-merhaba-dinocuk","status":"publish","type":"product","link":"https:\/\/roveyayinevi.com.tr\/index.php\/urun\/firildak-gozler-merhaba-dinocuk\/","title":{"rendered":"F\u0131r\u0131ldak G\u00f6zler MERHABA D\u0130NOCUK"},"content":{"rendered":"<p>F\u0131r\u0131ldak G\u00f6zler MERHABA D\u0130NOCUKMerhaba, ben k\u00fc\u00e7\u00fck bir T-Rex\u2019 im Koca di\u015flerim ve pen\u00e7elerim var.Ama bir sorunum var k\u00fckremem sadece bir fareninki kadar.Salla Yuvarla.K\u0131k\u0131rda!F\u0131r\u0131ldak g\u00f6zleri salla, yuvarla ve afacanDinocuk \u2018un e\u011flenceli hikayesini oku!<\/p>\n","protected":false},"excerpt":{"rendered":"<p>F\u0131r\u0131ldak G\u00f6zler MERHABA D\u0130NOCUKMerhaba, ben k\u00fc\u00e7\u00fck bir T-Rex\u2019 im Koca di\u015flerim ve pen\u00e7elerim var.Ama bir sorunum var k\u00fckremem sadece bir fareninki kadar.Salla Yuvarla.K\u0131k\u0131rda!F\u0131r\u0131ldak g\u00f6zleri salla, yuvarla<span class=\"excerpt-hellip\"> [\u2026]<\/span><\/p>\n","protected":false},"featured_media":0,"template":"","meta":{"_monsterinsights_skip_tracking":false,"_monsterinsights_sitenote_active":false,"_monsterinsights_sitenote_note":"","_monsterinsights_sitenote_category":0},"product_brand":[],"product_cat":[12274,12284],"product_tag":[],"class_list":{"0":"post-756001","1":"product","2":"type-product","3":"status-publish","5":"product_cat-cocuk-ve-genclik-kitaplari","6":"product_cat-hikayeler","7":"pa_cilt-ciltli","8":"pa_tur-kitap","9":"pa_yayinevi-beta-kids","10":"pa_yazar-kollektif","12":"first","13":"instock","14":"sale","15":"shipping-taxable","16":"purchasable","17":"product-type-simple"},"_links":{"self":[{"href":"https:\/\/roveyayinevi.com.tr\/index.php\/wp-json\/wp\/v2\/product\/756001","targetHints":{"allow":["GET"]}}],"collection":[{"href":"https:\/\/roveyayinevi.com.tr\/index.php\/wp-json\/wp\/v2\/product"}],"about":[{"href":"https:\/\/roveyayinevi.com.tr\/index.php\/wp-json\/wp\/v2\/types\/product"}],"wp:attachment":[{"href":"https:\/\/roveyayinevi.com.tr\/index.php\/wp-json\/wp\/v2\/media?parent=756001"}],"wp:term":[{"taxonomy":"product_brand","embeddable":true,"href":"https:\/\/roveyayinevi.com.tr\/index.php\/wp-json\/wp\/v2\/product_brand?post=756001"},{"taxonomy":"product_cat","embeddable":true,"href":"https:\/\/roveyayinevi.com.tr\/index.php\/wp-json\/wp\/v2\/product_cat?post=756001"},{"taxonomy":"product_tag","embeddable":true,"href":"https:\/\/roveyayinevi.com.tr\/index.php\/wp-json\/wp\/v2\/product_tag?post=756001"}],"curies":[{"name":"wp","href":"https:\/\/api.w.org\/{rel}","templated":true}]}}