{"id":755998,"date":"2025-08-28T06:54:56","date_gmt":"2025-08-28T03:54:56","guid":{"rendered":"https:\/\/roveyayinevi.com.tr\/index.php\/urun\/firildak-gozler-merhaba-kopekcik\/"},"modified":"2026-04-16T03:08:57","modified_gmt":"2026-04-16T00:08:57","slug":"firildak-gozler-merhaba-kopekcik","status":"publish","type":"product","link":"https:\/\/roveyayinevi.com.tr\/index.php\/urun\/firildak-gozler-merhaba-kopekcik\/","title":{"rendered":"F\u0131r\u0131ldak G\u00f6zler MERHABA K\u00d6PEKC\u0130K"},"content":{"rendered":"<p>F\u0131r\u0131ldak G\u00f6zler MERHABA K\u00d6PEK\u00c7\u0130KG\u00f6zleri fildir f\u0131ld\u0131r olan bu sevimli k\u00f6pe\u011fin g\u00fcn i\u00e7inde yapt\u0131\u011f\u0131 afacanl\u0131klar\u0131 okurken \u00e7ok e\u011fleneceksinSalla Yuvarla.K\u0131k\u0131rda!F\u0131r\u0131ldak g\u00f6zleri salla, yuvarla ve afacanK\u00f6pek\u00e7ik \u2018in tatl\u0131 hikayesini oku!<\/p>\n","protected":false},"excerpt":{"rendered":"<p>F\u0131r\u0131ldak G\u00f6zler MERHABA K\u00d6PEK\u00c7\u0130KG\u00f6zleri fildir f\u0131ld\u0131r olan bu sevimli k\u00f6pe\u011fin g\u00fcn i\u00e7inde yapt\u0131\u011f\u0131 afacanl\u0131klar\u0131 okurken \u00e7ok e\u011fleneceksinSalla Yuvarla.K\u0131k\u0131rda!F\u0131r\u0131ldak g\u00f6zleri salla, yuvarla ve afacanK\u00f6pek\u00e7ik \u2018in tatl\u0131 hikayesini<span class=\"excerpt-hellip\"> [\u2026]<\/span><\/p>\n","protected":false},"featured_media":0,"template":"","meta":{"_monsterinsights_skip_tracking":false,"_monsterinsights_sitenote_active":false,"_monsterinsights_sitenote_note":"","_monsterinsights_sitenote_category":0},"product_brand":[],"product_cat":[12274,12284],"product_tag":[],"class_list":{"0":"post-755998","1":"product","2":"type-product","3":"status-publish","5":"product_cat-cocuk-ve-genclik-kitaplari","6":"product_cat-hikayeler","7":"pa_cilt-ciltli","8":"pa_tur-kitap","9":"pa_yayinevi-beta-kids","10":"pa_yazar-kollektif","12":"first","13":"instock","14":"sale","15":"shipping-taxable","16":"purchasable","17":"product-type-simple"},"_links":{"self":[{"href":"https:\/\/roveyayinevi.com.tr\/index.php\/wp-json\/wp\/v2\/product\/755998","targetHints":{"allow":["GET"]}}],"collection":[{"href":"https:\/\/roveyayinevi.com.tr\/index.php\/wp-json\/wp\/v2\/product"}],"about":[{"href":"https:\/\/roveyayinevi.com.tr\/index.php\/wp-json\/wp\/v2\/types\/product"}],"wp:attachment":[{"href":"https:\/\/roveyayinevi.com.tr\/index.php\/wp-json\/wp\/v2\/media?parent=755998"}],"wp:term":[{"taxonomy":"product_brand","embeddable":true,"href":"https:\/\/roveyayinevi.com.tr\/index.php\/wp-json\/wp\/v2\/product_brand?post=755998"},{"taxonomy":"product_cat","embeddable":true,"href":"https:\/\/roveyayinevi.com.tr\/index.php\/wp-json\/wp\/v2\/product_cat?post=755998"},{"taxonomy":"product_tag","embeddable":true,"href":"https:\/\/roveyayinevi.com.tr\/index.php\/wp-json\/wp\/v2\/product_tag?post=755998"}],"curies":[{"name":"wp","href":"https:\/\/api.w.org\/{rel}","templated":true}]}}