{"id":755997,"date":"2025-08-28T06:54:54","date_gmt":"2025-08-28T03:54:54","guid":{"rendered":"https:\/\/roveyayinevi.com.tr\/index.php\/urun\/firildak-gozler-merhaba-tavsancik\/"},"modified":"2026-04-16T03:08:57","modified_gmt":"2026-04-16T00:08:57","slug":"firildak-gozler-merhaba-tavsancik","status":"publish","type":"product","link":"https:\/\/roveyayinevi.com.tr\/index.php\/urun\/firildak-gozler-merhaba-tavsancik\/","title":{"rendered":"F\u0131r\u0131ldak G\u00f6zler MERHABA TAV\u015eANCIK"},"content":{"rendered":"<p>F\u0131r\u0131ldak G\u00f6zler MERHABA TAV\u015eANCIKMerhaba, ben k\u00fc\u00e7\u00fck bir Tav\u015fan\u0131m K\u0131rlarda ya\u015far\u0131m,G\u00fcn boyu z\u0131plar\u0131m Kuyru\u011fumu sallar oyunuma bakar\u0131m!Salla Yuvarla.K\u0131k\u0131rda!F\u0131r\u0131ldak g\u00f6zleri salla, yuvarla ve afacanTav\u015fanc\u0131k \u2018\u0131n tatl\u0131 hikayesini oku!<\/p>\n","protected":false},"excerpt":{"rendered":"<p>F\u0131r\u0131ldak G\u00f6zler MERHABA TAV\u015eANCIKMerhaba, ben k\u00fc\u00e7\u00fck bir Tav\u015fan\u0131m K\u0131rlarda ya\u015far\u0131m,G\u00fcn boyu z\u0131plar\u0131m Kuyru\u011fumu sallar oyunuma bakar\u0131m!Salla Yuvarla.K\u0131k\u0131rda!F\u0131r\u0131ldak g\u00f6zleri salla, yuvarla ve afacanTav\u015fanc\u0131k \u2018\u0131n tatl\u0131 hikayesini oku!<\/p>\n","protected":false},"featured_media":0,"template":"","meta":{"_monsterinsights_skip_tracking":false,"_monsterinsights_sitenote_active":false,"_monsterinsights_sitenote_note":"","_monsterinsights_sitenote_category":0},"product_brand":[],"product_cat":[12274,12284],"product_tag":[],"class_list":{"0":"post-755997","1":"product","2":"type-product","3":"status-publish","5":"product_cat-cocuk-ve-genclik-kitaplari","6":"product_cat-hikayeler","7":"pa_cilt-ciltli","8":"pa_tur-kitap","9":"pa_yayinevi-beta-kids","10":"pa_yazar-kollektif","12":"first","13":"instock","14":"sale","15":"shipping-taxable","16":"purchasable","17":"product-type-simple"},"_links":{"self":[{"href":"https:\/\/roveyayinevi.com.tr\/index.php\/wp-json\/wp\/v2\/product\/755997","targetHints":{"allow":["GET"]}}],"collection":[{"href":"https:\/\/roveyayinevi.com.tr\/index.php\/wp-json\/wp\/v2\/product"}],"about":[{"href":"https:\/\/roveyayinevi.com.tr\/index.php\/wp-json\/wp\/v2\/types\/product"}],"wp:attachment":[{"href":"https:\/\/roveyayinevi.com.tr\/index.php\/wp-json\/wp\/v2\/media?parent=755997"}],"wp:term":[{"taxonomy":"product_brand","embeddable":true,"href":"https:\/\/roveyayinevi.com.tr\/index.php\/wp-json\/wp\/v2\/product_brand?post=755997"},{"taxonomy":"product_cat","embeddable":true,"href":"https:\/\/roveyayinevi.com.tr\/index.php\/wp-json\/wp\/v2\/product_cat?post=755997"},{"taxonomy":"product_tag","embeddable":true,"href":"https:\/\/roveyayinevi.com.tr\/index.php\/wp-json\/wp\/v2\/product_tag?post=755997"}],"curies":[{"name":"wp","href":"https:\/\/api.w.org\/{rel}","templated":true}]}}