{"id":755996,"date":"2025-08-28T06:54:53","date_gmt":"2025-08-28T03:54:53","guid":{"rendered":"https:\/\/roveyayinevi.com.tr\/index.php\/urun\/hayvanlar-3\/"},"modified":"2026-04-16T03:08:57","modified_gmt":"2026-04-16T00:08:57","slug":"hayvanlar-3","status":"publish","type":"product","link":"https:\/\/roveyayinevi.com.tr\/index.php\/urun\/hayvanlar-3\/","title":{"rendered":"HAYVANLAR"},"content":{"rendered":"<p>Telefon Kitab\u0131m  2-4 ya\u015f aras\u0131 \u00e7ocuklar i\u00e7in cep telefonu g\u00f6rseliyle kitab\u0131 ayn\u0131 tasar\u0131mda birle\u015ftirerek cazip h\u00e2le getirilmi\u015f  ve \u00e7ocuklar\u0131n\u0131z\u0131n  e\u011flenirken \u00f6\u011frenmesi ama\u00e7lanm\u0131\u015ft\u0131r.Telefon Kitab\u0131m serisi Nesneler katagorisinde \u00e7ocuklar\u0131n g\u00fcnl\u00fck hayatta kulland\u0131\u011f\u0131m\u0131z nesneleri tan\u0131mas\u0131n\u0131, isimlerini \u00f6\u011frenmesi ama\u00e7lanm\u0131\u015ft\u0131r. Ayn\u0131 zamanda da ingilizce ifadelere yer vermesiyle dil \u00f6\u011frenme a\u015famas\u0131nda bir ilk ad\u0131m olu\u015fturmas\u0131 hedeflenmi\u015ftir.<\/p>\n","protected":false},"excerpt":{"rendered":"<p>Telefon Kitab\u0131m 2-4 ya\u015f aras\u0131 \u00e7ocuklar i\u00e7in cep telefonu g\u00f6rseliyle kitab\u0131 ayn\u0131 tasar\u0131mda birle\u015ftirerek cazip h\u00e2le getirilmi\u015f ve \u00e7ocuklar\u0131n\u0131z\u0131n e\u011flenirken \u00f6\u011frenmesi ama\u00e7lanm\u0131\u015ft\u0131r.Telefon Kitab\u0131m serisi Nesneler katagorisinde<span class=\"excerpt-hellip\"> [\u2026]<\/span><\/p>\n","protected":false},"featured_media":0,"template":"","meta":{"_monsterinsights_skip_tracking":false,"_monsterinsights_sitenote_active":false,"_monsterinsights_sitenote_note":"","_monsterinsights_sitenote_category":0},"product_brand":[],"product_cat":[12274,24599],"product_tag":[],"class_list":{"0":"post-755996","1":"product","2":"type-product","3":"status-publish","5":"product_cat-cocuk-ve-genclik-kitaplari","6":"product_cat-zeka-gelisimi","7":"pa_cilt-ciltli","8":"pa_tur-kitap","9":"pa_yayinevi-beta-kids","10":"pa_yazar-kollektif","12":"first","13":"instock","14":"sale","15":"shipping-taxable","16":"purchasable","17":"product-type-simple"},"_links":{"self":[{"href":"https:\/\/roveyayinevi.com.tr\/index.php\/wp-json\/wp\/v2\/product\/755996","targetHints":{"allow":["GET"]}}],"collection":[{"href":"https:\/\/roveyayinevi.com.tr\/index.php\/wp-json\/wp\/v2\/product"}],"about":[{"href":"https:\/\/roveyayinevi.com.tr\/index.php\/wp-json\/wp\/v2\/types\/product"}],"wp:attachment":[{"href":"https:\/\/roveyayinevi.com.tr\/index.php\/wp-json\/wp\/v2\/media?parent=755996"}],"wp:term":[{"taxonomy":"product_brand","embeddable":true,"href":"https:\/\/roveyayinevi.com.tr\/index.php\/wp-json\/wp\/v2\/product_brand?post=755996"},{"taxonomy":"product_cat","embeddable":true,"href":"https:\/\/roveyayinevi.com.tr\/index.php\/wp-json\/wp\/v2\/product_cat?post=755996"},{"taxonomy":"product_tag","embeddable":true,"href":"https:\/\/roveyayinevi.com.tr\/index.php\/wp-json\/wp\/v2\/product_tag?post=755996"}],"curies":[{"name":"wp","href":"https:\/\/api.w.org\/{rel}","templated":true}]}}