{"id":755991,"date":"2025-08-28T06:54:45","date_gmt":"2025-08-28T03:54:45","guid":{"rendered":"https:\/\/roveyayinevi.com.tr\/index.php\/urun\/eve-donus-yolculugu\/"},"modified":"2026-04-16T03:08:57","modified_gmt":"2026-04-16T00:08:57","slug":"eve-donus-yolculugu","status":"publish","type":"product","link":"https:\/\/roveyayinevi.com.tr\/index.php\/urun\/eve-donus-yolculugu\/","title":{"rendered":"EVE D\u00d6N\u00dc\u015e YOLCULU\u011eU"},"content":{"rendered":"<p>Tombul Tavuk, t\u00fcm d\u00fcnyadaki kaybolmu\u015f ve terk edilmi\u015f yumurtalar\u0131 kurtarm\u0131\u015ft\u0131. B\u00fcy\u00fck yumurtalar, k\u00fc\u00e7\u00fck yumurtalar, benekli yumurtalar&#8230; Yumurtalar \u00e7atlad\u0131k\u00e7a do\u011fan yavrularsa, leylekler, bayku\u015flar ve hatta s\u00fcr\u00fcngenler. Boyutu ne olursa olsun, yumurtadan yeni \u00e7\u0131kan her yavruyu e\u015fit seviyordu. Ama Tombul Tavuk, o g\u00fcne kadarki en b\u00fcy\u00fck yolculu\u011funa \u00e7\u0131kaca\u011f\u0131 g\u00fcn\u00fcn, yakla\u015fmakta oldu\u011funu biliyordu ve bu defa t\u00fcm ailesiyle bir arada olacakt\u0131. Yavrular i\u00e7in art\u0131k yuvadan u\u00e7ma vakti gelmi\u015fti!<\/p>\n","protected":false},"excerpt":{"rendered":"<p>Tombul Tavuk, t\u00fcm d\u00fcnyadaki kaybolmu\u015f ve terk edilmi\u015f yumurtalar\u0131 kurtarm\u0131\u015ft\u0131. B\u00fcy\u00fck yumurtalar, k\u00fc\u00e7\u00fck yumurtalar, benekli yumurtalar&#8230; Yumurtalar \u00e7atlad\u0131k\u00e7a do\u011fan yavrularsa, leylekler, bayku\u015flar ve hatta s\u00fcr\u00fcngenler. Boyutu<span class=\"excerpt-hellip\"> [\u2026]<\/span><\/p>\n","protected":false},"featured_media":0,"template":"","meta":{"_monsterinsights_skip_tracking":false,"_monsterinsights_sitenote_active":false,"_monsterinsights_sitenote_note":"","_monsterinsights_sitenote_category":0},"product_brand":[],"product_cat":[12274,12284],"product_tag":[],"class_list":{"0":"post-755991","1":"product","2":"type-product","3":"status-publish","5":"product_cat-cocuk-ve-genclik-kitaplari","6":"product_cat-hikayeler","7":"pa_cilt-ciltsiz","8":"pa_tur-kitap","9":"pa_yayinevi-beta-kids","10":"pa_yazar-emma-levey","12":"first","13":"instock","14":"sale","15":"shipping-taxable","16":"purchasable","17":"product-type-simple"},"_links":{"self":[{"href":"https:\/\/roveyayinevi.com.tr\/index.php\/wp-json\/wp\/v2\/product\/755991","targetHints":{"allow":["GET"]}}],"collection":[{"href":"https:\/\/roveyayinevi.com.tr\/index.php\/wp-json\/wp\/v2\/product"}],"about":[{"href":"https:\/\/roveyayinevi.com.tr\/index.php\/wp-json\/wp\/v2\/types\/product"}],"wp:attachment":[{"href":"https:\/\/roveyayinevi.com.tr\/index.php\/wp-json\/wp\/v2\/media?parent=755991"}],"wp:term":[{"taxonomy":"product_brand","embeddable":true,"href":"https:\/\/roveyayinevi.com.tr\/index.php\/wp-json\/wp\/v2\/product_brand?post=755991"},{"taxonomy":"product_cat","embeddable":true,"href":"https:\/\/roveyayinevi.com.tr\/index.php\/wp-json\/wp\/v2\/product_cat?post=755991"},{"taxonomy":"product_tag","embeddable":true,"href":"https:\/\/roveyayinevi.com.tr\/index.php\/wp-json\/wp\/v2\/product_tag?post=755991"}],"curies":[{"name":"wp","href":"https:\/\/api.w.org\/{rel}","templated":true}]}}