{"id":755987,"date":"2025-08-28T06:54:38","date_gmt":"2025-08-28T03:54:38","guid":{"rendered":"https:\/\/roveyayinevi.com.tr\/index.php\/urun\/bu-guzel-gezegen\/"},"modified":"2026-04-08T03:16:34","modified_gmt":"2026-04-08T00:16:34","slug":"bu-guzel-gezegen","status":"publish","type":"product","link":"https:\/\/roveyayinevi.com.tr\/index.php\/urun\/bu-guzel-gezegen\/","title":{"rendered":"BU G\u00dcZEL GEZEGEN"},"content":{"rendered":"<p>Zaman u\u00e7up gider.As\u0131rlar ge\u00e7er.\u0130mparatorluklar y\u00fckselir ve \u00e7\u00f6ker.Tarih seni bana ula\u015ft\u0131r\u0131r\u2026Uzayda d\u00f6n\u00fcp duran bu g\u00fczel gezegende.Gezegenimizde bir zaman yolculu\u011funa \u00e7\u0131kmaya ve \u00f6nemli d\u00f6nemlere tan\u0131kl\u0131k etmeye ne dersiniz? Muhte\u015fem \u00e7izimlere sahip bu kitap, g\u00fczel \u015fark\u0131s\u0131 ve \u015fiirsel anlat\u0131m\u0131 e\u015fli\u011finde miniklerimizi bu yolculu\u011fa davet ediyor.Minik okurlar\u0131m\u0131z bu kitapla; Piramitler\u2019den Sanayi Devrimi\u2019ne, R\u00f6nesans\u2019tan Bilgi \u00c7a\u011f\u0131\u2019na kadar ge\u00e7en zamanda k\u00fc\u00e7\u00fck bir seyahate \u00e7\u0131kacaklar. Bu seyahat s\u0131ras\u0131nda gezegenimizin nas\u0131l de\u011fi\u015fti\u011fine ve kirlendi\u011fine tan\u0131kl\u0131k edecekler.<\/p>\n","protected":false},"excerpt":{"rendered":"<p>Zaman u\u00e7up gider.As\u0131rlar ge\u00e7er.\u0130mparatorluklar y\u00fckselir ve \u00e7\u00f6ker.Tarih seni bana ula\u015ft\u0131r\u0131r\u2026Uzayda d\u00f6n\u00fcp duran bu g\u00fczel gezegende.Gezegenimizde bir zaman yolculu\u011funa \u00e7\u0131kmaya ve \u00f6nemli d\u00f6nemlere tan\u0131kl\u0131k etmeye ne dersiniz?<span class=\"excerpt-hellip\"> [\u2026]<\/span><\/p>\n","protected":false},"featured_media":0,"template":"","meta":{"_monsterinsights_skip_tracking":false,"_monsterinsights_sitenote_active":false,"_monsterinsights_sitenote_note":"","_monsterinsights_sitenote_category":0},"product_brand":[],"product_cat":[12274,12284],"product_tag":[],"class_list":{"0":"post-755987","1":"product","2":"type-product","3":"status-publish","5":"product_cat-cocuk-ve-genclik-kitaplari","6":"product_cat-hikayeler","7":"pa_cilt-ciltsiz","8":"pa_tur-kitap","9":"pa_yayinevi-beta-kids","10":"pa_yazar-tom-chapin-john-forster-lee-white","12":"first","13":"instock","14":"sale","15":"shipping-taxable","16":"purchasable","17":"product-type-simple"},"_links":{"self":[{"href":"https:\/\/roveyayinevi.com.tr\/index.php\/wp-json\/wp\/v2\/product\/755987","targetHints":{"allow":["GET"]}}],"collection":[{"href":"https:\/\/roveyayinevi.com.tr\/index.php\/wp-json\/wp\/v2\/product"}],"about":[{"href":"https:\/\/roveyayinevi.com.tr\/index.php\/wp-json\/wp\/v2\/types\/product"}],"wp:attachment":[{"href":"https:\/\/roveyayinevi.com.tr\/index.php\/wp-json\/wp\/v2\/media?parent=755987"}],"wp:term":[{"taxonomy":"product_brand","embeddable":true,"href":"https:\/\/roveyayinevi.com.tr\/index.php\/wp-json\/wp\/v2\/product_brand?post=755987"},{"taxonomy":"product_cat","embeddable":true,"href":"https:\/\/roveyayinevi.com.tr\/index.php\/wp-json\/wp\/v2\/product_cat?post=755987"},{"taxonomy":"product_tag","embeddable":true,"href":"https:\/\/roveyayinevi.com.tr\/index.php\/wp-json\/wp\/v2\/product_tag?post=755987"}],"curies":[{"name":"wp","href":"https:\/\/api.w.org\/{rel}","templated":true}]}}