{"id":755986,"date":"2025-08-28T06:54:37","date_gmt":"2025-08-28T03:54:37","guid":{"rendered":"https:\/\/roveyayinevi.com.tr\/index.php\/urun\/go-go-igo-bir-akil-oyunu-hikayesi\/"},"modified":"2026-04-16T03:08:57","modified_gmt":"2026-04-16T00:08:57","slug":"go-go-igo-bir-akil-oyunu-hikayesi","status":"publish","type":"product","link":"https:\/\/roveyayinevi.com.tr\/index.php\/urun\/go-go-igo-bir-akil-oyunu-hikayesi\/","title":{"rendered":"GO GO \u0130GO: B\u0130R AKIL OYUNU H\u0130KAYES\u0130"},"content":{"rendered":"<p>Teo heyecanla uyand\u0131. Bugu\u0308n onun dog\u0306um gu\u0308nu\u0308. O klasik bir kutlamaya haz\u0131rlan\u0131rken, asl\u0131nda kendisini oldukc\u0327a farkl\u0131 bir gu\u0308n bekliyor.Haydi, siz de Teo\u2019ya Japon Bahc\u0327esi\u2019nde es\u0327lik edin, du\u0308nyan\u0131n en eski oyunlar\u0131ndanGo ile tan\u0131s\u0327\u0131n. Go, yaklas\u0327\u0131k do\u0308rt bin y\u0131l o\u0308nce C\u0327in\u2019de ortaya c\u0327\u0131km\u0131s\u0327 bir strateji oyunudur. Gu\u0308nu\u0308mu\u0308zde Bat\u0131 du\u0308nyas\u0131nda da popu\u0308lerlig\u0306i artmaktad\u0131r ancak ha\u0302len C\u0327in, Japonya ve Kore, Go\u2019nun en yayg\u0131n oynand\u0131g\u0306\u0131 u\u0308lkelerdir. Uzak Dog\u0306u\u2019da Go oyununu anlatan c\u0327izgi filmler, sadece Go ile ilgili yay\u0131n yapan televizyon kanallar\u0131 ve hatta Go u\u0308zerine eg\u0306itim veren bir u\u0308niversite bo\u0308lu\u0308mu\u0308 vard\u0131r.Go oynamak; dikkat, problem c\u0327o\u0308zme ve analitik du\u0308s\u0327u\u0308nme becerilerini gelis\u0327tirir. Go bir oyun oldug\u0306u kadar bir ku\u0308ltu\u0308r ve gelenektir: Rakibinize kars\u0327\u0131 sayg\u0131l\u0131 ve nazik olman\u0131z, kazanmaya deg\u0306il kendinizi gelis\u0327tirmeye o\u0308nem vermeniz tavsiye edilir.<\/p>\n","protected":false},"excerpt":{"rendered":"<p>Teo heyecanla uyand\u0131. Bugu\u0308n onun dog\u0306um gu\u0308nu\u0308. O klasik bir kutlamaya haz\u0131rlan\u0131rken, asl\u0131nda kendisini oldukc\u0327a farkl\u0131 bir gu\u0308n bekliyor.Haydi, siz de Teo\u2019ya Japon Bahc\u0327esi\u2019nde es\u0327lik edin,<span class=\"excerpt-hellip\"> [\u2026]<\/span><\/p>\n","protected":false},"featured_media":0,"template":"","meta":{"_monsterinsights_skip_tracking":false,"_monsterinsights_sitenote_active":false,"_monsterinsights_sitenote_note":"","_monsterinsights_sitenote_category":0},"product_brand":[],"product_cat":[12274,12284],"product_tag":[],"class_list":{"0":"post-755986","1":"product","2":"type-product","3":"status-publish","5":"product_cat-cocuk-ve-genclik-kitaplari","6":"product_cat-hikayeler","7":"pa_cilt-ciltsiz","8":"pa_tur-kitap","9":"pa_yayinevi-beta-kids","10":"pa_yazar-betul-kanbolat-mehmet-emin-barsbey","12":"first","13":"instock","14":"sale","15":"shipping-taxable","16":"purchasable","17":"product-type-simple"},"_links":{"self":[{"href":"https:\/\/roveyayinevi.com.tr\/index.php\/wp-json\/wp\/v2\/product\/755986","targetHints":{"allow":["GET"]}}],"collection":[{"href":"https:\/\/roveyayinevi.com.tr\/index.php\/wp-json\/wp\/v2\/product"}],"about":[{"href":"https:\/\/roveyayinevi.com.tr\/index.php\/wp-json\/wp\/v2\/types\/product"}],"wp:attachment":[{"href":"https:\/\/roveyayinevi.com.tr\/index.php\/wp-json\/wp\/v2\/media?parent=755986"}],"wp:term":[{"taxonomy":"product_brand","embeddable":true,"href":"https:\/\/roveyayinevi.com.tr\/index.php\/wp-json\/wp\/v2\/product_brand?post=755986"},{"taxonomy":"product_cat","embeddable":true,"href":"https:\/\/roveyayinevi.com.tr\/index.php\/wp-json\/wp\/v2\/product_cat?post=755986"},{"taxonomy":"product_tag","embeddable":true,"href":"https:\/\/roveyayinevi.com.tr\/index.php\/wp-json\/wp\/v2\/product_tag?post=755986"}],"curies":[{"name":"wp","href":"https:\/\/api.w.org\/{rel}","templated":true}]}}