{"id":755985,"date":"2025-08-28T06:54:35","date_gmt":"2025-08-28T03:54:35","guid":{"rendered":"https:\/\/roveyayinevi.com.tr\/index.php\/urun\/cyril-ve-pat\/"},"modified":"2026-02-03T03:23:36","modified_gmt":"2026-02-03T00:23:36","slug":"cyril-ve-pat","status":"publish","type":"product","link":"https:\/\/roveyayinevi.com.tr\/index.php\/urun\/cyril-ve-pat\/","title":{"rendered":"CYRIL VE PAT"},"content":{"rendered":"<p>D\u00fcnyaca \u00fcnl\u00fc yazar Emily Gravett taraf\u0131ndan yaz\u0131lan Cyril ve Pat kitab\u0131 BookTrust Storytime ve Kate Greenway \u00f6d\u00fcllerine lay\u0131k g\u00f6r\u00fcld\u00fc!Cyril bir sincap, Pat ise bir fare.Hi\u00e7 kimse arkada\u015f olabileceklerini d\u00fc\u015f\u00fcnm\u00fcyordu, ama neden olmas\u0131n?\u201cY\u00fcksek sesle okumak i\u00e7in \u00e7ok e\u011flenceli.\u201d \u2013 Guardian\u201cBu resimli hik\u00e2ye kitab\u0131, farkl\u0131l\u0131klar\u0131n hi\u00e7bir \u00f6nemi olmad\u0131\u011f\u0131n\u0131 anlat\u0131yor.\u201d \u2013 The Sunday Times<\/p>\n","protected":false},"excerpt":{"rendered":"<p>D\u00fcnyaca \u00fcnl\u00fc yazar Emily Gravett taraf\u0131ndan yaz\u0131lan Cyril ve Pat kitab\u0131 BookTrust Storytime ve Kate Greenway \u00f6d\u00fcllerine lay\u0131k g\u00f6r\u00fcld\u00fc!Cyril bir sincap, Pat ise bir fare.Hi\u00e7 kimse<span class=\"excerpt-hellip\"> [\u2026]<\/span><\/p>\n","protected":false},"featured_media":0,"template":"","meta":{"_monsterinsights_skip_tracking":false,"_monsterinsights_sitenote_active":false,"_monsterinsights_sitenote_note":"","_monsterinsights_sitenote_category":0},"product_brand":[],"product_cat":[12274,12284],"product_tag":[],"class_list":{"0":"post-755985","1":"product","2":"type-product","3":"status-publish","5":"product_cat-cocuk-ve-genclik-kitaplari","6":"product_cat-hikayeler","7":"pa_cilt-ciltsiz","8":"pa_tur-kitap","9":"pa_yayinevi-beta-kids","10":"pa_yazar-emily-gravett","12":"first","13":"instock","14":"sale","15":"shipping-taxable","16":"purchasable","17":"product-type-simple"},"_links":{"self":[{"href":"https:\/\/roveyayinevi.com.tr\/index.php\/wp-json\/wp\/v2\/product\/755985","targetHints":{"allow":["GET"]}}],"collection":[{"href":"https:\/\/roveyayinevi.com.tr\/index.php\/wp-json\/wp\/v2\/product"}],"about":[{"href":"https:\/\/roveyayinevi.com.tr\/index.php\/wp-json\/wp\/v2\/types\/product"}],"wp:attachment":[{"href":"https:\/\/roveyayinevi.com.tr\/index.php\/wp-json\/wp\/v2\/media?parent=755985"}],"wp:term":[{"taxonomy":"product_brand","embeddable":true,"href":"https:\/\/roveyayinevi.com.tr\/index.php\/wp-json\/wp\/v2\/product_brand?post=755985"},{"taxonomy":"product_cat","embeddable":true,"href":"https:\/\/roveyayinevi.com.tr\/index.php\/wp-json\/wp\/v2\/product_cat?post=755985"},{"taxonomy":"product_tag","embeddable":true,"href":"https:\/\/roveyayinevi.com.tr\/index.php\/wp-json\/wp\/v2\/product_tag?post=755985"}],"curies":[{"name":"wp","href":"https:\/\/api.w.org\/{rel}","templated":true}]}}