{"id":755984,"date":"2025-08-28T06:54:33","date_gmt":"2025-08-28T03:54:33","guid":{"rendered":"https:\/\/roveyayinevi.com.tr\/index.php\/urun\/dinozorlar-yasiyor-mu\/"},"modified":"2026-04-16T03:08:57","modified_gmt":"2026-04-16T00:08:57","slug":"dinozorlar-yasiyor-mu","status":"publish","type":"product","link":"https:\/\/roveyayinevi.com.tr\/index.php\/urun\/dinozorlar-yasiyor-mu\/","title":{"rendered":"D\u0130NOZORLAR YA\u015eIYOR MU"},"content":{"rendered":"<p>Dinozorlar Ya\u015f\u0131yor mu?     Sofya arka arkaya g\u00f6rd\u00fc\u011f\u00fc r\u00fcyalarla her sabaha \u201cDinozorlar ya\u015f\u0131yor mu?\u201d sorusuyla uyan\u0131r. R\u00fcyalar\u0131ndan o kadar etkilenir, dinozorlar\u0131n h\u00e2l\u00e2 var oldu\u011funa \u00f6yle bir inan\u0131r ki sonunda bunu en yak\u0131n arkada\u015flar\u0131yla payla\u015fmaya karar verir. Zeynep, Doruk ve Sina da Sofya\u2019n\u0131n heyecan\u0131na ortak olur ve hep birlikte r\u00fcyalar\u0131n arkas\u0131ndaki gizemi \u00e7\u00f6zmeye giri\u015firler. \u00c7ok ge\u00e7meden d\u00f6rt kafadar, \u00f6\u011fretmenlerinin de yard\u0131m\u0131yla, kendilerini bir maceran\u0131n ortas\u0131nda bulur.Peki, sizce \u201cDinozorlar ya\u015f\u0131yor mu?\u201d sorusunun yan\u0131t\u0131n\u0131 bulacaklar m\u0131? Cevap \u201cEveeeet!\u201d ise, hadi i\u00e7eriye, dinozorlar\u0131 bulmaya gidiyoruz!<\/p>\n","protected":false},"excerpt":{"rendered":"<p>Dinozorlar Ya\u015f\u0131yor mu? Sofya arka arkaya g\u00f6rd\u00fc\u011f\u00fc r\u00fcyalarla her sabaha \u201cDinozorlar ya\u015f\u0131yor mu?\u201d sorusuyla uyan\u0131r. R\u00fcyalar\u0131ndan o kadar etkilenir, dinozorlar\u0131n h\u00e2l\u00e2 var oldu\u011funa \u00f6yle bir inan\u0131r<span class=\"excerpt-hellip\"> [\u2026]<\/span><\/p>\n","protected":false},"featured_media":0,"template":"","meta":{"_monsterinsights_skip_tracking":false,"_monsterinsights_sitenote_active":false,"_monsterinsights_sitenote_note":"","_monsterinsights_sitenote_category":0},"product_brand":[],"product_cat":[12274,12284],"product_tag":[],"class_list":{"0":"post-755984","1":"product","2":"type-product","3":"status-publish","5":"product_cat-cocuk-ve-genclik-kitaplari","6":"product_cat-hikayeler","7":"pa_cilt-ciltsiz","8":"pa_tur-kitap","9":"pa_yayinevi-beta-kids","10":"pa_yazar-merve-yilmaz-erdogan","12":"first","13":"instock","14":"sale","15":"shipping-taxable","16":"purchasable","17":"product-type-simple"},"_links":{"self":[{"href":"https:\/\/roveyayinevi.com.tr\/index.php\/wp-json\/wp\/v2\/product\/755984","targetHints":{"allow":["GET"]}}],"collection":[{"href":"https:\/\/roveyayinevi.com.tr\/index.php\/wp-json\/wp\/v2\/product"}],"about":[{"href":"https:\/\/roveyayinevi.com.tr\/index.php\/wp-json\/wp\/v2\/types\/product"}],"wp:attachment":[{"href":"https:\/\/roveyayinevi.com.tr\/index.php\/wp-json\/wp\/v2\/media?parent=755984"}],"wp:term":[{"taxonomy":"product_brand","embeddable":true,"href":"https:\/\/roveyayinevi.com.tr\/index.php\/wp-json\/wp\/v2\/product_brand?post=755984"},{"taxonomy":"product_cat","embeddable":true,"href":"https:\/\/roveyayinevi.com.tr\/index.php\/wp-json\/wp\/v2\/product_cat?post=755984"},{"taxonomy":"product_tag","embeddable":true,"href":"https:\/\/roveyayinevi.com.tr\/index.php\/wp-json\/wp\/v2\/product_tag?post=755984"}],"curies":[{"name":"wp","href":"https:\/\/api.w.org\/{rel}","templated":true}]}}