{"id":755981,"date":"2025-08-28T06:54:29","date_gmt":"2025-08-28T03:54:29","guid":{"rendered":"https:\/\/roveyayinevi.com.tr\/index.php\/urun\/boo-gizemli-bir-balik-macerasi\/"},"modified":"2026-04-05T03:11:49","modified_gmt":"2026-04-05T00:11:49","slug":"boo-gizemli-bir-balik-macerasi","status":"publish","type":"product","link":"https:\/\/roveyayinevi.com.tr\/index.php\/urun\/boo-gizemli-bir-balik-macerasi\/","title":{"rendered":"B\u00d6\u00d6 ! Gizemli Bir Bal\u0131k Maceras\u0131"},"content":{"rendered":"<p>\u00d6d\u00fcll\u00fc, Bir Tilki: Heyecanl\u0131 Bir Sayma Hik\u00e2yesi kitab\u0131n\u0131n yarat\u0131c\u0131s\u0131ndan e\u011flenceli, k\u0131p\u0131r k\u0131p\u0131r bir hik\u00e2ye\u2026Dalgalar\u0131n alt\u0131nda reng\u00e2renk bir karma\u015fa var. K\u0131rm\u0131z\u0131 ahtapot, ye\u015fil kaplumba\u011fa ve hatta g\u00fcm\u00fc\u015f grisi k\u00f6pek bal\u0131klar\u0131 bile korkuyor. Ve giderek b\u00fcy\u00fcyen bu s\u00f6ylentinin tek nedeni minik pembe bir bal\u0131k.Ezra Jack Keats New Illustrator Onur \u00d6d\u00fcl\u00fc, Notable Children\u2019s Books, Best Books for Kids ve  Outstanding International Books gibi bir \u00e7ok \u00f6d\u00fcl\u00fcn sahibi Kate Read, \u015fimdi kendine has \u00e7izimleriyle ve capcanl\u0131 renkleriyle B\u00d6\u00d6 kitab\u0131 ile kar\u015f\u0131n\u0131zda!<\/p>\n","protected":false},"excerpt":{"rendered":"<p>\u00d6d\u00fcll\u00fc, Bir Tilki: Heyecanl\u0131 Bir Sayma Hik\u00e2yesi kitab\u0131n\u0131n yarat\u0131c\u0131s\u0131ndan e\u011flenceli, k\u0131p\u0131r k\u0131p\u0131r bir hik\u00e2ye\u2026Dalgalar\u0131n alt\u0131nda reng\u00e2renk bir karma\u015fa var. K\u0131rm\u0131z\u0131 ahtapot, ye\u015fil kaplumba\u011fa ve hatta g\u00fcm\u00fc\u015f<span class=\"excerpt-hellip\"> [\u2026]<\/span><\/p>\n","protected":false},"featured_media":0,"template":"","meta":{"_monsterinsights_skip_tracking":false,"_monsterinsights_sitenote_active":false,"_monsterinsights_sitenote_note":"","_monsterinsights_sitenote_category":0},"product_brand":[],"product_cat":[12274,12284],"product_tag":[],"class_list":{"0":"post-755981","1":"product","2":"type-product","3":"status-publish","5":"product_cat-cocuk-ve-genclik-kitaplari","6":"product_cat-hikayeler","7":"pa_cilt-ciltsiz","8":"pa_tur-kitap","9":"pa_yayinevi-beta-kids","10":"pa_yazar-kate-read","12":"first","13":"instock","14":"sale","15":"shipping-taxable","16":"purchasable","17":"product-type-simple"},"_links":{"self":[{"href":"https:\/\/roveyayinevi.com.tr\/index.php\/wp-json\/wp\/v2\/product\/755981","targetHints":{"allow":["GET"]}}],"collection":[{"href":"https:\/\/roveyayinevi.com.tr\/index.php\/wp-json\/wp\/v2\/product"}],"about":[{"href":"https:\/\/roveyayinevi.com.tr\/index.php\/wp-json\/wp\/v2\/types\/product"}],"wp:attachment":[{"href":"https:\/\/roveyayinevi.com.tr\/index.php\/wp-json\/wp\/v2\/media?parent=755981"}],"wp:term":[{"taxonomy":"product_brand","embeddable":true,"href":"https:\/\/roveyayinevi.com.tr\/index.php\/wp-json\/wp\/v2\/product_brand?post=755981"},{"taxonomy":"product_cat","embeddable":true,"href":"https:\/\/roveyayinevi.com.tr\/index.php\/wp-json\/wp\/v2\/product_cat?post=755981"},{"taxonomy":"product_tag","embeddable":true,"href":"https:\/\/roveyayinevi.com.tr\/index.php\/wp-json\/wp\/v2\/product_tag?post=755981"}],"curies":[{"name":"wp","href":"https:\/\/api.w.org\/{rel}","templated":true}]}}