{"id":755978,"date":"2025-08-28T06:54:24","date_gmt":"2025-08-28T03:54:24","guid":{"rendered":"https:\/\/roveyayinevi.com.tr\/index.php\/urun\/ayinin-biri-oturmus-sandelyeme\/"},"modified":"2026-04-16T03:08:56","modified_gmt":"2026-04-16T00:08:56","slug":"ayinin-biri-oturmus-sandelyeme","status":"publish","type":"product","link":"https:\/\/roveyayinevi.com.tr\/index.php\/urun\/ayinin-biri-oturmus-sandelyeme\/","title":{"rendered":"AYININ B\u0130R\u0130 OTURMU\u015e SANDELYEME"},"content":{"rendered":"<p>K\u00fc\u00e7\u00fck bir fare ile koskocaman bir ay\u0131n\u0131n e\u011flenceli hik\u00e2yesini okumaya haz\u0131r m\u0131s\u0131n?K\u00fc\u00e7\u00fck fare bu kocaman ay\u0131y\u0131 sandalyesinden kald\u0131rmay\u0131 ba\u015farabilecek mi?\u201cTek bir sandalyeyle bir fare ve bir ay\u0131 pek de mutlu bir ikili, olmuyoruz do\u011frusu.\u201d<\/p>\n","protected":false},"excerpt":{"rendered":"<p>K\u00fc\u00e7\u00fck bir fare ile koskocaman bir ay\u0131n\u0131n e\u011flenceli hik\u00e2yesini okumaya haz\u0131r m\u0131s\u0131n?K\u00fc\u00e7\u00fck fare bu kocaman ay\u0131y\u0131 sandalyesinden kald\u0131rmay\u0131 ba\u015farabilecek mi?\u201cTek bir sandalyeyle bir fare ve bir<span class=\"excerpt-hellip\"> [\u2026]<\/span><\/p>\n","protected":false},"featured_media":0,"template":"","meta":{"_monsterinsights_skip_tracking":false,"_monsterinsights_sitenote_active":false,"_monsterinsights_sitenote_note":"","_monsterinsights_sitenote_category":0},"product_brand":[],"product_cat":[12274,12284],"product_tag":[],"class_list":{"0":"post-755978","1":"product","2":"type-product","3":"status-publish","5":"product_cat-cocuk-ve-genclik-kitaplari","6":"product_cat-hikayeler","7":"pa_cilt-ciltsiz","8":"pa_tur-kitap","9":"pa_yayinevi-beta-kids","10":"pa_yazar-ross-collins","12":"first","13":"instock","14":"sale","15":"shipping-taxable","16":"purchasable","17":"product-type-simple"},"_links":{"self":[{"href":"https:\/\/roveyayinevi.com.tr\/index.php\/wp-json\/wp\/v2\/product\/755978","targetHints":{"allow":["GET"]}}],"collection":[{"href":"https:\/\/roveyayinevi.com.tr\/index.php\/wp-json\/wp\/v2\/product"}],"about":[{"href":"https:\/\/roveyayinevi.com.tr\/index.php\/wp-json\/wp\/v2\/types\/product"}],"wp:attachment":[{"href":"https:\/\/roveyayinevi.com.tr\/index.php\/wp-json\/wp\/v2\/media?parent=755978"}],"wp:term":[{"taxonomy":"product_brand","embeddable":true,"href":"https:\/\/roveyayinevi.com.tr\/index.php\/wp-json\/wp\/v2\/product_brand?post=755978"},{"taxonomy":"product_cat","embeddable":true,"href":"https:\/\/roveyayinevi.com.tr\/index.php\/wp-json\/wp\/v2\/product_cat?post=755978"},{"taxonomy":"product_tag","embeddable":true,"href":"https:\/\/roveyayinevi.com.tr\/index.php\/wp-json\/wp\/v2\/product_tag?post=755978"}],"curies":[{"name":"wp","href":"https:\/\/api.w.org\/{rel}","templated":true}]}}