{"id":755971,"date":"2025-08-28T06:54:11","date_gmt":"2025-08-28T03:54:11","guid":{"rendered":"https:\/\/roveyayinevi.com.tr\/index.php\/urun\/annemi-cok-seviyorum\/"},"modified":"2025-10-14T09:33:44","modified_gmt":"2025-10-14T06:33:44","slug":"annemi-cok-seviyorum","status":"publish","type":"product","link":"https:\/\/roveyayinevi.com.tr\/index.php\/urun\/annemi-cok-seviyorum\/","title":{"rendered":"ANNEM\u0130 \u00c7OK SEV\u0130YORUM"},"content":{"rendered":"<p>Annemi \u00e7ok seviyorum \u00e7u\u0308nku\u0308\u2026 Her sabah beni \u00f6perek uyand\u0131r\u0131r ve der ki, \u201cUyan, uyan, kalk ve p\u0131r\u0131l p\u0131r\u0131l parla, bu\u0308tu\u0308n ay \u0131\u015f\u0131klar\u0131 kavanozda.\u201d\u00c7ocuklar\u0131n\u0131n annelerini \u00e7ok sevmelerinin birbirinden \u00f6zel nedenleri u\u0308zerine yu\u0308rekleri \u0131s\u0131tan s\u0131cac\u0131k bir hik\u00e2ye.<\/p>\n","protected":false},"excerpt":{"rendered":"<p>Annemi \u00e7ok seviyorum \u00e7u\u0308nku\u0308\u2026 Her sabah beni \u00f6perek uyand\u0131r\u0131r ve der ki, \u201cUyan, uyan, kalk ve p\u0131r\u0131l p\u0131r\u0131l parla, bu\u0308tu\u0308n ay \u0131\u015f\u0131klar\u0131 kavanozda.\u201d\u00c7ocuklar\u0131n\u0131n annelerini \u00e7ok sevmelerinin<span class=\"excerpt-hellip\"> [\u2026]<\/span><\/p>\n","protected":false},"featured_media":0,"template":"","meta":{"_monsterinsights_skip_tracking":false,"_monsterinsights_sitenote_active":false,"_monsterinsights_sitenote_note":"","_monsterinsights_sitenote_category":0},"product_brand":[],"product_cat":[12274,12284],"product_tag":[],"class_list":{"0":"post-755971","1":"product","2":"type-product","3":"status-publish","5":"product_cat-cocuk-ve-genclik-kitaplari","6":"product_cat-hikayeler","7":"pa_cilt-ciltsiz","8":"pa_tur-kitap","9":"pa_yayinevi-beta-kids","10":"pa_yazar-stephanie-dragone","12":"first","13":"instock","14":"sale","15":"shipping-taxable","16":"purchasable","17":"product-type-simple"},"_links":{"self":[{"href":"https:\/\/roveyayinevi.com.tr\/index.php\/wp-json\/wp\/v2\/product\/755971","targetHints":{"allow":["GET"]}}],"collection":[{"href":"https:\/\/roveyayinevi.com.tr\/index.php\/wp-json\/wp\/v2\/product"}],"about":[{"href":"https:\/\/roveyayinevi.com.tr\/index.php\/wp-json\/wp\/v2\/types\/product"}],"wp:attachment":[{"href":"https:\/\/roveyayinevi.com.tr\/index.php\/wp-json\/wp\/v2\/media?parent=755971"}],"wp:term":[{"taxonomy":"product_brand","embeddable":true,"href":"https:\/\/roveyayinevi.com.tr\/index.php\/wp-json\/wp\/v2\/product_brand?post=755971"},{"taxonomy":"product_cat","embeddable":true,"href":"https:\/\/roveyayinevi.com.tr\/index.php\/wp-json\/wp\/v2\/product_cat?post=755971"},{"taxonomy":"product_tag","embeddable":true,"href":"https:\/\/roveyayinevi.com.tr\/index.php\/wp-json\/wp\/v2\/product_tag?post=755971"}],"curies":[{"name":"wp","href":"https:\/\/api.w.org\/{rel}","templated":true}]}}