{"id":755969,"date":"2025-08-28T06:54:07","date_gmt":"2025-08-28T03:54:07","guid":{"rendered":"https:\/\/roveyayinevi.com.tr\/index.php\/urun\/altin-sacli-kiz-ve-uc-ayi-2\/"},"modified":"2025-08-31T19:56:36","modified_gmt":"2025-08-31T16:56:36","slug":"altin-sacli-kiz-ve-uc-ayi-2","status":"publish","type":"product","link":"https:\/\/roveyayinevi.com.tr\/index.php\/urun\/altin-sacli-kiz-ve-uc-ayi-2\/","title":{"rendered":"ALTIN SA\u00c7LI KIZ VE \u00dc\u00c7 AYI"},"content":{"rendered":"<p>Bir gu\u0308n ormanda yu\u0308ru\u0308rken Alt\u0131n Sa\u00e7l\u0131 K\u0131z\u2019\u0131n kar\u015f\u0131s\u0131na bir ev \u00e7\u0131kar. Bu evden \u00e7ok gu\u0308zel yulaf lapas\u0131 kokular\u0131 gelmektedir. O da bu kokular\u0131n pe\u015finden gidip eve girer.Klasik peri masal\u0131n\u0131n yeniden anlat\u0131m\u0131nda bundan sonra neler olaca\u011f\u0131n\u0131 ke\u015ffedin.<\/p>\n","protected":false},"excerpt":{"rendered":"<p>Bir gu\u0308n ormanda yu\u0308ru\u0308rken Alt\u0131n Sa\u00e7l\u0131 K\u0131z\u2019\u0131n kar\u015f\u0131s\u0131na bir ev \u00e7\u0131kar. Bu evden \u00e7ok gu\u0308zel yulaf lapas\u0131 kokular\u0131 gelmektedir. O da bu kokular\u0131n pe\u015finden gidip eve<span class=\"excerpt-hellip\"> [\u2026]<\/span><\/p>\n","protected":false},"featured_media":0,"template":"","meta":{"_monsterinsights_skip_tracking":false,"_monsterinsights_sitenote_active":false,"_monsterinsights_sitenote_note":"","_monsterinsights_sitenote_category":0},"product_brand":[],"product_cat":[12274,12284],"product_tag":[],"class_list":{"0":"post-755969","1":"product","2":"type-product","3":"status-publish","5":"product_cat-cocuk-ve-genclik-kitaplari","6":"product_cat-hikayeler","7":"pa_cilt-ciltsiz","8":"pa_tur-kitap","9":"pa_yayinevi-beta-kids","10":"pa_yazar-nat-lambert","12":"first","13":"instock","14":"sale","15":"shipping-taxable","16":"purchasable","17":"product-type-simple"},"_links":{"self":[{"href":"https:\/\/roveyayinevi.com.tr\/index.php\/wp-json\/wp\/v2\/product\/755969","targetHints":{"allow":["GET"]}}],"collection":[{"href":"https:\/\/roveyayinevi.com.tr\/index.php\/wp-json\/wp\/v2\/product"}],"about":[{"href":"https:\/\/roveyayinevi.com.tr\/index.php\/wp-json\/wp\/v2\/types\/product"}],"wp:attachment":[{"href":"https:\/\/roveyayinevi.com.tr\/index.php\/wp-json\/wp\/v2\/media?parent=755969"}],"wp:term":[{"taxonomy":"product_brand","embeddable":true,"href":"https:\/\/roveyayinevi.com.tr\/index.php\/wp-json\/wp\/v2\/product_brand?post=755969"},{"taxonomy":"product_cat","embeddable":true,"href":"https:\/\/roveyayinevi.com.tr\/index.php\/wp-json\/wp\/v2\/product_cat?post=755969"},{"taxonomy":"product_tag","embeddable":true,"href":"https:\/\/roveyayinevi.com.tr\/index.php\/wp-json\/wp\/v2\/product_tag?post=755969"}],"curies":[{"name":"wp","href":"https:\/\/api.w.org\/{rel}","templated":true}]}}