{"id":755967,"date":"2025-08-28T06:54:03","date_gmt":"2025-08-28T03:54:03","guid":{"rendered":"https:\/\/roveyayinevi.com.tr\/index.php\/urun\/bu-benim-evcil-hayvanim\/"},"modified":"2026-04-08T03:16:34","modified_gmt":"2026-04-08T00:16:34","slug":"bu-benim-evcil-hayvanim","status":"publish","type":"product","link":"https:\/\/roveyayinevi.com.tr\/index.php\/urun\/bu-benim-evcil-hayvanim\/","title":{"rendered":"BU BEN\u0130M  EVC\u0130L HAYVANIM"},"content":{"rendered":"<p>\u201cBenim evcil hayvan\u0131m havlamaz\u2026 ya da parkta yu\u0308ru\u0308yu\u0308\u015fe \u00e7\u0131kmaz.Benim evcil hayvan\u0131m cik cik diye ses \u00e7\u0131karmaz\u2026 ya da yemeklerini yanaklar\u0131nda saklamaz.\u201dKu\u0308\u00e7u\u0308k bir \u00e7ocuk ve onun \u00e7ok \u00f6zel evcil hayvan\u0131yla tan\u0131\u015f\u0131n. Hangisi oldu\u011funu tahmin edebildiniz mi?<\/p>\n","protected":false},"excerpt":{"rendered":"<p>\u201cBenim evcil hayvan\u0131m havlamaz\u2026 ya da parkta yu\u0308ru\u0308yu\u0308\u015fe \u00e7\u0131kmaz.Benim evcil hayvan\u0131m cik cik diye ses \u00e7\u0131karmaz\u2026 ya da yemeklerini yanaklar\u0131nda saklamaz.\u201dKu\u0308\u00e7u\u0308k bir \u00e7ocuk ve onun \u00e7ok<span class=\"excerpt-hellip\"> [\u2026]<\/span><\/p>\n","protected":false},"featured_media":0,"template":"","meta":{"_monsterinsights_skip_tracking":false,"_monsterinsights_sitenote_active":false,"_monsterinsights_sitenote_note":"","_monsterinsights_sitenote_category":0},"product_brand":[],"product_cat":[12274,12284],"product_tag":[],"class_list":{"0":"post-755967","1":"product","2":"type-product","3":"status-publish","5":"product_cat-cocuk-ve-genclik-kitaplari","6":"product_cat-hikayeler","7":"pa_cilt-ciltsiz","8":"pa_tur-kitap","9":"pa_yayinevi-beta-kids","10":"pa_yazar-oakley-graham","12":"first","13":"instock","14":"sale","15":"shipping-taxable","16":"purchasable","17":"product-type-simple"},"_links":{"self":[{"href":"https:\/\/roveyayinevi.com.tr\/index.php\/wp-json\/wp\/v2\/product\/755967","targetHints":{"allow":["GET"]}}],"collection":[{"href":"https:\/\/roveyayinevi.com.tr\/index.php\/wp-json\/wp\/v2\/product"}],"about":[{"href":"https:\/\/roveyayinevi.com.tr\/index.php\/wp-json\/wp\/v2\/types\/product"}],"wp:attachment":[{"href":"https:\/\/roveyayinevi.com.tr\/index.php\/wp-json\/wp\/v2\/media?parent=755967"}],"wp:term":[{"taxonomy":"product_brand","embeddable":true,"href":"https:\/\/roveyayinevi.com.tr\/index.php\/wp-json\/wp\/v2\/product_brand?post=755967"},{"taxonomy":"product_cat","embeddable":true,"href":"https:\/\/roveyayinevi.com.tr\/index.php\/wp-json\/wp\/v2\/product_cat?post=755967"},{"taxonomy":"product_tag","embeddable":true,"href":"https:\/\/roveyayinevi.com.tr\/index.php\/wp-json\/wp\/v2\/product_tag?post=755967"}],"curies":[{"name":"wp","href":"https:\/\/api.w.org\/{rel}","templated":true}]}}