{"id":755966,"date":"2025-08-28T06:54:02","date_gmt":"2025-08-28T03:54:02","guid":{"rendered":"https:\/\/roveyayinevi.com.tr\/index.php\/urun\/artik-maymun-falan-yok\/"},"modified":"2026-04-16T03:08:56","modified_gmt":"2026-04-16T00:08:56","slug":"artik-maymun-falan-yok","status":"publish","type":"product","link":"https:\/\/roveyayinevi.com.tr\/index.php\/urun\/artik-maymun-falan-yok\/","title":{"rendered":"ARTIK MAYMUN FALAN YOK"},"content":{"rendered":"<p>Kar\u015f\u0131n\u0131zda Alican!Alican ailesi ve sadece onun g\u00f6rebildi\u011fi bir maymun toplulu\u011fu ile ayn\u0131 evde ya\u015f\u0131yor.Yaramaz maymunlar sorun \u00e7\u0131karmaktan vazge\u00e7meyince, Alican \u00e7ok zor bir karar vermek zorunda kal\u0131yor!<\/p>\n","protected":false},"excerpt":{"rendered":"<p>Kar\u015f\u0131n\u0131zda Alican!Alican ailesi ve sadece onun g\u00f6rebildi\u011fi bir maymun toplulu\u011fu ile ayn\u0131 evde ya\u015f\u0131yor.Yaramaz maymunlar sorun \u00e7\u0131karmaktan vazge\u00e7meyince, Alican \u00e7ok zor bir karar vermek zorunda kal\u0131yor!<\/p>\n","protected":false},"featured_media":0,"template":"","meta":{"_monsterinsights_skip_tracking":false,"_monsterinsights_sitenote_active":false,"_monsterinsights_sitenote_note":"","_monsterinsights_sitenote_category":0},"product_brand":[],"product_cat":[12274,12284],"product_tag":[],"class_list":{"0":"post-755966","1":"product","2":"type-product","3":"status-publish","5":"product_cat-cocuk-ve-genclik-kitaplari","6":"product_cat-hikayeler","7":"pa_cilt-ciltsiz","8":"pa_tur-kitap","9":"pa_yayinevi-beta-kids","10":"pa_yazar-joshua-george","12":"first","13":"instock","14":"sale","15":"shipping-taxable","16":"purchasable","17":"product-type-simple"},"_links":{"self":[{"href":"https:\/\/roveyayinevi.com.tr\/index.php\/wp-json\/wp\/v2\/product\/755966","targetHints":{"allow":["GET"]}}],"collection":[{"href":"https:\/\/roveyayinevi.com.tr\/index.php\/wp-json\/wp\/v2\/product"}],"about":[{"href":"https:\/\/roveyayinevi.com.tr\/index.php\/wp-json\/wp\/v2\/types\/product"}],"wp:attachment":[{"href":"https:\/\/roveyayinevi.com.tr\/index.php\/wp-json\/wp\/v2\/media?parent=755966"}],"wp:term":[{"taxonomy":"product_brand","embeddable":true,"href":"https:\/\/roveyayinevi.com.tr\/index.php\/wp-json\/wp\/v2\/product_brand?post=755966"},{"taxonomy":"product_cat","embeddable":true,"href":"https:\/\/roveyayinevi.com.tr\/index.php\/wp-json\/wp\/v2\/product_cat?post=755966"},{"taxonomy":"product_tag","embeddable":true,"href":"https:\/\/roveyayinevi.com.tr\/index.php\/wp-json\/wp\/v2\/product_tag?post=755966"}],"curies":[{"name":"wp","href":"https:\/\/api.w.org\/{rel}","templated":true}]}}