{"id":755962,"date":"2025-08-28T06:53:54","date_gmt":"2025-08-28T03:53:54","guid":{"rendered":"https:\/\/roveyayinevi.com.tr\/index.php\/urun\/camur-zipzipi-metecan\/"},"modified":"2026-04-12T03:12:54","modified_gmt":"2026-04-12T00:12:54","slug":"camur-zipzipi-metecan","status":"publish","type":"product","link":"https:\/\/roveyayinevi.com.tr\/index.php\/urun\/camur-zipzipi-metecan\/","title":{"rendered":"\u00c7AMUR ZIPZIPI METECAN"},"content":{"rendered":"<p>\u201cDenizdeki tu\u0308m tuhaf bal\u0131klar aras\u0131nda Metecan en tuhaflar\u0131ndand\u0131.\u201d \u00c7amur Z\u0131pz\u0131p\u0131 Metecan, dostluk ve zorluklar\u0131n u\u0308stesinden gelmeyi anlatan bu ne\u015feli hik\u00e2yede farkl\u0131 olman\u0131n asl\u0131nda bir sorun olmad\u0131\u011f\u0131n\u0131 \u00f6\u011freniyor.<\/p>\n","protected":false},"excerpt":{"rendered":"<p>\u201cDenizdeki tu\u0308m tuhaf bal\u0131klar aras\u0131nda Metecan en tuhaflar\u0131ndand\u0131.\u201d \u00c7amur Z\u0131pz\u0131p\u0131 Metecan, dostluk ve zorluklar\u0131n u\u0308stesinden gelmeyi anlatan bu ne\u015feli hik\u00e2yede farkl\u0131 olman\u0131n asl\u0131nda bir sorun olmad\u0131\u011f\u0131n\u0131<span class=\"excerpt-hellip\"> [\u2026]<\/span><\/p>\n","protected":false},"featured_media":0,"template":"","meta":{"_monsterinsights_skip_tracking":false,"_monsterinsights_sitenote_active":false,"_monsterinsights_sitenote_note":"","_monsterinsights_sitenote_category":0},"product_brand":[],"product_cat":[12274,12284],"product_tag":[],"class_list":{"0":"post-755962","1":"product","2":"type-product","3":"status-publish","5":"product_cat-cocuk-ve-genclik-kitaplari","6":"product_cat-hikayeler","7":"pa_cilt-ciltsiz","8":"pa_tur-kitap","9":"pa_yayinevi-beta-kids","10":"pa_yazar-sally-hopgood","12":"first","13":"instock","14":"sale","15":"shipping-taxable","16":"purchasable","17":"product-type-simple"},"_links":{"self":[{"href":"https:\/\/roveyayinevi.com.tr\/index.php\/wp-json\/wp\/v2\/product\/755962","targetHints":{"allow":["GET"]}}],"collection":[{"href":"https:\/\/roveyayinevi.com.tr\/index.php\/wp-json\/wp\/v2\/product"}],"about":[{"href":"https:\/\/roveyayinevi.com.tr\/index.php\/wp-json\/wp\/v2\/types\/product"}],"wp:attachment":[{"href":"https:\/\/roveyayinevi.com.tr\/index.php\/wp-json\/wp\/v2\/media?parent=755962"}],"wp:term":[{"taxonomy":"product_brand","embeddable":true,"href":"https:\/\/roveyayinevi.com.tr\/index.php\/wp-json\/wp\/v2\/product_brand?post=755962"},{"taxonomy":"product_cat","embeddable":true,"href":"https:\/\/roveyayinevi.com.tr\/index.php\/wp-json\/wp\/v2\/product_cat?post=755962"},{"taxonomy":"product_tag","embeddable":true,"href":"https:\/\/roveyayinevi.com.tr\/index.php\/wp-json\/wp\/v2\/product_tag?post=755962"}],"curies":[{"name":"wp","href":"https:\/\/api.w.org\/{rel}","templated":true}]}}