{"id":755960,"date":"2025-08-28T06:53:51","date_gmt":"2025-08-28T03:53:51","guid":{"rendered":"https:\/\/roveyayinevi.com.tr\/index.php\/urun\/alaaddin\/"},"modified":"2026-04-16T03:08:56","modified_gmt":"2026-04-16T00:08:56","slug":"alaaddin","status":"publish","type":"product","link":"https:\/\/roveyayinevi.com.tr\/index.php\/urun\/alaaddin\/","title":{"rendered":"ALAADD\u0130N"},"content":{"rendered":"<p>Sihirli bir lamban\u0131n i\u00e7indeki cini ke\u015ffeden Alaaddin\u2019in tu\u0308m dilekleri ger\u00e7ekle\u015fir. Ama sihirli lamba k\u00f6tu\u0308 bir sihirbaz taraf\u0131ndan \u00e7al\u0131n\u0131nca Aladdin onu geri almaya karar verir&#8230; Ve prensesi de kurtar\u0131r.<\/p>\n","protected":false},"excerpt":{"rendered":"<p>Sihirli bir lamban\u0131n i\u00e7indeki cini ke\u015ffeden Alaaddin\u2019in tu\u0308m dilekleri ger\u00e7ekle\u015fir. Ama sihirli lamba k\u00f6tu\u0308 bir sihirbaz taraf\u0131ndan \u00e7al\u0131n\u0131nca Aladdin onu geri almaya karar verir&#8230; Ve prensesi<span class=\"excerpt-hellip\"> [\u2026]<\/span><\/p>\n","protected":false},"featured_media":0,"template":"","meta":{"_monsterinsights_skip_tracking":false,"_monsterinsights_sitenote_active":false,"_monsterinsights_sitenote_note":"","_monsterinsights_sitenote_category":0},"product_brand":[],"product_cat":[12274,12284],"product_tag":[],"class_list":{"0":"post-755960","1":"product","2":"type-product","3":"status-publish","5":"product_cat-cocuk-ve-genclik-kitaplari","6":"product_cat-hikayeler","7":"pa_cilt-ciltsiz","8":"pa_tur-kitap","9":"pa_yayinevi-beta-kids","10":"pa_yazar-georgina-wren","12":"first","13":"instock","14":"sale","15":"shipping-taxable","16":"purchasable","17":"product-type-simple"},"_links":{"self":[{"href":"https:\/\/roveyayinevi.com.tr\/index.php\/wp-json\/wp\/v2\/product\/755960","targetHints":{"allow":["GET"]}}],"collection":[{"href":"https:\/\/roveyayinevi.com.tr\/index.php\/wp-json\/wp\/v2\/product"}],"about":[{"href":"https:\/\/roveyayinevi.com.tr\/index.php\/wp-json\/wp\/v2\/types\/product"}],"wp:attachment":[{"href":"https:\/\/roveyayinevi.com.tr\/index.php\/wp-json\/wp\/v2\/media?parent=755960"}],"wp:term":[{"taxonomy":"product_brand","embeddable":true,"href":"https:\/\/roveyayinevi.com.tr\/index.php\/wp-json\/wp\/v2\/product_brand?post=755960"},{"taxonomy":"product_cat","embeddable":true,"href":"https:\/\/roveyayinevi.com.tr\/index.php\/wp-json\/wp\/v2\/product_cat?post=755960"},{"taxonomy":"product_tag","embeddable":true,"href":"https:\/\/roveyayinevi.com.tr\/index.php\/wp-json\/wp\/v2\/product_tag?post=755960"}],"curies":[{"name":"wp","href":"https:\/\/api.w.org\/{rel}","templated":true}]}}