{"id":755957,"date":"2025-08-28T06:53:46","date_gmt":"2025-08-28T03:53:46","guid":{"rendered":"https:\/\/roveyayinevi.com.tr\/index.php\/urun\/ejderhalar-recelli-ekmege-bayilir\/"},"modified":"2026-04-16T03:08:56","modified_gmt":"2026-04-16T00:08:56","slug":"ejderhalar-recelli-ekmege-bayilir","status":"publish","type":"product","link":"https:\/\/roveyayinevi.com.tr\/index.php\/urun\/ejderhalar-recelli-ekmege-bayilir\/","title":{"rendered":"EJDERHALAR RE\u00c7ELL\u0130 EKME\u011eE BAYILIR"},"content":{"rendered":"<p>\u00c7o\u011fu insan ger\u00e7ek hayatta bir ejderhayla tan\u0131nmam\u0131\u015ft\u0131r ama i\u015fin do\u011frusu ejderhalar dinozorlardan \u00e7ok daha komiktir!  Haydi, Volkan ve lavlar diyar\u0131nda ya\u015fayan ejderhalarla tan\u0131\u015f\u0131n ve onlar\u0131n kahkaha dolu maceras\u0131na siz de kat\u0131l\u0131n!<\/p>\n","protected":false},"excerpt":{"rendered":"<p>\u00c7o\u011fu insan ger\u00e7ek hayatta bir ejderhayla tan\u0131nmam\u0131\u015ft\u0131r ama i\u015fin do\u011frusu ejderhalar dinozorlardan \u00e7ok daha komiktir! Haydi, Volkan ve lavlar diyar\u0131nda ya\u015fayan ejderhalarla tan\u0131\u015f\u0131n ve onlar\u0131n kahkaha<span class=\"excerpt-hellip\"> [\u2026]<\/span><\/p>\n","protected":false},"featured_media":0,"template":"","meta":{"_monsterinsights_skip_tracking":false,"_monsterinsights_sitenote_active":false,"_monsterinsights_sitenote_note":"","_monsterinsights_sitenote_category":0},"product_brand":[],"product_cat":[12274,12284],"product_tag":[],"class_list":{"0":"post-755957","1":"product","2":"type-product","3":"status-publish","5":"product_cat-cocuk-ve-genclik-kitaplari","6":"product_cat-hikayeler","7":"pa_cilt-ciltsiz","8":"pa_tur-kitap","9":"pa_yayinevi-beta-kids","10":"pa_yazar-cece-g-roisin-h","12":"first","13":"instock","14":"sale","15":"shipping-taxable","16":"purchasable","17":"product-type-simple"},"_links":{"self":[{"href":"https:\/\/roveyayinevi.com.tr\/index.php\/wp-json\/wp\/v2\/product\/755957","targetHints":{"allow":["GET"]}}],"collection":[{"href":"https:\/\/roveyayinevi.com.tr\/index.php\/wp-json\/wp\/v2\/product"}],"about":[{"href":"https:\/\/roveyayinevi.com.tr\/index.php\/wp-json\/wp\/v2\/types\/product"}],"wp:attachment":[{"href":"https:\/\/roveyayinevi.com.tr\/index.php\/wp-json\/wp\/v2\/media?parent=755957"}],"wp:term":[{"taxonomy":"product_brand","embeddable":true,"href":"https:\/\/roveyayinevi.com.tr\/index.php\/wp-json\/wp\/v2\/product_brand?post=755957"},{"taxonomy":"product_cat","embeddable":true,"href":"https:\/\/roveyayinevi.com.tr\/index.php\/wp-json\/wp\/v2\/product_cat?post=755957"},{"taxonomy":"product_tag","embeddable":true,"href":"https:\/\/roveyayinevi.com.tr\/index.php\/wp-json\/wp\/v2\/product_tag?post=755957"}],"curies":[{"name":"wp","href":"https:\/\/api.w.org\/{rel}","templated":true}]}}