{"id":755954,"date":"2025-08-28T06:53:41","date_gmt":"2025-08-28T03:53:41","guid":{"rendered":"https:\/\/roveyayinevi.com.tr\/index.php\/urun\/cok-gurultucu-tilkiler\/"},"modified":"2026-04-16T03:08:56","modified_gmt":"2026-04-16T00:08:56","slug":"cok-gurultucu-tilkiler","status":"publish","type":"product","link":"https:\/\/roveyayinevi.com.tr\/index.php\/urun\/cok-gurultucu-tilkiler\/","title":{"rendered":"\u00c7OK G\u00dcR\u00dcLT\u00dcC\u00dc T\u0130LK\u0130LER"},"content":{"rendered":"<p>\u00c7ok g\u00fcr\u00fclt\u00fcl\u00fc bir \u015fehirde \u00e7ok g\u00fcr\u00fclt\u00fcl\u00fc bir evde \u00fc\u00e7 g\u00fcr\u00fclt\u00fcc\u00fc tilki ya\u015fand\u0131.  Tilkiler arada sessiz olman\u0131n g\u00fczel bir de\u011fi\u015fiklik olaca\u011f\u0131na karar verip yeni birer aramaya \u00e7\u0131kt\u0131. \u00c7ok ge\u00e7meden ya\u015famak i\u00e7in en m\u00fckemmel yeri araman\u0131n ne kadar zor bir i\u015f oldu\u011funu anlayacaklard\u0131.<\/p>\n","protected":false},"excerpt":{"rendered":"<p>\u00c7ok g\u00fcr\u00fclt\u00fcl\u00fc bir \u015fehirde \u00e7ok g\u00fcr\u00fclt\u00fcl\u00fc bir evde \u00fc\u00e7 g\u00fcr\u00fclt\u00fcc\u00fc tilki ya\u015fand\u0131. Tilkiler arada sessiz olman\u0131n g\u00fczel bir de\u011fi\u015fiklik olaca\u011f\u0131na karar verip yeni birer aramaya \u00e7\u0131kt\u0131.<span class=\"excerpt-hellip\"> [\u2026]<\/span><\/p>\n","protected":false},"featured_media":0,"template":"","meta":{"_monsterinsights_skip_tracking":false,"_monsterinsights_sitenote_active":false,"_monsterinsights_sitenote_note":"","_monsterinsights_sitenote_category":0},"product_brand":[],"product_cat":[12274,12284],"product_tag":[],"class_list":{"0":"post-755954","1":"product","2":"type-product","3":"status-publish","5":"product_cat-cocuk-ve-genclik-kitaplari","6":"product_cat-hikayeler","7":"pa_cilt-ciltsiz","8":"pa_tur-kitap","9":"pa_yayinevi-beta-kids","10":"pa_yazar-amy-husband","12":"first","13":"instock","14":"sale","15":"shipping-taxable","16":"purchasable","17":"product-type-simple"},"_links":{"self":[{"href":"https:\/\/roveyayinevi.com.tr\/index.php\/wp-json\/wp\/v2\/product\/755954","targetHints":{"allow":["GET"]}}],"collection":[{"href":"https:\/\/roveyayinevi.com.tr\/index.php\/wp-json\/wp\/v2\/product"}],"about":[{"href":"https:\/\/roveyayinevi.com.tr\/index.php\/wp-json\/wp\/v2\/types\/product"}],"wp:attachment":[{"href":"https:\/\/roveyayinevi.com.tr\/index.php\/wp-json\/wp\/v2\/media?parent=755954"}],"wp:term":[{"taxonomy":"product_brand","embeddable":true,"href":"https:\/\/roveyayinevi.com.tr\/index.php\/wp-json\/wp\/v2\/product_brand?post=755954"},{"taxonomy":"product_cat","embeddable":true,"href":"https:\/\/roveyayinevi.com.tr\/index.php\/wp-json\/wp\/v2\/product_cat?post=755954"},{"taxonomy":"product_tag","embeddable":true,"href":"https:\/\/roveyayinevi.com.tr\/index.php\/wp-json\/wp\/v2\/product_tag?post=755954"}],"curies":[{"name":"wp","href":"https:\/\/api.w.org\/{rel}","templated":true}]}}