{"id":755950,"date":"2025-08-28T06:53:35","date_gmt":"2025-08-28T03:53:35","guid":{"rendered":"https:\/\/roveyayinevi.com.tr\/index.php\/urun\/dans-etmeyi-seven-ayi\/"},"modified":"2026-04-16T03:08:56","modified_gmt":"2026-04-16T00:08:56","slug":"dans-etmeyi-seven-ayi","status":"publish","type":"product","link":"https:\/\/roveyayinevi.com.tr\/index.php\/urun\/dans-etmeyi-seven-ayi\/","title":{"rendered":"DANS ETMEY\u0130 SEVEN AYI"},"content":{"rendered":"<p>Dans etmeyi severdi Ay\u0131 ama k\u00fc\u00e7\u00fck bir problem vard\u0131. O da dans etme konusundaki sakarl\u0131\u011f\u0131yd\u0131. Ama bir g\u00fcn \u015fans eseri y\u0131ld\u0131z\u0131 parlad\u0131. Kim demi\u015f ki ay\u0131lar bu i\u015fi yapamazd\u0131?<\/p>\n","protected":false},"excerpt":{"rendered":"<p>Dans etmeyi severdi Ay\u0131 ama k\u00fc\u00e7\u00fck bir problem vard\u0131. O da dans etme konusundaki sakarl\u0131\u011f\u0131yd\u0131. Ama bir g\u00fcn \u015fans eseri y\u0131ld\u0131z\u0131 parlad\u0131. Kim demi\u015f ki ay\u0131lar<span class=\"excerpt-hellip\"> [\u2026]<\/span><\/p>\n","protected":false},"featured_media":0,"template":"","meta":{"_monsterinsights_skip_tracking":false,"_monsterinsights_sitenote_active":false,"_monsterinsights_sitenote_note":"","_monsterinsights_sitenote_category":0},"product_brand":[],"product_cat":[12274,12284],"product_tag":[],"class_list":{"0":"post-755950","1":"product","2":"type-product","3":"status-publish","5":"product_cat-cocuk-ve-genclik-kitaplari","6":"product_cat-hikayeler","7":"pa_cilt-ciltsiz","8":"pa_tur-kitap","9":"pa_yayinevi-beta-kids","10":"pa_yazar-monika-filipina-trzpil","12":"first","13":"instock","14":"sale","15":"shipping-taxable","16":"purchasable","17":"product-type-simple"},"_links":{"self":[{"href":"https:\/\/roveyayinevi.com.tr\/index.php\/wp-json\/wp\/v2\/product\/755950","targetHints":{"allow":["GET"]}}],"collection":[{"href":"https:\/\/roveyayinevi.com.tr\/index.php\/wp-json\/wp\/v2\/product"}],"about":[{"href":"https:\/\/roveyayinevi.com.tr\/index.php\/wp-json\/wp\/v2\/types\/product"}],"wp:attachment":[{"href":"https:\/\/roveyayinevi.com.tr\/index.php\/wp-json\/wp\/v2\/media?parent=755950"}],"wp:term":[{"taxonomy":"product_brand","embeddable":true,"href":"https:\/\/roveyayinevi.com.tr\/index.php\/wp-json\/wp\/v2\/product_brand?post=755950"},{"taxonomy":"product_cat","embeddable":true,"href":"https:\/\/roveyayinevi.com.tr\/index.php\/wp-json\/wp\/v2\/product_cat?post=755950"},{"taxonomy":"product_tag","embeddable":true,"href":"https:\/\/roveyayinevi.com.tr\/index.php\/wp-json\/wp\/v2\/product_tag?post=755950"}],"curies":[{"name":"wp","href":"https:\/\/api.w.org\/{rel}","templated":true}]}}