{"id":755944,"date":"2025-08-28T06:53:25","date_gmt":"2025-08-28T03:53:25","guid":{"rendered":"https:\/\/roveyayinevi.com.tr\/index.php\/urun\/buyuk-kirmizi-traktor-10-a-kadar-sayma-kitabi\/"},"modified":"2026-04-11T03:17:39","modified_gmt":"2026-04-11T00:17:39","slug":"buyuk-kirmizi-traktor-10-a-kadar-sayma-kitabi","status":"publish","type":"product","link":"https:\/\/roveyayinevi.com.tr\/index.php\/urun\/buyuk-kirmizi-traktor-10-a-kadar-sayma-kitabi\/","title":{"rendered":"B\u00dcY\u00dcK KIRMIZI TRAKT\u00d6R (10&#8242; a kadar sayma kitab\u0131)"},"content":{"rendered":"<p>Say\u0131 Sayma Maceras\u0131nda Trakt\u00f6r\u00fc Takip Edin ! Hadi siz de eve d\u00f6n\u00fc\u015f yolunda hayvanlar\u0131n\u0131 toplayan \u00e7ift\u00e7i amcaya kat\u0131l\u0131n. \u00c7ocuklar trakt\u00f6r \u00e7iftli\u011fe d\u00f6nerken karavana atlayan farkl\u0131 hayvanlar\u0131 saymaya bay\u0131lacak. Esprili \u00e7izimler ve kafiyeli metinler \u00e7ocuklar\u0131 saymay\u0131 \u00f6\u011frenmeye te\u015fvik edecek.<\/p>\n","protected":false},"excerpt":{"rendered":"<p>Say\u0131 Sayma Maceras\u0131nda Trakt\u00f6r\u00fc Takip Edin ! Hadi siz de eve d\u00f6n\u00fc\u015f yolunda hayvanlar\u0131n\u0131 toplayan \u00e7ift\u00e7i amcaya kat\u0131l\u0131n. \u00c7ocuklar trakt\u00f6r \u00e7iftli\u011fe d\u00f6nerken karavana atlayan farkl\u0131 hayvanlar\u0131<span class=\"excerpt-hellip\"> [\u2026]<\/span><\/p>\n","protected":false},"featured_media":0,"template":"","meta":{"_monsterinsights_skip_tracking":false,"_monsterinsights_sitenote_active":false,"_monsterinsights_sitenote_note":"","_monsterinsights_sitenote_category":0},"product_brand":[],"product_cat":[12274,12284],"product_tag":[],"class_list":{"0":"post-755944","1":"product","2":"type-product","3":"status-publish","5":"product_cat-cocuk-ve-genclik-kitaplari","6":"product_cat-hikayeler","7":"pa_cilt-ciltsiz","8":"pa_tur-kitap","9":"pa_yayinevi-beta-kids","10":"pa_yazar-oakley-graham","12":"first","13":"instock","14":"sale","15":"shipping-taxable","16":"purchasable","17":"product-type-simple"},"_links":{"self":[{"href":"https:\/\/roveyayinevi.com.tr\/index.php\/wp-json\/wp\/v2\/product\/755944","targetHints":{"allow":["GET"]}}],"collection":[{"href":"https:\/\/roveyayinevi.com.tr\/index.php\/wp-json\/wp\/v2\/product"}],"about":[{"href":"https:\/\/roveyayinevi.com.tr\/index.php\/wp-json\/wp\/v2\/types\/product"}],"wp:attachment":[{"href":"https:\/\/roveyayinevi.com.tr\/index.php\/wp-json\/wp\/v2\/media?parent=755944"}],"wp:term":[{"taxonomy":"product_brand","embeddable":true,"href":"https:\/\/roveyayinevi.com.tr\/index.php\/wp-json\/wp\/v2\/product_brand?post=755944"},{"taxonomy":"product_cat","embeddable":true,"href":"https:\/\/roveyayinevi.com.tr\/index.php\/wp-json\/wp\/v2\/product_cat?post=755944"},{"taxonomy":"product_tag","embeddable":true,"href":"https:\/\/roveyayinevi.com.tr\/index.php\/wp-json\/wp\/v2\/product_tag?post=755944"}],"curies":[{"name":"wp","href":"https:\/\/api.w.org\/{rel}","templated":true}]}}