{"id":755941,"date":"2025-08-28T06:53:20","date_gmt":"2025-08-28T03:53:20","guid":{"rendered":"https:\/\/roveyayinevi.com.tr\/index.php\/urun\/ayi-nin-kucuk-sakinlesme-kitabi\/"},"modified":"2025-10-14T09:33:33","modified_gmt":"2025-10-14T06:33:33","slug":"ayi-nin-kucuk-sakinlesme-kitabi","status":"publish","type":"product","link":"https:\/\/roveyayinevi.com.tr\/index.php\/urun\/ayi-nin-kucuk-sakinlesme-kitabi\/","title":{"rendered":"AYI&#8217; NIN K\u00dc\u00c7\u00dcK SAK\u0130NLE\u015eME K\u0130TABI"},"content":{"rendered":"<p>Nas\u0131l sakin olaca\u011f\u0131n en iyi Ay\u0131 biliyor. Bunun i\u00e7in de takip etti\u011fi oniki basit \u00f6nemli ad\u0131m var. Ve \u015fimdi bunlar\u0131 sizinle payla\u015fmak istiyor.<\/p>\n","protected":false},"excerpt":{"rendered":"<p>Nas\u0131l sakin olaca\u011f\u0131n en iyi Ay\u0131 biliyor. Bunun i\u00e7in de takip etti\u011fi oniki basit \u00f6nemli ad\u0131m var. Ve \u015fimdi bunlar\u0131 sizinle payla\u015fmak istiyor.<\/p>\n","protected":false},"featured_media":0,"template":"","meta":{"_monsterinsights_skip_tracking":false,"_monsterinsights_sitenote_active":false,"_monsterinsights_sitenote_note":"","_monsterinsights_sitenote_category":0},"product_brand":[],"product_cat":[12274,12284],"product_tag":[],"class_list":{"0":"post-755941","1":"product","2":"type-product","3":"status-publish","5":"product_cat-cocuk-ve-genclik-kitaplari","6":"product_cat-hikayeler","7":"pa_cilt-ciltsiz","8":"pa_tur-kitap","9":"pa_yayinevi-beta-kids","10":"pa_yazar-seb-d-julia-s","12":"first","13":"instock","14":"sale","15":"shipping-taxable","16":"purchasable","17":"product-type-simple"},"_links":{"self":[{"href":"https:\/\/roveyayinevi.com.tr\/index.php\/wp-json\/wp\/v2\/product\/755941","targetHints":{"allow":["GET"]}}],"collection":[{"href":"https:\/\/roveyayinevi.com.tr\/index.php\/wp-json\/wp\/v2\/product"}],"about":[{"href":"https:\/\/roveyayinevi.com.tr\/index.php\/wp-json\/wp\/v2\/types\/product"}],"wp:attachment":[{"href":"https:\/\/roveyayinevi.com.tr\/index.php\/wp-json\/wp\/v2\/media?parent=755941"}],"wp:term":[{"taxonomy":"product_brand","embeddable":true,"href":"https:\/\/roveyayinevi.com.tr\/index.php\/wp-json\/wp\/v2\/product_brand?post=755941"},{"taxonomy":"product_cat","embeddable":true,"href":"https:\/\/roveyayinevi.com.tr\/index.php\/wp-json\/wp\/v2\/product_cat?post=755941"},{"taxonomy":"product_tag","embeddable":true,"href":"https:\/\/roveyayinevi.com.tr\/index.php\/wp-json\/wp\/v2\/product_tag?post=755941"}],"curies":[{"name":"wp","href":"https:\/\/api.w.org\/{rel}","templated":true}]}}