{"id":755939,"date":"2025-08-28T06:53:17","date_gmt":"2025-08-28T03:53:17","guid":{"rendered":"https:\/\/roveyayinevi.com.tr\/index.php\/urun\/anneciginin-bir-tanesi\/"},"modified":"2026-02-23T12:22:57","modified_gmt":"2026-02-23T09:22:57","slug":"anneciginin-bir-tanesi","status":"publish","type":"product","link":"https:\/\/roveyayinevi.com.tr\/index.php\/urun\/anneciginin-bir-tanesi\/","title":{"rendered":"ANNEC\u0130\u011e\u0130N\u0130N B\u0130R TANES\u0130"},"content":{"rendered":"<p>\u2018Bilirim anneci\u011fimin beni sevdi\u011fini t\u0131pk\u0131 benim de onu \u00e7ok sevdi\u011fim gibi.\u2019  Sabah sar\u0131lmalar\u0131ndan uyku \u00f6ncesi hikayelerine g\u00fcnlerini e\u011flence ve sevgiyle dolu dolu ge\u00e7iren bu sevimli anne ve bebek maymuna e\u015flik etmeye ne dersiniz.<\/p>\n","protected":false},"excerpt":{"rendered":"<p>\u2018Bilirim anneci\u011fimin beni sevdi\u011fini t\u0131pk\u0131 benim de onu \u00e7ok sevdi\u011fim gibi.\u2019 Sabah sar\u0131lmalar\u0131ndan uyku \u00f6ncesi hikayelerine g\u00fcnlerini e\u011flence ve sevgiyle dolu dolu ge\u00e7iren bu sevimli anne<span class=\"excerpt-hellip\"> [\u2026]<\/span><\/p>\n","protected":false},"featured_media":0,"template":"","meta":{"_monsterinsights_skip_tracking":false,"_monsterinsights_sitenote_active":false,"_monsterinsights_sitenote_note":"","_monsterinsights_sitenote_category":0},"product_brand":[],"product_cat":[12274,12284],"product_tag":[],"class_list":{"0":"post-755939","1":"product","2":"type-product","3":"status-publish","5":"product_cat-cocuk-ve-genclik-kitaplari","6":"product_cat-hikayeler","7":"pa_cilt-ciltsiz","8":"pa_tur-kitap","9":"pa_yayinevi-beta-kids","10":"pa_yazar-georgina-wren","12":"first","13":"instock","14":"sale","15":"shipping-taxable","16":"purchasable","17":"product-type-simple"},"_links":{"self":[{"href":"https:\/\/roveyayinevi.com.tr\/index.php\/wp-json\/wp\/v2\/product\/755939","targetHints":{"allow":["GET"]}}],"collection":[{"href":"https:\/\/roveyayinevi.com.tr\/index.php\/wp-json\/wp\/v2\/product"}],"about":[{"href":"https:\/\/roveyayinevi.com.tr\/index.php\/wp-json\/wp\/v2\/types\/product"}],"wp:attachment":[{"href":"https:\/\/roveyayinevi.com.tr\/index.php\/wp-json\/wp\/v2\/media?parent=755939"}],"wp:term":[{"taxonomy":"product_brand","embeddable":true,"href":"https:\/\/roveyayinevi.com.tr\/index.php\/wp-json\/wp\/v2\/product_brand?post=755939"},{"taxonomy":"product_cat","embeddable":true,"href":"https:\/\/roveyayinevi.com.tr\/index.php\/wp-json\/wp\/v2\/product_cat?post=755939"},{"taxonomy":"product_tag","embeddable":true,"href":"https:\/\/roveyayinevi.com.tr\/index.php\/wp-json\/wp\/v2\/product_tag?post=755939"}],"curies":[{"name":"wp","href":"https:\/\/api.w.org\/{rel}","templated":true}]}}