{"id":755938,"date":"2025-08-28T06:53:15","date_gmt":"2025-08-28T03:53:15","guid":{"rendered":"https:\/\/roveyayinevi.com.tr\/index.php\/urun\/babaciginin-bir-tanesi\/"},"modified":"2026-04-16T03:08:56","modified_gmt":"2026-04-16T00:08:56","slug":"babaciginin-bir-tanesi","status":"publish","type":"product","link":"https:\/\/roveyayinevi.com.tr\/index.php\/urun\/babaciginin-bir-tanesi\/","title":{"rendered":"BABACI\u011eININ B\u0130R TANES\u0130"},"content":{"rendered":"<p>Babac\u0131\u011f\u0131n\u0131n Bir Tanesi! \u2018Bilirim babac\u0131\u011f\u0131m\u0131n beni sevdi\u011fini t\u0131pk\u0131 benim de onu \u00e7ok sevdi\u011fim gibi.\u2019  Parktaki oyunlardan rahatlatan uyku \u00f6ncesi sar\u0131lmalar\u0131na g\u00fcnlerini e\u011flence ve sevgiyle dolu dolu ge\u00e7iren bu sevimli baba ve bebek ay\u0131ya e\u015flik etmeye ne dersiniz?<\/p>\n","protected":false},"excerpt":{"rendered":"<p>Babac\u0131\u011f\u0131n\u0131n Bir Tanesi! \u2018Bilirim babac\u0131\u011f\u0131m\u0131n beni sevdi\u011fini t\u0131pk\u0131 benim de onu \u00e7ok sevdi\u011fim gibi.\u2019 Parktaki oyunlardan rahatlatan uyku \u00f6ncesi sar\u0131lmalar\u0131na g\u00fcnlerini e\u011flence ve sevgiyle dolu dolu<span class=\"excerpt-hellip\"> [\u2026]<\/span><\/p>\n","protected":false},"featured_media":0,"template":"","meta":{"_monsterinsights_skip_tracking":false,"_monsterinsights_sitenote_active":false,"_monsterinsights_sitenote_note":"","_monsterinsights_sitenote_category":0},"product_brand":[],"product_cat":[12274,12284],"product_tag":[],"class_list":{"0":"post-755938","1":"product","2":"type-product","3":"status-publish","5":"product_cat-cocuk-ve-genclik-kitaplari","6":"product_cat-hikayeler","7":"pa_cilt-ciltsiz","8":"pa_tur-kitap","9":"pa_yayinevi-beta-kids","10":"pa_yazar-gabi-murphy","12":"first","13":"instock","14":"sale","15":"shipping-taxable","16":"purchasable","17":"product-type-simple"},"_links":{"self":[{"href":"https:\/\/roveyayinevi.com.tr\/index.php\/wp-json\/wp\/v2\/product\/755938","targetHints":{"allow":["GET"]}}],"collection":[{"href":"https:\/\/roveyayinevi.com.tr\/index.php\/wp-json\/wp\/v2\/product"}],"about":[{"href":"https:\/\/roveyayinevi.com.tr\/index.php\/wp-json\/wp\/v2\/types\/product"}],"wp:attachment":[{"href":"https:\/\/roveyayinevi.com.tr\/index.php\/wp-json\/wp\/v2\/media?parent=755938"}],"wp:term":[{"taxonomy":"product_brand","embeddable":true,"href":"https:\/\/roveyayinevi.com.tr\/index.php\/wp-json\/wp\/v2\/product_brand?post=755938"},{"taxonomy":"product_cat","embeddable":true,"href":"https:\/\/roveyayinevi.com.tr\/index.php\/wp-json\/wp\/v2\/product_cat?post=755938"},{"taxonomy":"product_tag","embeddable":true,"href":"https:\/\/roveyayinevi.com.tr\/index.php\/wp-json\/wp\/v2\/product_tag?post=755938"}],"curies":[{"name":"wp","href":"https:\/\/api.w.org\/{rel}","templated":true}]}}