{"id":755937,"date":"2025-08-28T06:53:13","date_gmt":"2025-08-28T03:53:13","guid":{"rendered":"https:\/\/roveyayinevi.com.tr\/index.php\/urun\/daginik\/"},"modified":"2026-04-16T03:08:56","modified_gmt":"2026-04-16T00:08:56","slug":"daginik","status":"publish","type":"product","link":"https:\/\/roveyayinevi.com.tr\/index.php\/urun\/daginik\/","title":{"rendered":"DA\u011eINIK !"},"content":{"rendered":"<p>TEM\u0130Z\u2019in yarat\u0131c\u0131ndan Ba\u011f\u0131ms\u0131z Kitapc\u0131lar Haftas\u0131,Y\u0131l\u0131n Resimli Hikaye Kitab\u0131\u2018\u2019En b\u00fcy\u00fck e\u011flence komik y\u00fcz ifadelerinde\u2026Espirilerse ayr\u0131nt\u0131larda gizlidir\u2019\u2019Sunday Times<\/p>\n","protected":false},"excerpt":{"rendered":"<p>TEM\u0130Z\u2019in yarat\u0131c\u0131ndan Ba\u011f\u0131ms\u0131z Kitapc\u0131lar Haftas\u0131,Y\u0131l\u0131n Resimli Hikaye Kitab\u0131\u2018\u2019En b\u00fcy\u00fck e\u011flence komik y\u00fcz ifadelerinde\u2026Espirilerse ayr\u0131nt\u0131larda gizlidir\u2019\u2019Sunday Times<\/p>\n","protected":false},"featured_media":0,"template":"","meta":{"_monsterinsights_skip_tracking":false,"_monsterinsights_sitenote_active":false,"_monsterinsights_sitenote_note":"","_monsterinsights_sitenote_category":0},"product_brand":[],"product_cat":[12274,12284],"product_tag":[],"class_list":{"0":"post-755937","1":"product","2":"type-product","3":"status-publish","5":"product_cat-cocuk-ve-genclik-kitaplari","6":"product_cat-hikayeler","7":"pa_cilt-ciltsiz","8":"pa_tur-kitap","9":"pa_yayinevi-beta-kids","10":"pa_yazar-emily-gravett","12":"first","13":"instock","14":"sale","15":"shipping-taxable","16":"purchasable","17":"product-type-simple"},"_links":{"self":[{"href":"https:\/\/roveyayinevi.com.tr\/index.php\/wp-json\/wp\/v2\/product\/755937","targetHints":{"allow":["GET"]}}],"collection":[{"href":"https:\/\/roveyayinevi.com.tr\/index.php\/wp-json\/wp\/v2\/product"}],"about":[{"href":"https:\/\/roveyayinevi.com.tr\/index.php\/wp-json\/wp\/v2\/types\/product"}],"wp:attachment":[{"href":"https:\/\/roveyayinevi.com.tr\/index.php\/wp-json\/wp\/v2\/media?parent=755937"}],"wp:term":[{"taxonomy":"product_brand","embeddable":true,"href":"https:\/\/roveyayinevi.com.tr\/index.php\/wp-json\/wp\/v2\/product_brand?post=755937"},{"taxonomy":"product_cat","embeddable":true,"href":"https:\/\/roveyayinevi.com.tr\/index.php\/wp-json\/wp\/v2\/product_cat?post=755937"},{"taxonomy":"product_tag","embeddable":true,"href":"https:\/\/roveyayinevi.com.tr\/index.php\/wp-json\/wp\/v2\/product_tag?post=755937"}],"curies":[{"name":"wp","href":"https:\/\/api.w.org\/{rel}","templated":true}]}}