{"id":755934,"date":"2025-08-28T06:53:08","date_gmt":"2025-08-28T03:53:08","guid":{"rendered":"https:\/\/roveyayinevi.com.tr\/index.php\/urun\/ejderha-yakalama-rehberi\/"},"modified":"2025-10-05T22:12:39","modified_gmt":"2025-10-05T19:12:39","slug":"ejderha-yakalama-rehberi","status":"publish","type":"product","link":"https:\/\/roveyayinevi.com.tr\/index.php\/urun\/ejderha-yakalama-rehberi\/","title":{"rendered":"EJDERHA YAKALAMA REHBER\u0130"},"content":{"rendered":"<p>Barlas\u2019\u0131n ku\u0308tu\u0308phane ziyareti, kitap raflar\u0131 aras\u0131nda yeni bir arkada\u015f edinmesiyle birden inan\u0131lmaz bir maceraya d\u00f6nu\u0308\u015fu\u0308r.Cesur arkada\u015flar; yarat\u0131klar, ay\u0131lar ve gizemli canavarla kar\u015f\u0131la\u015facaklar\u0131 cesaret isteyen bir maceraya at\u0131l\u0131rlar. Peki ama Barlas bir ejderha bulup \u00f6devini yapabilecek midir?Ku\u0308tu\u0308phaneye gitmek hi\u00e7 bu kadar e\u011flenceli olmam\u0131\u015ft\u0131!<\/p>\n","protected":false},"excerpt":{"rendered":"<p>Barlas\u2019\u0131n ku\u0308tu\u0308phane ziyareti, kitap raflar\u0131 aras\u0131nda yeni bir arkada\u015f edinmesiyle birden inan\u0131lmaz bir maceraya d\u00f6nu\u0308\u015fu\u0308r.Cesur arkada\u015flar; yarat\u0131klar, ay\u0131lar ve gizemli canavarla kar\u015f\u0131la\u015facaklar\u0131 cesaret isteyen bir maceraya<span class=\"excerpt-hellip\"> [\u2026]<\/span><\/p>\n","protected":false},"featured_media":0,"template":"","meta":{"_monsterinsights_skip_tracking":false,"_monsterinsights_sitenote_active":false,"_monsterinsights_sitenote_note":"","_monsterinsights_sitenote_category":0},"product_brand":[],"product_cat":[12274,12518],"product_tag":[],"class_list":{"0":"post-755934","1":"product","2":"type-product","3":"status-publish","5":"product_cat-cocuk-ve-genclik-kitaplari","6":"product_cat-okul-oncesi-kitaplar","7":"pa_cilt-ciltsiz","8":"pa_tur-kitap","9":"pa_yayinevi-beta-kids","10":"pa_yazar-caryl-hart-ed-eaves","12":"first","13":"instock","14":"sale","15":"shipping-taxable","16":"purchasable","17":"product-type-simple"},"_links":{"self":[{"href":"https:\/\/roveyayinevi.com.tr\/index.php\/wp-json\/wp\/v2\/product\/755934","targetHints":{"allow":["GET"]}}],"collection":[{"href":"https:\/\/roveyayinevi.com.tr\/index.php\/wp-json\/wp\/v2\/product"}],"about":[{"href":"https:\/\/roveyayinevi.com.tr\/index.php\/wp-json\/wp\/v2\/types\/product"}],"wp:attachment":[{"href":"https:\/\/roveyayinevi.com.tr\/index.php\/wp-json\/wp\/v2\/media?parent=755934"}],"wp:term":[{"taxonomy":"product_brand","embeddable":true,"href":"https:\/\/roveyayinevi.com.tr\/index.php\/wp-json\/wp\/v2\/product_brand?post=755934"},{"taxonomy":"product_cat","embeddable":true,"href":"https:\/\/roveyayinevi.com.tr\/index.php\/wp-json\/wp\/v2\/product_cat?post=755934"},{"taxonomy":"product_tag","embeddable":true,"href":"https:\/\/roveyayinevi.com.tr\/index.php\/wp-json\/wp\/v2\/product_tag?post=755934"}],"curies":[{"name":"wp","href":"https:\/\/api.w.org\/{rel}","templated":true}]}}