{"id":755921,"date":"2025-08-28T06:52:45","date_gmt":"2025-08-28T03:52:45","guid":{"rendered":"https:\/\/roveyayinevi.com.tr\/index.php\/urun\/gecedeki-isik\/"},"modified":"2026-04-16T03:08:55","modified_gmt":"2026-04-16T00:08:55","slug":"gecedeki-isik","status":"publish","type":"product","link":"https:\/\/roveyayinevi.com.tr\/index.php\/urun\/gecedeki-isik\/","title":{"rendered":"GECEDEK\u0130 I\u015eIK"},"content":{"rendered":"<p>KAR\u015eINDA BETTY VE COSMO!BETTY GECELER\u0130 SEVER \u00c7\u00dcNK\u00dc GECEN\u0130N GEL\u0130\u015e\u0130YLE EN S\u0130H\u0130RL\u0130 H\u0130K\u00c2YELER ORTAYA \u00c7IKAR.AMA AYI COSMO KARANLIKTAN KORKAR&#8230;I\u015eI\u011eI G\u00d6RMEK \u0130\u00c7\u0130N KARANLI\u011eA \u0130HT\u0130YACIMIZ OLDU\u011eUNU KE\u015eFEDERKEN, BETTY VE COSMO KEND\u0130 \u0130\u00c7LER\u0130NDE PARILDAYAN I\u015eI\u011eI VE KORKULARIYLA Y\u00dcZLE\u015eME CESARET\u0130N\u0130 BULUYORLAR.BU YOLCULUKTA KATIL ONLARA SEN DE!<\/p>\n","protected":false},"excerpt":{"rendered":"<p>KAR\u015eINDA BETTY VE COSMO!BETTY GECELER\u0130 SEVER \u00c7\u00dcNK\u00dc GECEN\u0130N GEL\u0130\u015e\u0130YLE EN S\u0130H\u0130RL\u0130 H\u0130K\u00c2YELER ORTAYA \u00c7IKAR.AMA AYI COSMO KARANLIKTAN KORKAR&#8230;I\u015eI\u011eI G\u00d6RMEK \u0130\u00c7\u0130N KARANLI\u011eA \u0130HT\u0130YACIMIZ OLDU\u011eUNU KE\u015eFEDERKEN, BETTY VE<span class=\"excerpt-hellip\"> [\u2026]<\/span><\/p>\n","protected":false},"featured_media":0,"template":"","meta":{"_monsterinsights_skip_tracking":false,"_monsterinsights_sitenote_active":false,"_monsterinsights_sitenote_note":"","_monsterinsights_sitenote_category":0},"product_brand":[],"product_cat":[12274,12284],"product_tag":[],"class_list":{"0":"post-755921","1":"product","2":"type-product","3":"status-publish","5":"product_cat-cocuk-ve-genclik-kitaplari","6":"product_cat-hikayeler","7":"pa_cilt-ciltsiz","8":"pa_tur-kitap","9":"pa_yayinevi-beta-kids","10":"pa_yazar-marie-voigt","12":"first","13":"instock","14":"sale","15":"shipping-taxable","16":"purchasable","17":"product-type-simple"},"_links":{"self":[{"href":"https:\/\/roveyayinevi.com.tr\/index.php\/wp-json\/wp\/v2\/product\/755921","targetHints":{"allow":["GET"]}}],"collection":[{"href":"https:\/\/roveyayinevi.com.tr\/index.php\/wp-json\/wp\/v2\/product"}],"about":[{"href":"https:\/\/roveyayinevi.com.tr\/index.php\/wp-json\/wp\/v2\/types\/product"}],"wp:attachment":[{"href":"https:\/\/roveyayinevi.com.tr\/index.php\/wp-json\/wp\/v2\/media?parent=755921"}],"wp:term":[{"taxonomy":"product_brand","embeddable":true,"href":"https:\/\/roveyayinevi.com.tr\/index.php\/wp-json\/wp\/v2\/product_brand?post=755921"},{"taxonomy":"product_cat","embeddable":true,"href":"https:\/\/roveyayinevi.com.tr\/index.php\/wp-json\/wp\/v2\/product_cat?post=755921"},{"taxonomy":"product_tag","embeddable":true,"href":"https:\/\/roveyayinevi.com.tr\/index.php\/wp-json\/wp\/v2\/product_tag?post=755921"}],"curies":[{"name":"wp","href":"https:\/\/api.w.org\/{rel}","templated":true}]}}