{"id":755919,"date":"2025-08-28T06:52:42","date_gmt":"2025-08-28T03:52:42","guid":{"rendered":"https:\/\/roveyayinevi.com.tr\/index.php\/urun\/benim-camimde\/"},"modified":"2026-04-16T03:08:55","modified_gmt":"2026-04-16T00:08:55","slug":"benim-camimde","status":"publish","type":"product","link":"https:\/\/roveyayinevi.com.tr\/index.php\/urun\/benim-camimde\/","title":{"rendered":"BEN\u0130M CAM\u0130MDE"},"content":{"rendered":"<p>Benim Camim, camilerin dostluk, topluluk ve sevginin merkezleri olarak oynad\u0131klar\u0131 rol\u00fc vurgulaman\u0131n yan\u0131 s\u0131ra, d\u00fcnya genelindeki tarihi camiler hakk\u0131nda bilgiler de i\u00e7erir. Ayn\u0131 zamanda ebeveyn ve e\u011fitimciler i\u00e7in d\u00fcnyam\u0131z\u0131 g\u00fczel ve \u00e7e\u015fitli k\u0131lan zengin gelenekler, k\u00fclt\u00fcrler, \u00e7e\u015fitlilik ve ho\u015fg\u00f6r\u00fc gibi \u00f6nemli konular\u0131 \u00e7ocuklarla konu\u015fmak i\u00e7in harika bir sohbet ba\u015flatma kayna\u011f\u0131d\u0131r.<\/p>\n","protected":false},"excerpt":{"rendered":"<p>Benim Camim, camilerin dostluk, topluluk ve sevginin merkezleri olarak oynad\u0131klar\u0131 rol\u00fc vurgulaman\u0131n yan\u0131 s\u0131ra, d\u00fcnya genelindeki tarihi camiler hakk\u0131nda bilgiler de i\u00e7erir. Ayn\u0131 zamanda ebeveyn ve<span class=\"excerpt-hellip\"> [\u2026]<\/span><\/p>\n","protected":false},"featured_media":0,"template":"","meta":{"_monsterinsights_skip_tracking":false,"_monsterinsights_sitenote_active":false,"_monsterinsights_sitenote_note":"","_monsterinsights_sitenote_category":0},"product_brand":[],"product_cat":[12274,12284],"product_tag":[],"class_list":{"0":"post-755919","1":"product","2":"type-product","3":"status-publish","5":"product_cat-cocuk-ve-genclik-kitaplari","6":"product_cat-hikayeler","7":"pa_cilt-ciltsiz","8":"pa_tur-kitap","9":"pa_yayinevi-beta-kids","10":"pa_yazar-m-o-yuksel","12":"first","13":"instock","14":"sale","15":"shipping-taxable","16":"purchasable","17":"product-type-simple"},"_links":{"self":[{"href":"https:\/\/roveyayinevi.com.tr\/index.php\/wp-json\/wp\/v2\/product\/755919","targetHints":{"allow":["GET"]}}],"collection":[{"href":"https:\/\/roveyayinevi.com.tr\/index.php\/wp-json\/wp\/v2\/product"}],"about":[{"href":"https:\/\/roveyayinevi.com.tr\/index.php\/wp-json\/wp\/v2\/types\/product"}],"wp:attachment":[{"href":"https:\/\/roveyayinevi.com.tr\/index.php\/wp-json\/wp\/v2\/media?parent=755919"}],"wp:term":[{"taxonomy":"product_brand","embeddable":true,"href":"https:\/\/roveyayinevi.com.tr\/index.php\/wp-json\/wp\/v2\/product_brand?post=755919"},{"taxonomy":"product_cat","embeddable":true,"href":"https:\/\/roveyayinevi.com.tr\/index.php\/wp-json\/wp\/v2\/product_cat?post=755919"},{"taxonomy":"product_tag","embeddable":true,"href":"https:\/\/roveyayinevi.com.tr\/index.php\/wp-json\/wp\/v2\/product_tag?post=755919"}],"curies":[{"name":"wp","href":"https:\/\/api.w.org\/{rel}","templated":true}]}}