{"id":755918,"date":"2025-08-28T06:52:40","date_gmt":"2025-08-28T03:52:40","guid":{"rendered":"https:\/\/roveyayinevi.com.tr\/index.php\/urun\/aceleci-tavsan-kos-kos\/"},"modified":"2026-04-16T03:08:55","modified_gmt":"2026-04-16T00:08:55","slug":"aceleci-tavsan-kos-kos","status":"publish","type":"product","link":"https:\/\/roveyayinevi.com.tr\/index.php\/urun\/aceleci-tavsan-kos-kos\/","title":{"rendered":"ACELEC\u0130 TAV\u015eAN KO\u015e KO\u015e"},"content":{"rendered":"<p>Yaban tav\u015fan\u0131 Koskos&#8217;un her zaman acelesi vard\u0131r. Durup sohbet etmeye bile zaman ay\u0131ramaz bir t\u00fcrl\u00fc. B\u00f6lgedeki g\u00f6letlerden birine do\u011fru ko\u015ftururken kendini suda bulur. Kaplumba\u011fa T\u0131mt\u0131m onu bal\u0131k gibi tutarak g\u00f6lden \u00e7\u0131kar\u0131nca, Koskos ya\u015fam \u015feklini de\u011fi\u015ftirmek zorunda kal\u0131r. Acaba hayat\u0131 yava\u015ftan alarak ya\u015famay\u0131 \u00f6\u011frenebilecek midir? Hep acele etti\u011finde ne kadar \u00e7ok \u015feyi ka\u00e7\u0131rabilece\u011fine, arkada\u015fl\u0131\u011fa, nezakete dair s\u0131ms\u0131cak ve komik bir hik\u00e2ye. \u00c7ok satan yazar Tim Knapman ile Suyu Sevmeyen Timsah &#8216;in yarat\u0131c\u0131s\u0131, \u00f6d\u00fcll\u00fc \u00e7izer Gemma Merino&#8217;dan.<\/p>\n","protected":false},"excerpt":{"rendered":"<p>Yaban tav\u015fan\u0131 Koskos&#8217;un her zaman acelesi vard\u0131r. Durup sohbet etmeye bile zaman ay\u0131ramaz bir t\u00fcrl\u00fc. B\u00f6lgedeki g\u00f6letlerden birine do\u011fru ko\u015ftururken kendini suda bulur. Kaplumba\u011fa T\u0131mt\u0131m onu<span class=\"excerpt-hellip\"> [\u2026]<\/span><\/p>\n","protected":false},"featured_media":0,"template":"","meta":{"_monsterinsights_skip_tracking":false,"_monsterinsights_sitenote_active":false,"_monsterinsights_sitenote_note":"","_monsterinsights_sitenote_category":0},"product_brand":[],"product_cat":[12274,12284],"product_tag":[],"class_list":{"0":"post-755918","1":"product","2":"type-product","3":"status-publish","5":"product_cat-cocuk-ve-genclik-kitaplari","6":"product_cat-hikayeler","7":"pa_cilt-ciltsiz","8":"pa_tur-kitap","9":"pa_yayinevi-beta-kids","10":"pa_yazar-gemma-merino","12":"first","13":"instock","14":"sale","15":"shipping-taxable","16":"purchasable","17":"product-type-simple"},"_links":{"self":[{"href":"https:\/\/roveyayinevi.com.tr\/index.php\/wp-json\/wp\/v2\/product\/755918","targetHints":{"allow":["GET"]}}],"collection":[{"href":"https:\/\/roveyayinevi.com.tr\/index.php\/wp-json\/wp\/v2\/product"}],"about":[{"href":"https:\/\/roveyayinevi.com.tr\/index.php\/wp-json\/wp\/v2\/types\/product"}],"wp:attachment":[{"href":"https:\/\/roveyayinevi.com.tr\/index.php\/wp-json\/wp\/v2\/media?parent=755918"}],"wp:term":[{"taxonomy":"product_brand","embeddable":true,"href":"https:\/\/roveyayinevi.com.tr\/index.php\/wp-json\/wp\/v2\/product_brand?post=755918"},{"taxonomy":"product_cat","embeddable":true,"href":"https:\/\/roveyayinevi.com.tr\/index.php\/wp-json\/wp\/v2\/product_cat?post=755918"},{"taxonomy":"product_tag","embeddable":true,"href":"https:\/\/roveyayinevi.com.tr\/index.php\/wp-json\/wp\/v2\/product_tag?post=755918"}],"curies":[{"name":"wp","href":"https:\/\/api.w.org\/{rel}","templated":true}]}}