{"id":755911,"date":"2025-08-28T06:52:30","date_gmt":"2025-08-28T03:52:30","guid":{"rendered":"https:\/\/roveyayinevi.com.tr\/index.php\/urun\/ejderhayla-ucan-cocuk\/"},"modified":"2026-04-16T03:08:55","modified_gmt":"2026-04-16T00:08:55","slug":"ejderhayla-ucan-cocuk","status":"publish","type":"product","link":"https:\/\/roveyayinevi.com.tr\/index.php\/urun\/ejderhayla-ucan-cocuk\/","title":{"rendered":"EJDERHAYLA U\u00c7AN \u00c7OCUK"},"content":{"rendered":"<p>Beta Kids gururla sunar!T\u00fcm d\u00fcnyada b\u00fcy\u00fck ilgi g\u00f6ren ve \u00e7ok satanlar listesine giren Ejderhayla U\u00e7an \u00c7ocuk \u015fimdi T\u00fcr\u00e7e bask\u0131s\u0131yla okurlar\u0131yla bulu\u015fmay\u0131 bekliyor.Biz ejderha yeti\u015ftiririz; k\u0131rp\u0131\u015fan, donduran ve baz\u0131lar\u0131 g\u00f6kyu\u0308zu\u0308nu\u0308 ate\u015fle dolduran ejderhalar.\u0130zleyerek, bekleyerek ejder meyvesi a\u011fac\u0131m\u0131z\u0131n \u00e7evresine ba\u011fda\u015f kurup otururuz. Ama \u00f6nce sana s\u00f6ylemem gereken bir \u015fey var. Bu yu\u0308zden dinlemeye devam et, \u00e7u\u0308nku\u0308 henu\u0308z tu\u0308m \u00f6yku\u0308yu\u0308 duymad\u0131n ve duydu\u011funda bir ejderha yeti\u015ftirmek i\u00e7in kendini o kadar da hevesli hissetmeyebilirsin.<\/p>\n","protected":false},"excerpt":{"rendered":"<p>Beta Kids gururla sunar!T\u00fcm d\u00fcnyada b\u00fcy\u00fck ilgi g\u00f6ren ve \u00e7ok satanlar listesine giren Ejderhayla U\u00e7an \u00c7ocuk \u015fimdi T\u00fcr\u00e7e bask\u0131s\u0131yla okurlar\u0131yla bulu\u015fmay\u0131 bekliyor.Biz ejderha yeti\u015ftiririz; k\u0131rp\u0131\u015fan, donduran<span class=\"excerpt-hellip\"> [\u2026]<\/span><\/p>\n","protected":false},"featured_media":0,"template":"","meta":{"_monsterinsights_skip_tracking":false,"_monsterinsights_sitenote_active":false,"_monsterinsights_sitenote_note":"","_monsterinsights_sitenote_category":0},"product_brand":[],"product_cat":[12274,12284],"product_tag":[],"class_list":{"0":"post-755911","1":"product","2":"type-product","3":"status-publish","5":"product_cat-cocuk-ve-genclik-kitaplari","6":"product_cat-hikayeler","7":"pa_cilt-ciltsiz","8":"pa_tur-kitap","9":"pa_yayinevi-beta-kids","10":"pa_yazar-andy-shepherd","12":"first","13":"instock","14":"sale","15":"shipping-taxable","16":"purchasable","17":"product-type-simple"},"_links":{"self":[{"href":"https:\/\/roveyayinevi.com.tr\/index.php\/wp-json\/wp\/v2\/product\/755911","targetHints":{"allow":["GET"]}}],"collection":[{"href":"https:\/\/roveyayinevi.com.tr\/index.php\/wp-json\/wp\/v2\/product"}],"about":[{"href":"https:\/\/roveyayinevi.com.tr\/index.php\/wp-json\/wp\/v2\/types\/product"}],"wp:attachment":[{"href":"https:\/\/roveyayinevi.com.tr\/index.php\/wp-json\/wp\/v2\/media?parent=755911"}],"wp:term":[{"taxonomy":"product_brand","embeddable":true,"href":"https:\/\/roveyayinevi.com.tr\/index.php\/wp-json\/wp\/v2\/product_brand?post=755911"},{"taxonomy":"product_cat","embeddable":true,"href":"https:\/\/roveyayinevi.com.tr\/index.php\/wp-json\/wp\/v2\/product_cat?post=755911"},{"taxonomy":"product_tag","embeddable":true,"href":"https:\/\/roveyayinevi.com.tr\/index.php\/wp-json\/wp\/v2\/product_tag?post=755911"}],"curies":[{"name":"wp","href":"https:\/\/api.w.org\/{rel}","templated":true}]}}