{"id":755910,"date":"2025-08-28T06:52:28","date_gmt":"2025-08-28T03:52:28","guid":{"rendered":"https:\/\/roveyayinevi.com.tr\/index.php\/urun\/ejderha-yetistiren-cocuk\/"},"modified":"2026-04-16T03:08:55","modified_gmt":"2026-04-16T00:08:55","slug":"ejderha-yetistiren-cocuk","status":"publish","type":"product","link":"https:\/\/roveyayinevi.com.tr\/index.php\/urun\/ejderha-yetistiren-cocuk\/","title":{"rendered":"EJDERHA YET\u0130\u015eT\u0130REN \u00c7OCUK"},"content":{"rendered":"<p>\u201cEjderha Yeti\u015ftiren \u00c7ocuk s\u0131cac\u0131k, e\u011flence dolu bir kitapt\u0131r.\u201d- New York Times Book Review\u201cEn sevdi\u011fim t\u00fcrden bir kitap &#8211; s\u0131cak, e\u011flenceli ve duygu y\u00fckl\u00fc.\u201d-  Polly FaberBiz ejderha yeti\u015ftiriyoruz.Tahmin etti\u011finiz gibi,ejderhalar insan\u0131n ba\u015f\u0131na salatal\u0131klardan daha \u00e7oki\u015f a\u00e7\u0131yorlar. Baban\u0131z\u0131n yulaf ezmesinin i\u00e7ine kaka yap\u0131yor, kedinizi koval\u0131yor, hatta di\u015f f\u0131r\u00e7an\u0131z\u0131 tutu\u015fturuveriyorlar! Ama size onlar\u0131n ba\u015fka bir \u00f6zelli\u011finden bahsedeyim: Ta kalbinizin i\u00e7ini g\u00f6rebilen par\u0131l par\u0131l g\u00f6zleri ve kula\u011f\u0131n\u0131z\u0131 g\u0131d\u0131klayan, s\u0131cac\u0131k nefesleri var&#8230;Bu arada ejderhan\u0131z\u0131bir s\u0131r gibi saklasan\u0131ziyi edersiniz, \u00e7\u00fcnk\u00fckim kendine aitbir ejderhaistemez ki?<\/p>\n","protected":false},"excerpt":{"rendered":"<p>\u201cEjderha Yeti\u015ftiren \u00c7ocuk s\u0131cac\u0131k, e\u011flence dolu bir kitapt\u0131r.\u201d- New York Times Book Review\u201cEn sevdi\u011fim t\u00fcrden bir kitap &#8211; s\u0131cak, e\u011flenceli ve duygu y\u00fckl\u00fc.\u201d- Polly FaberBiz ejderha<span class=\"excerpt-hellip\"> [\u2026]<\/span><\/p>\n","protected":false},"featured_media":0,"template":"","meta":{"_monsterinsights_skip_tracking":false,"_monsterinsights_sitenote_active":false,"_monsterinsights_sitenote_note":"","_monsterinsights_sitenote_category":0},"product_brand":[],"product_cat":[12274,12284],"product_tag":[],"class_list":{"0":"post-755910","1":"product","2":"type-product","3":"status-publish","5":"product_cat-cocuk-ve-genclik-kitaplari","6":"product_cat-hikayeler","7":"pa_cilt-ciltsiz","8":"pa_tur-kitap","9":"pa_yayinevi-beta-kids","10":"pa_yazar-andy-shepherd","12":"first","13":"instock","14":"sale","15":"shipping-taxable","16":"purchasable","17":"product-type-simple"},"_links":{"self":[{"href":"https:\/\/roveyayinevi.com.tr\/index.php\/wp-json\/wp\/v2\/product\/755910","targetHints":{"allow":["GET"]}}],"collection":[{"href":"https:\/\/roveyayinevi.com.tr\/index.php\/wp-json\/wp\/v2\/product"}],"about":[{"href":"https:\/\/roveyayinevi.com.tr\/index.php\/wp-json\/wp\/v2\/types\/product"}],"wp:attachment":[{"href":"https:\/\/roveyayinevi.com.tr\/index.php\/wp-json\/wp\/v2\/media?parent=755910"}],"wp:term":[{"taxonomy":"product_brand","embeddable":true,"href":"https:\/\/roveyayinevi.com.tr\/index.php\/wp-json\/wp\/v2\/product_brand?post=755910"},{"taxonomy":"product_cat","embeddable":true,"href":"https:\/\/roveyayinevi.com.tr\/index.php\/wp-json\/wp\/v2\/product_cat?post=755910"},{"taxonomy":"product_tag","embeddable":true,"href":"https:\/\/roveyayinevi.com.tr\/index.php\/wp-json\/wp\/v2\/product_tag?post=755910"}],"curies":[{"name":"wp","href":"https:\/\/api.w.org\/{rel}","templated":true}]}}