{"id":755884,"date":"2025-08-28T06:51:49","date_gmt":"2025-08-28T03:51:49","guid":{"rendered":"https:\/\/roveyayinevi.com.tr\/index.php\/urun\/dunyadaki-noktani-bulmak-cesitlilik-uzerine-bir-hikaye\/"},"modified":"2026-04-16T03:08:55","modified_gmt":"2026-04-16T00:08:55","slug":"dunyadaki-noktani-bulmak-cesitlilik-uzerine-bir-hikaye","status":"publish","type":"product","link":"https:\/\/roveyayinevi.com.tr\/index.php\/urun\/dunyadaki-noktani-bulmak-cesitlilik-uzerine-bir-hikaye\/","title":{"rendered":"D\u00dcNYADAK\u0130  NOKTANI BULMAK \u00e7e\u015fitlilik \u00fczerine bir hikaye"},"content":{"rendered":"<p>\u0130nsanlar bizi hangi \u00f6zelliklerimizle tan\u0131r? Sayg\u0131l\u0131 ve du\u0308ru\u0308st olmam\u0131zla m\u0131? Du\u0308zenli ve sorumluluk sahibi olmam\u0131zla m\u0131? Bizi di\u011fer insanlardan ay\u0131ran ve ayn\u0131 zamanda onlarla uyum i\u00e7erisinde ya\u015famam\u0131z\u0131 sa\u011flayan baz\u0131 \u00f6zelliklerimiz vard\u0131r. Bu \u00f6zelliklerimizle ya\u015fad\u0131\u011f\u0131m\u0131z toplumda yer edinir; do\u011fru tercihler yapt\u0131\u011f\u0131m\u0131zda sayg\u0131 g\u00f6ru\u0308r, sevgiyle kucaklan\u0131l\u0131r\u0131z.\u201cDaha \u0130yi Bir SEN \u0130\u00e7in!\u201d serisindeki hik\u00e2yeler, insan \u00f6zelliklerini \u00e7ocuklara tan\u0131tmak amac\u0131yla olu\u015fturuldu. Her kitapta bu \u00f6zellikler, \u00f6rneklerle ele al\u0131n\u0131p anla\u015f\u0131l\u0131r ve gu\u0308nlu\u0308k hayattauygulanmas\u0131 kolay ba\u015f etme y\u00f6ntemleriyle a\u00e7\u0131klan\u0131yor. Sabr\u0131n\u0131z\u0131 nas\u0131l kontrol alt\u0131nda tutabilece\u011finizi \u00f6\u011frenmek ister misiniz? Haydi, Ku\u0308\u00e7u\u0308k Noktalar\u0131n e\u011flenceli du\u0308nyas\u0131na girin ve \u00f6zelliklerinizi ke\u015ffedin!<\/p>\n","protected":false},"excerpt":{"rendered":"<p>\u0130nsanlar bizi hangi \u00f6zelliklerimizle tan\u0131r? Sayg\u0131l\u0131 ve du\u0308ru\u0308st olmam\u0131zla m\u0131? Du\u0308zenli ve sorumluluk sahibi olmam\u0131zla m\u0131? Bizi di\u011fer insanlardan ay\u0131ran ve ayn\u0131 zamanda onlarla uyum i\u00e7erisinde<span class=\"excerpt-hellip\"> [\u2026]<\/span><\/p>\n","protected":false},"featured_media":0,"template":"","meta":{"_monsterinsights_skip_tracking":false,"_monsterinsights_sitenote_active":false,"_monsterinsights_sitenote_note":"","_monsterinsights_sitenote_category":0},"product_brand":[],"product_cat":[12274,12284],"product_tag":[],"class_list":{"0":"post-755884","1":"product","2":"type-product","3":"status-publish","5":"product_cat-cocuk-ve-genclik-kitaplari","6":"product_cat-hikayeler","7":"pa_cilt-ciltsiz","8":"pa_tur-kitap","9":"pa_yayinevi-beta-kids","10":"pa_yazar-diane-alber","12":"first","13":"instock","14":"sale","15":"shipping-taxable","16":"purchasable","17":"product-type-simple"},"_links":{"self":[{"href":"https:\/\/roveyayinevi.com.tr\/index.php\/wp-json\/wp\/v2\/product\/755884","targetHints":{"allow":["GET"]}}],"collection":[{"href":"https:\/\/roveyayinevi.com.tr\/index.php\/wp-json\/wp\/v2\/product"}],"about":[{"href":"https:\/\/roveyayinevi.com.tr\/index.php\/wp-json\/wp\/v2\/types\/product"}],"wp:attachment":[{"href":"https:\/\/roveyayinevi.com.tr\/index.php\/wp-json\/wp\/v2\/media?parent=755884"}],"wp:term":[{"taxonomy":"product_brand","embeddable":true,"href":"https:\/\/roveyayinevi.com.tr\/index.php\/wp-json\/wp\/v2\/product_brand?post=755884"},{"taxonomy":"product_cat","embeddable":true,"href":"https:\/\/roveyayinevi.com.tr\/index.php\/wp-json\/wp\/v2\/product_cat?post=755884"},{"taxonomy":"product_tag","embeddable":true,"href":"https:\/\/roveyayinevi.com.tr\/index.php\/wp-json\/wp\/v2\/product_tag?post=755884"}],"curies":[{"name":"wp","href":"https:\/\/api.w.org\/{rel}","templated":true}]}}