{"id":755881,"date":"2025-08-28T06:51:45","date_gmt":"2025-08-28T03:51:45","guid":{"rendered":"https:\/\/roveyayinevi.com.tr\/index.php\/urun\/aslancik-etkinlikler-ve-boyamalar\/"},"modified":"2026-04-16T03:08:55","modified_gmt":"2026-04-16T00:08:55","slug":"aslancik-etkinlikler-ve-boyamalar","status":"publish","type":"product","link":"https:\/\/roveyayinevi.com.tr\/index.php\/urun\/aslancik-etkinlikler-ve-boyamalar\/","title":{"rendered":"ASLANCIK- ETK\u0130NL\u0130KLER VE BOYAMALAR"},"content":{"rendered":"<p>Keyifli bulmacalar,sevimli boyamalar ve ne\u015feli oyunlarla hem el becerilerini geli\u015ftirir hemde harika zaman ge\u00e7ir. Tam 24 sayfa dolusu e\u011flence seni bekliyor.<\/p>\n","protected":false},"excerpt":{"rendered":"<p>Keyifli bulmacalar,sevimli boyamalar ve ne\u015feli oyunlarla hem el becerilerini geli\u015ftirir hemde harika zaman ge\u00e7ir. Tam 24 sayfa dolusu e\u011flence seni bekliyor.<\/p>\n","protected":false},"featured_media":0,"template":"","meta":{"_monsterinsights_skip_tracking":false,"_monsterinsights_sitenote_active":false,"_monsterinsights_sitenote_note":"","_monsterinsights_sitenote_category":0},"product_brand":[],"product_cat":[12644,12274],"product_tag":[],"class_list":{"0":"post-755881","1":"product","2":"type-product","3":"status-publish","5":"product_cat-boyama-kitaplari","6":"product_cat-cocuk-ve-genclik-kitaplari","7":"pa_cilt-ciltsiz","8":"pa_tur-kitap","9":"pa_yayinevi-beta-kids","10":"pa_yazar-adele-constant","12":"first","13":"instock","14":"sale","15":"shipping-taxable","16":"purchasable","17":"product-type-simple"},"_links":{"self":[{"href":"https:\/\/roveyayinevi.com.tr\/index.php\/wp-json\/wp\/v2\/product\/755881","targetHints":{"allow":["GET"]}}],"collection":[{"href":"https:\/\/roveyayinevi.com.tr\/index.php\/wp-json\/wp\/v2\/product"}],"about":[{"href":"https:\/\/roveyayinevi.com.tr\/index.php\/wp-json\/wp\/v2\/types\/product"}],"wp:attachment":[{"href":"https:\/\/roveyayinevi.com.tr\/index.php\/wp-json\/wp\/v2\/media?parent=755881"}],"wp:term":[{"taxonomy":"product_brand","embeddable":true,"href":"https:\/\/roveyayinevi.com.tr\/index.php\/wp-json\/wp\/v2\/product_brand?post=755881"},{"taxonomy":"product_cat","embeddable":true,"href":"https:\/\/roveyayinevi.com.tr\/index.php\/wp-json\/wp\/v2\/product_cat?post=755881"},{"taxonomy":"product_tag","embeddable":true,"href":"https:\/\/roveyayinevi.com.tr\/index.php\/wp-json\/wp\/v2\/product_tag?post=755881"}],"curies":[{"name":"wp","href":"https:\/\/api.w.org\/{rel}","templated":true}]}}