{"id":755878,"date":"2025-08-28T06:51:41","date_gmt":"2025-08-28T03:51:41","guid":{"rendered":"https:\/\/roveyayinevi.com.tr\/index.php\/urun\/harika-hayvanlar-cikartmali-aktivite-kitabi-sekiller\/"},"modified":"2026-04-16T03:08:54","modified_gmt":"2026-04-16T00:08:54","slug":"harika-hayvanlar-cikartmali-aktivite-kitabi-sekiller","status":"publish","type":"product","link":"https:\/\/roveyayinevi.com.tr\/index.php\/urun\/harika-hayvanlar-cikartmali-aktivite-kitabi-sekiller\/","title":{"rendered":"HAR\u0130KA HAYVANLAR \u00c7IKARTMALI AKT\u0130V\u0130TE K\u0130TABI \u015eekiller"},"content":{"rendered":"<p>Harika hayvanlar e\u015fli\u011finde \u015fekillerle tan\u0131\u015fmaya haz\u0131r m\u0131s\u0131n?\u00c7evrene bir bak, hangi \u015fekilleri g\u00f6r\u00fcyorsun? Evinizin kap\u0131s\u0131 dikd\u00f6rtgen seklinde mi? Yelkenli\u00fc\u00e7gen seklinde mi? Ya hulahopun hangi \u015fekilde?\u015eekiller her yerde! Bu kitaptaki birbirinden e\u011flenceli etkinliklerle geometrik \u015fekilleri ke\u015ffedeceksin.<\/p>\n","protected":false},"excerpt":{"rendered":"<p>Harika hayvanlar e\u015fli\u011finde \u015fekillerle tan\u0131\u015fmaya haz\u0131r m\u0131s\u0131n?\u00c7evrene bir bak, hangi \u015fekilleri g\u00f6r\u00fcyorsun? Evinizin kap\u0131s\u0131 dikd\u00f6rtgen seklinde mi? Yelkenli\u00fc\u00e7gen seklinde mi? Ya hulahopun hangi \u015fekilde?\u015eekiller her yerde!<span class=\"excerpt-hellip\"> [\u2026]<\/span><\/p>\n","protected":false},"featured_media":0,"template":"","meta":{"_monsterinsights_skip_tracking":false,"_monsterinsights_sitenote_active":false,"_monsterinsights_sitenote_note":"","_monsterinsights_sitenote_category":0},"product_brand":[],"product_cat":[12274,15842],"product_tag":[],"class_list":{"0":"post-755878","1":"product","2":"type-product","3":"status-publish","5":"product_cat-cocuk-ve-genclik-kitaplari","6":"product_cat-egitici-kitaplar","7":"pa_cilt-ciltsiz","8":"pa_tur-kitap","9":"pa_yayinevi-beta-kids","10":"pa_yazar-buket-kurt","12":"first","13":"instock","14":"sale","15":"shipping-taxable","16":"purchasable","17":"product-type-simple"},"_links":{"self":[{"href":"https:\/\/roveyayinevi.com.tr\/index.php\/wp-json\/wp\/v2\/product\/755878","targetHints":{"allow":["GET"]}}],"collection":[{"href":"https:\/\/roveyayinevi.com.tr\/index.php\/wp-json\/wp\/v2\/product"}],"about":[{"href":"https:\/\/roveyayinevi.com.tr\/index.php\/wp-json\/wp\/v2\/types\/product"}],"wp:attachment":[{"href":"https:\/\/roveyayinevi.com.tr\/index.php\/wp-json\/wp\/v2\/media?parent=755878"}],"wp:term":[{"taxonomy":"product_brand","embeddable":true,"href":"https:\/\/roveyayinevi.com.tr\/index.php\/wp-json\/wp\/v2\/product_brand?post=755878"},{"taxonomy":"product_cat","embeddable":true,"href":"https:\/\/roveyayinevi.com.tr\/index.php\/wp-json\/wp\/v2\/product_cat?post=755878"},{"taxonomy":"product_tag","embeddable":true,"href":"https:\/\/roveyayinevi.com.tr\/index.php\/wp-json\/wp\/v2\/product_tag?post=755878"}],"curies":[{"name":"wp","href":"https:\/\/api.w.org\/{rel}","templated":true}]}}