{"id":755876,"date":"2025-08-28T06:51:38","date_gmt":"2025-08-28T03:51:38","guid":{"rendered":"https:\/\/roveyayinevi.com.tr\/index.php\/urun\/ormanin-caliskan-canlilari-cikartmali-aktivite-kitabi-matematik-becerileri\/"},"modified":"2026-04-16T03:08:54","modified_gmt":"2026-04-16T00:08:54","slug":"ormanin-caliskan-canlilari-cikartmali-aktivite-kitabi-matematik-becerileri","status":"publish","type":"product","link":"https:\/\/roveyayinevi.com.tr\/index.php\/urun\/ormanin-caliskan-canlilari-cikartmali-aktivite-kitabi-matematik-becerileri\/","title":{"rendered":"ORMANIN \u00c7ALI\u015eKAN CANLILARI \u00c7IKARTMALI AKT\u0130V\u0130TE K\u0130TABI matematik Becerileri"},"content":{"rendered":"<p>\u00c7al\u0131\u015fkan hayvanlar e\u015fli\u011finde matematik egzersizleri yapmaya haz\u0131r m\u0131s\u0131n?Tembel Hayvan ve ailesi yeni evlerine ta\u015f\u0131n\u0131yorlar ancak Tembel Hayvan\u2019\u0131n yard\u0131ma ihtiyac\u0131 var. Odas\u0131n\u0131 toplarken ve yerle\u015ftirirken ona yard\u0131m eder misin?\u015eekiller ve say\u0131lar her yerde! Bu kitaptaki birbirinden e\u011flenceli etkinliklerle temel matematik becerilerini geli\u015ftireceksin.<\/p>\n","protected":false},"excerpt":{"rendered":"<p>\u00c7al\u0131\u015fkan hayvanlar e\u015fli\u011finde matematik egzersizleri yapmaya haz\u0131r m\u0131s\u0131n?Tembel Hayvan ve ailesi yeni evlerine ta\u015f\u0131n\u0131yorlar ancak Tembel Hayvan\u2019\u0131n yard\u0131ma ihtiyac\u0131 var. Odas\u0131n\u0131 toplarken ve yerle\u015ftirirken ona yard\u0131m<span class=\"excerpt-hellip\"> [\u2026]<\/span><\/p>\n","protected":false},"featured_media":0,"template":"","meta":{"_monsterinsights_skip_tracking":false,"_monsterinsights_sitenote_active":false,"_monsterinsights_sitenote_note":"","_monsterinsights_sitenote_category":0},"product_brand":[],"product_cat":[12274,15842],"product_tag":[],"class_list":{"0":"post-755876","1":"product","2":"type-product","3":"status-publish","5":"product_cat-cocuk-ve-genclik-kitaplari","6":"product_cat-egitici-kitaplar","7":"pa_cilt-ciltsiz","8":"pa_tur-kitap","9":"pa_yayinevi-beta-kids","10":"pa_yazar-buket-kurt","12":"first","13":"instock","14":"sale","15":"shipping-taxable","16":"purchasable","17":"product-type-simple"},"_links":{"self":[{"href":"https:\/\/roveyayinevi.com.tr\/index.php\/wp-json\/wp\/v2\/product\/755876","targetHints":{"allow":["GET"]}}],"collection":[{"href":"https:\/\/roveyayinevi.com.tr\/index.php\/wp-json\/wp\/v2\/product"}],"about":[{"href":"https:\/\/roveyayinevi.com.tr\/index.php\/wp-json\/wp\/v2\/types\/product"}],"wp:attachment":[{"href":"https:\/\/roveyayinevi.com.tr\/index.php\/wp-json\/wp\/v2\/media?parent=755876"}],"wp:term":[{"taxonomy":"product_brand","embeddable":true,"href":"https:\/\/roveyayinevi.com.tr\/index.php\/wp-json\/wp\/v2\/product_brand?post=755876"},{"taxonomy":"product_cat","embeddable":true,"href":"https:\/\/roveyayinevi.com.tr\/index.php\/wp-json\/wp\/v2\/product_cat?post=755876"},{"taxonomy":"product_tag","embeddable":true,"href":"https:\/\/roveyayinevi.com.tr\/index.php\/wp-json\/wp\/v2\/product_tag?post=755876"}],"curies":[{"name":"wp","href":"https:\/\/api.w.org\/{rel}","templated":true}]}}