{"id":755874,"date":"2025-08-28T06:51:35","date_gmt":"2025-08-28T03:51:35","guid":{"rendered":"https:\/\/roveyayinevi.com.tr\/index.php\/urun\/olaganustu-hayvanlar-cikartmali-aktivite-kitabi-okuma-yazma-becerileri\/"},"modified":"2026-04-16T03:08:54","modified_gmt":"2026-04-16T00:08:54","slug":"olaganustu-hayvanlar-cikartmali-aktivite-kitabi-okuma-yazma-becerileri","status":"publish","type":"product","link":"https:\/\/roveyayinevi.com.tr\/index.php\/urun\/olaganustu-hayvanlar-cikartmali-aktivite-kitabi-okuma-yazma-becerileri\/","title":{"rendered":"OLA\u011eAN\u00dcST\u00dc HAYVANLAR \u00c7IKARTMALI AKT\u0130V\u0130TE K\u0130TABI Okuma yazma becerileri"},"content":{"rendered":"<p>Ola\u011fan\u00fcst\u00fc hayvanlar e\u015fli\u011finde okuma-yazma becerilerini geli\u015ftirmeye ne dersin?Bu kitaptaki birbirinden e\u011flenceli; e\u015fle\u015ftirme, s\u0131ralama, s\u00f6zc\u00fck t\u00fcretme, bilmece, bulmaca, metin okuma ve yazma etkinlikleriyle okulda \u00f6\u011frendiklerini peki\u015ftirerek okuma ve yazma becerilerini geli\u015ftireceksin.<\/p>\n","protected":false},"excerpt":{"rendered":"<p>Ola\u011fan\u00fcst\u00fc hayvanlar e\u015fli\u011finde okuma-yazma becerilerini geli\u015ftirmeye ne dersin?Bu kitaptaki birbirinden e\u011flenceli; e\u015fle\u015ftirme, s\u0131ralama, s\u00f6zc\u00fck t\u00fcretme, bilmece, bulmaca, metin okuma ve yazma etkinlikleriyle okulda \u00f6\u011frendiklerini peki\u015ftirerek okuma<span class=\"excerpt-hellip\"> [\u2026]<\/span><\/p>\n","protected":false},"featured_media":0,"template":"","meta":{"_monsterinsights_skip_tracking":false,"_monsterinsights_sitenote_active":false,"_monsterinsights_sitenote_note":"","_monsterinsights_sitenote_category":0},"product_brand":[],"product_cat":[12274,15842],"product_tag":[],"class_list":{"0":"post-755874","1":"product","2":"type-product","3":"status-publish","5":"product_cat-cocuk-ve-genclik-kitaplari","6":"product_cat-egitici-kitaplar","7":"pa_cilt-ciltsiz","8":"pa_tur-kitap","9":"pa_yayinevi-beta-kids","10":"pa_yazar-buket-kurt","12":"first","13":"instock","14":"sale","15":"shipping-taxable","16":"purchasable","17":"product-type-simple"},"_links":{"self":[{"href":"https:\/\/roveyayinevi.com.tr\/index.php\/wp-json\/wp\/v2\/product\/755874","targetHints":{"allow":["GET"]}}],"collection":[{"href":"https:\/\/roveyayinevi.com.tr\/index.php\/wp-json\/wp\/v2\/product"}],"about":[{"href":"https:\/\/roveyayinevi.com.tr\/index.php\/wp-json\/wp\/v2\/types\/product"}],"wp:attachment":[{"href":"https:\/\/roveyayinevi.com.tr\/index.php\/wp-json\/wp\/v2\/media?parent=755874"}],"wp:term":[{"taxonomy":"product_brand","embeddable":true,"href":"https:\/\/roveyayinevi.com.tr\/index.php\/wp-json\/wp\/v2\/product_brand?post=755874"},{"taxonomy":"product_cat","embeddable":true,"href":"https:\/\/roveyayinevi.com.tr\/index.php\/wp-json\/wp\/v2\/product_cat?post=755874"},{"taxonomy":"product_tag","embeddable":true,"href":"https:\/\/roveyayinevi.com.tr\/index.php\/wp-json\/wp\/v2\/product_tag?post=755874"}],"curies":[{"name":"wp","href":"https:\/\/api.w.org\/{rel}","templated":true}]}}