{"id":755872,"date":"2025-08-28T06:51:32","date_gmt":"2025-08-28T03:51:32","guid":{"rendered":"https:\/\/roveyayinevi.com.tr\/index.php\/urun\/sevimli-hayvanlar-cikartmali-aktivite-kitabi-sayilar-sayma-becerileri\/"},"modified":"2026-04-16T03:08:54","modified_gmt":"2026-04-16T00:08:54","slug":"sevimli-hayvanlar-cikartmali-aktivite-kitabi-sayilar-sayma-becerileri","status":"publish","type":"product","link":"https:\/\/roveyayinevi.com.tr\/index.php\/urun\/sevimli-hayvanlar-cikartmali-aktivite-kitabi-sayilar-sayma-becerileri\/","title":{"rendered":"SEV\u0130ML\u0130 HAYVANLAR \u00c7IKARTMALI AKT\u0130V\u0130TE K\u0130TABI Say\u0131lar sayma becerileri"},"content":{"rendered":"<p>Sevimli hayvanlar e\u015fli\u011finde say\u0131larla tan\u0131\u015fmaya haz\u0131r m\u0131s\u0131n?Ka\u00e7 yas\u0131ndas\u0131n? Bir elinde ka\u00e7 parmak var? Ya ka\u00e7 tane oyunca\u011f\u0131n oldu\u011funu biliyor musun?Matematik her yerde! Bu kitaptaki birbirinden e\u011flenceli etkinliklerle say\u0131lar\u0131 \u00f6\u011frenecek vesayma becerini geli\u015ftireceksin.<\/p>\n","protected":false},"excerpt":{"rendered":"<p>Sevimli hayvanlar e\u015fli\u011finde say\u0131larla tan\u0131\u015fmaya haz\u0131r m\u0131s\u0131n?Ka\u00e7 yas\u0131ndas\u0131n? Bir elinde ka\u00e7 parmak var? Ya ka\u00e7 tane oyunca\u011f\u0131n oldu\u011funu biliyor musun?Matematik her yerde! Bu kitaptaki birbirinden e\u011flenceli<span class=\"excerpt-hellip\"> [\u2026]<\/span><\/p>\n","protected":false},"featured_media":0,"template":"","meta":{"_monsterinsights_skip_tracking":false,"_monsterinsights_sitenote_active":false,"_monsterinsights_sitenote_note":"","_monsterinsights_sitenote_category":0},"product_brand":[],"product_cat":[12274,15842],"product_tag":[],"class_list":{"0":"post-755872","1":"product","2":"type-product","3":"status-publish","5":"product_cat-cocuk-ve-genclik-kitaplari","6":"product_cat-egitici-kitaplar","7":"pa_cilt-ciltsiz","8":"pa_tur-kitap","9":"pa_yayinevi-beta-kids","10":"pa_yazar-buket-kurt","12":"first","13":"instock","14":"sale","15":"shipping-taxable","16":"purchasable","17":"product-type-simple"},"_links":{"self":[{"href":"https:\/\/roveyayinevi.com.tr\/index.php\/wp-json\/wp\/v2\/product\/755872","targetHints":{"allow":["GET"]}}],"collection":[{"href":"https:\/\/roveyayinevi.com.tr\/index.php\/wp-json\/wp\/v2\/product"}],"about":[{"href":"https:\/\/roveyayinevi.com.tr\/index.php\/wp-json\/wp\/v2\/types\/product"}],"wp:attachment":[{"href":"https:\/\/roveyayinevi.com.tr\/index.php\/wp-json\/wp\/v2\/media?parent=755872"}],"wp:term":[{"taxonomy":"product_brand","embeddable":true,"href":"https:\/\/roveyayinevi.com.tr\/index.php\/wp-json\/wp\/v2\/product_brand?post=755872"},{"taxonomy":"product_cat","embeddable":true,"href":"https:\/\/roveyayinevi.com.tr\/index.php\/wp-json\/wp\/v2\/product_cat?post=755872"},{"taxonomy":"product_tag","embeddable":true,"href":"https:\/\/roveyayinevi.com.tr\/index.php\/wp-json\/wp\/v2\/product_tag?post=755872"}],"curies":[{"name":"wp","href":"https:\/\/api.w.org\/{rel}","templated":true}]}}