{"id":755871,"date":"2025-08-28T06:51:31","date_gmt":"2025-08-28T03:51:31","guid":{"rendered":"https:\/\/roveyayinevi.com.tr\/index.php\/urun\/guclu-hayvanlar-cikartmali-aktivite-kitabi-dusunme-becerileri\/"},"modified":"2026-04-16T03:08:54","modified_gmt":"2026-04-16T00:08:54","slug":"guclu-hayvanlar-cikartmali-aktivite-kitabi-dusunme-becerileri","status":"publish","type":"product","link":"https:\/\/roveyayinevi.com.tr\/index.php\/urun\/guclu-hayvanlar-cikartmali-aktivite-kitabi-dusunme-becerileri\/","title":{"rendered":"G\u00dc\u00c7L\u00dc HAYVANLAR \u00c7IKARTMALI AKT\u0130V\u0130TE K\u0130TABI D\u00fc\u015f\u00fcnme Becerileri"},"content":{"rendered":"<p>G\u00fc\u00e7l\u00fc hayvanlar e\u015fli\u011finde d\u00fc\u015f\u00fcnme becerilerini geli\u015ftirmeye ne dersin?Bu kitaptaki birbirinden e\u011flenceli; dikkat, s\u0131n\u0131flama, e\u015fle\u015ftirme, benze\u015fim, ard\u0131ll\u0131k ve s\u0131ralama etkinlikleriyle okulda \u00f6\u011frendiklerini peki\u015ftirerek d\u00fc\u015f\u00fcnme becerilerini geli\u015ftireceksin.<\/p>\n","protected":false},"excerpt":{"rendered":"<p>G\u00fc\u00e7l\u00fc hayvanlar e\u015fli\u011finde d\u00fc\u015f\u00fcnme becerilerini geli\u015ftirmeye ne dersin?Bu kitaptaki birbirinden e\u011flenceli; dikkat, s\u0131n\u0131flama, e\u015fle\u015ftirme, benze\u015fim, ard\u0131ll\u0131k ve s\u0131ralama etkinlikleriyle okulda \u00f6\u011frendiklerini peki\u015ftirerek d\u00fc\u015f\u00fcnme becerilerini geli\u015ftireceksin.<\/p>\n","protected":false},"featured_media":0,"template":"","meta":{"_monsterinsights_skip_tracking":false,"_monsterinsights_sitenote_active":false,"_monsterinsights_sitenote_note":"","_monsterinsights_sitenote_category":0},"product_brand":[],"product_cat":[12274,15842],"product_tag":[],"class_list":{"0":"post-755871","1":"product","2":"type-product","3":"status-publish","5":"product_cat-cocuk-ve-genclik-kitaplari","6":"product_cat-egitici-kitaplar","7":"pa_cilt-ciltsiz","8":"pa_tur-kitap","9":"pa_yayinevi-beta-kids","10":"pa_yazar-buket-kurt","12":"first","13":"instock","14":"sale","15":"shipping-taxable","16":"purchasable","17":"product-type-simple"},"_links":{"self":[{"href":"https:\/\/roveyayinevi.com.tr\/index.php\/wp-json\/wp\/v2\/product\/755871","targetHints":{"allow":["GET"]}}],"collection":[{"href":"https:\/\/roveyayinevi.com.tr\/index.php\/wp-json\/wp\/v2\/product"}],"about":[{"href":"https:\/\/roveyayinevi.com.tr\/index.php\/wp-json\/wp\/v2\/types\/product"}],"wp:attachment":[{"href":"https:\/\/roveyayinevi.com.tr\/index.php\/wp-json\/wp\/v2\/media?parent=755871"}],"wp:term":[{"taxonomy":"product_brand","embeddable":true,"href":"https:\/\/roveyayinevi.com.tr\/index.php\/wp-json\/wp\/v2\/product_brand?post=755871"},{"taxonomy":"product_cat","embeddable":true,"href":"https:\/\/roveyayinevi.com.tr\/index.php\/wp-json\/wp\/v2\/product_cat?post=755871"},{"taxonomy":"product_tag","embeddable":true,"href":"https:\/\/roveyayinevi.com.tr\/index.php\/wp-json\/wp\/v2\/product_tag?post=755871"}],"curies":[{"name":"wp","href":"https:\/\/api.w.org\/{rel}","templated":true}]}}