{"id":755870,"date":"2025-08-28T06:51:29","date_gmt":"2025-08-28T03:51:29","guid":{"rendered":"https:\/\/roveyayinevi.com.tr\/index.php\/urun\/orman-ozgur-canlilari-cikartmali-aktivite-kitabi-sayilara-sayma-becerileri\/"},"modified":"2026-04-16T03:08:54","modified_gmt":"2026-04-16T00:08:54","slug":"orman-ozgur-canlilari-cikartmali-aktivite-kitabi-sayilara-sayma-becerileri","status":"publish","type":"product","link":"https:\/\/roveyayinevi.com.tr\/index.php\/urun\/orman-ozgur-canlilari-cikartmali-aktivite-kitabi-sayilara-sayma-becerileri\/","title":{"rendered":"ORMAN \u00d6ZG\u00dcR CANLILARI \u00c7IKARTMALI AKT\u0130V\u0130TE K\u0130TABI Say\u0131lara Sayma Becerileri"},"content":{"rendered":"<p>\u00d6zg\u00fcr hayvanlar e\u015fli\u011finde matematik becerilerini geli\u015ftirmeye haz\u0131r m\u0131s\u0131n?Buzdolab\u0131n\u0131zdaki meyveleri sayabilir misin? Nesneleri nas\u0131l toplar\u0131z? Sudoku nas\u0131l oynan\u0131r?Matematik her yerde! Bu kitaptaki birbirinden e\u011flenceli etkinliklerle say\u0131lar\u0131n d\u00fcnyas\u0131n\u0131ke\u015ffedecek ve sayma becerini geli\u015ftireceksin.<\/p>\n","protected":false},"excerpt":{"rendered":"<p>\u00d6zg\u00fcr hayvanlar e\u015fli\u011finde matematik becerilerini geli\u015ftirmeye haz\u0131r m\u0131s\u0131n?Buzdolab\u0131n\u0131zdaki meyveleri sayabilir misin? Nesneleri nas\u0131l toplar\u0131z? Sudoku nas\u0131l oynan\u0131r?Matematik her yerde! Bu kitaptaki birbirinden e\u011flenceli etkinliklerle say\u0131lar\u0131n d\u00fcnyas\u0131n\u0131ke\u015ffedecek<span class=\"excerpt-hellip\"> [\u2026]<\/span><\/p>\n","protected":false},"featured_media":0,"template":"","meta":{"_monsterinsights_skip_tracking":false,"_monsterinsights_sitenote_active":false,"_monsterinsights_sitenote_note":"","_monsterinsights_sitenote_category":0},"product_brand":[],"product_cat":[12274,12518],"product_tag":[],"class_list":{"0":"post-755870","1":"product","2":"type-product","3":"status-publish","5":"product_cat-cocuk-ve-genclik-kitaplari","6":"product_cat-okul-oncesi-kitaplar","7":"pa_cilt-ciltsiz","8":"pa_tur-kitap","9":"pa_yayinevi-beta-kids","10":"pa_yazar-buket-kurt","12":"first","13":"instock","14":"sale","15":"shipping-taxable","16":"purchasable","17":"product-type-simple"},"_links":{"self":[{"href":"https:\/\/roveyayinevi.com.tr\/index.php\/wp-json\/wp\/v2\/product\/755870","targetHints":{"allow":["GET"]}}],"collection":[{"href":"https:\/\/roveyayinevi.com.tr\/index.php\/wp-json\/wp\/v2\/product"}],"about":[{"href":"https:\/\/roveyayinevi.com.tr\/index.php\/wp-json\/wp\/v2\/types\/product"}],"wp:attachment":[{"href":"https:\/\/roveyayinevi.com.tr\/index.php\/wp-json\/wp\/v2\/media?parent=755870"}],"wp:term":[{"taxonomy":"product_brand","embeddable":true,"href":"https:\/\/roveyayinevi.com.tr\/index.php\/wp-json\/wp\/v2\/product_brand?post=755870"},{"taxonomy":"product_cat","embeddable":true,"href":"https:\/\/roveyayinevi.com.tr\/index.php\/wp-json\/wp\/v2\/product_cat?post=755870"},{"taxonomy":"product_tag","embeddable":true,"href":"https:\/\/roveyayinevi.com.tr\/index.php\/wp-json\/wp\/v2\/product_tag?post=755870"}],"curies":[{"name":"wp","href":"https:\/\/api.w.org\/{rel}","templated":true}]}}