{"id":755865,"date":"2025-08-28T06:51:22","date_gmt":"2025-08-28T03:51:22","guid":{"rendered":"https:\/\/roveyayinevi.com.tr\/index.php\/urun\/filozof-dedemle-felsefe-seruvenlerim-mitoloji-uzerine\/"},"modified":"2026-04-16T03:08:54","modified_gmt":"2026-04-16T00:08:54","slug":"filozof-dedemle-felsefe-seruvenlerim-mitoloji-uzerine","status":"publish","type":"product","link":"https:\/\/roveyayinevi.com.tr\/index.php\/urun\/filozof-dedemle-felsefe-seruvenlerim-mitoloji-uzerine\/","title":{"rendered":"F\u0130LOZOF DEDEMLE FELSEFE SER\u00dcVENLER\u0130M M\u0130TOLOJ\u0130 \u00dcZER\u0130NE"},"content":{"rendered":"<p>Karnesini heyecanla alan \u00c7ocuk, g\u00f6rmek i\u00e7in g\u00fcn sayd\u0131\u011f\u0131 dedesine ve ba\u015flamas\u0131n\u0131 iple \u00e7ekti\u011fi felsefe derslerine nihayet kavu\u015fur. Dedesiyle yapt\u0131\u011f\u0131 ilk \u201ckamp\u201d unutulmaz olacakt\u0131r. \u00d6nce zaman ve ger\u00e7eklik \u00fczerine d\u00fc\u015f\u00fcnerek ba\u015flayaca\u011f\u0131 bu yolculuk, ayak bast\u0131\u011f\u0131 co\u011frafyan\u0131n b\u00fcy\u00fcs\u00fcne kap\u0131ld\u0131k\u00e7a onu mitolojik hik\u00e2yeler \u00fczerine d\u00fc\u015f\u00fcnd\u00fcr\u00fcr. Bir yandan da duygular\u0131n, hayallerin, y\u0131ld\u0131zlar ve gezegenlerin, merak etmenin insanl\u0131k tarihi a\u00e7\u0131s\u0131ndan ne kadar \u00f6nemli oldu\u011funu hayretle ke\u015ffeder. \u00c7ocuk, merakla \u00e7\u0131kt\u0131\u011f\u0131 bu yolculu\u011fun sand\u0131\u011f\u0131ndan daha uzun s\u00fcrecek bir yolculuk oldu\u011funu heyecanla fark edecektir.<\/p>\n","protected":false},"excerpt":{"rendered":"<p>Karnesini heyecanla alan \u00c7ocuk, g\u00f6rmek i\u00e7in g\u00fcn sayd\u0131\u011f\u0131 dedesine ve ba\u015flamas\u0131n\u0131 iple \u00e7ekti\u011fi felsefe derslerine nihayet kavu\u015fur. Dedesiyle yapt\u0131\u011f\u0131 ilk \u201ckamp\u201d unutulmaz olacakt\u0131r. \u00d6nce zaman ve<span class=\"excerpt-hellip\"> [\u2026]<\/span><\/p>\n","protected":false},"featured_media":0,"template":"","meta":{"_monsterinsights_skip_tracking":false,"_monsterinsights_sitenote_active":false,"_monsterinsights_sitenote_note":"","_monsterinsights_sitenote_category":0},"product_brand":[],"product_cat":[12274,12284],"product_tag":[],"class_list":{"0":"post-755865","1":"product","2":"type-product","3":"status-publish","5":"product_cat-cocuk-ve-genclik-kitaplari","6":"product_cat-hikayeler","7":"pa_cilt-ciltsiz","8":"pa_tur-kitap","9":"pa_yayinevi-beta-kids","10":"pa_yazar-buket-kurt","12":"first","13":"instock","14":"sale","15":"shipping-taxable","16":"purchasable","17":"product-type-simple"},"_links":{"self":[{"href":"https:\/\/roveyayinevi.com.tr\/index.php\/wp-json\/wp\/v2\/product\/755865","targetHints":{"allow":["GET"]}}],"collection":[{"href":"https:\/\/roveyayinevi.com.tr\/index.php\/wp-json\/wp\/v2\/product"}],"about":[{"href":"https:\/\/roveyayinevi.com.tr\/index.php\/wp-json\/wp\/v2\/types\/product"}],"wp:attachment":[{"href":"https:\/\/roveyayinevi.com.tr\/index.php\/wp-json\/wp\/v2\/media?parent=755865"}],"wp:term":[{"taxonomy":"product_brand","embeddable":true,"href":"https:\/\/roveyayinevi.com.tr\/index.php\/wp-json\/wp\/v2\/product_brand?post=755865"},{"taxonomy":"product_cat","embeddable":true,"href":"https:\/\/roveyayinevi.com.tr\/index.php\/wp-json\/wp\/v2\/product_cat?post=755865"},{"taxonomy":"product_tag","embeddable":true,"href":"https:\/\/roveyayinevi.com.tr\/index.php\/wp-json\/wp\/v2\/product_tag?post=755865"}],"curies":[{"name":"wp","href":"https:\/\/api.w.org\/{rel}","templated":true}]}}